{"id":40272,"date":"2021-02-21T16:45:42","date_gmt":"2021-02-21T16:45:42","guid":{"rendered":"https:\/\/www.autonvaraosahaku.fi\/?product=valeo-509918-ohjainlaite-lammitys-tuuletus"},"modified":"2021-02-21T16:45:45","modified_gmt":"2021-02-21T16:45:45","slug":"valeo-509918-ohjainlaite-lammitys-tuuletus","status":"publish","type":"product","link":"https:\/\/www.autonvaraosahaku.fi\/?product=valeo-509918-ohjainlaite-lammitys-tuuletus","title":{"rendered":"VALEO 509918 Ohjainlaite l\u00e4mmitys tuuletus"},"content":{"rendered":"<p>Varusteet: Autoihin, joissa ilmastointi; K\u00e4ytt\u00f6: Elektroninen; Paino [kg]: 0,18; CITRO\u00cbN: C4 II B7,DS4; PEUGEOT: 207 WA_, WC_,207 CC WD_,207 SW WK_,208,2008,207 Van,208 Kasten; 6441AF, 6441AF; S\u00e4\u00e4t\u00f6elementti Ilmastointilaite,S\u00e4\u00e4t\u00f6elementti L\u00e4mmitys Tuuletus<\/p>\n","protected":false},"excerpt":{"rendered":"<p>VALEO Ohjainlaite L\u00e4mmitys Tuuletus 509918 S\u00e4\u00e4t\u00f6elementti Ilmastointilaite,S\u00e4\u00e4t\u00f6elementti L\u00e4mmitys Tuuletus CITRO\u00cbN,PEUGEOT,C4 II B7,DS4,207 WA_, WC_<\/p>\n","protected":false},"featured_media":0,"template":"","meta":{"site-sidebar-layout":"default","site-content-layout":"default","ast-global-header-display":"","ast-main-header-display":"","ast-hfb-above-header-display":"","ast-hfb-below-header-display":"","ast-hfb-mobile-header-display":"","site-post-title":"","ast-breadcrumbs-content":"","ast-featured-img":"","footer-sml-layout":"","theme-transparent-header-meta":"","adv-header-id-meta":"","stick-header-meta":"","header-above-stick-meta":"","header-main-stick-meta":"","header-below-stick-meta":""},"pwb-brand":[28],"product_cat":[262],"product_tag":[],"class_list":{"0":"post-40272","1":"product","2":"type-product","3":"status-publish","5":"pwb-brand-valeo","6":"product_cat-ohjainlaite-lammitys-tuuletus","7":"desktop-align-left","8":"tablet-align-left","9":"mobile-align-left","11":"first","12":"instock","13":"product-type-external"},"brands":[{"id":28,"name":"VALEO","slug":"valeo"}],"_links":{"self":[{"href":"https:\/\/www.autonvaraosahaku.fi\/index.php?rest_route=\/wp\/v2\/product\/40272","targetHints":{"allow":["GET"]}}],"collection":[{"href":"https:\/\/www.autonvaraosahaku.fi\/index.php?rest_route=\/wp\/v2\/product"}],"about":[{"href":"https:\/\/www.autonvaraosahaku.fi\/index.php?rest_route=\/wp\/v2\/types\/product"}],"wp:attachment":[{"href":"https:\/\/www.autonvaraosahaku.fi\/index.php?rest_route=%2Fwp%2Fv2%2Fmedia&parent=40272"}],"wp:term":[{"taxonomy":"pwb-brand","embeddable":true,"href":"https:\/\/www.autonvaraosahaku.fi\/index.php?rest_route=%2Fwp%2Fv2%2Fpwb-brand&post=40272"},{"taxonomy":"product_cat","embeddable":true,"href":"https:\/\/www.autonvaraosahaku.fi\/index.php?rest_route=%2Fwp%2Fv2%2Fproduct_cat&post=40272"},{"taxonomy":"product_tag","embeddable":true,"href":"https:\/\/www.autonvaraosahaku.fi\/index.php?rest_route=%2Fwp%2Fv2%2Fproduct_tag&post=40272"}],"curies":[{"name":"wp","href":"https:\/\/api.w.org\/{rel}","templated":true}]}}