{"id":40301,"date":"2021-02-21T16:45:52","date_gmt":"2021-02-21T16:45:52","guid":{"rendered":"https:\/\/www.autonvaraosahaku.fi\/?product=valeo-515081-ohjainlaite-lammitys-tuuletus"},"modified":"2021-02-21T16:45:53","modified_gmt":"2021-02-21T16:45:53","slug":"valeo-515081-ohjainlaite-lammitys-tuuletus","status":"publish","type":"product","link":"https:\/\/www.autonvaraosahaku.fi\/?product=valeo-515081-ohjainlaite-lammitys-tuuletus","title":{"rendered":"VALEO 515081 Ohjainlaite l\u00e4mmitys tuuletus"},"content":{"rendered":"<p>Varusteet: Autoihin, joissa ilmastointi; K\u00e4ytt\u00f6: s\u00e4hk\u00f6ohjattu; Paino [kg]: 0,21; RENAULT: CLIO III BR0\/1, CR0\/1,MODUS \/ GRAND MODUS F\/JP0_,CLIO Grandtour KR0\/1_,CLIO III Kasten SB_, SR_; 7701209803; S\u00e4\u00e4t\u00f6elementti Ilmastointilaite,S\u00e4\u00e4t\u00f6elementti L\u00e4mmitys Tuuletus<\/p>\n","protected":false},"excerpt":{"rendered":"<p>VALEO Ohjainlaite L\u00e4mmitys Tuuletus 515081 S\u00e4\u00e4t\u00f6elementti Ilmastointilaite,S\u00e4\u00e4t\u00f6elementti L\u00e4mmitys Tuuletus RENAULT,CLIO III BR0\/1, CR0\/1<\/p>\n","protected":false},"featured_media":0,"template":"","meta":{"site-sidebar-layout":"default","site-content-layout":"default","ast-global-header-display":"","ast-main-header-display":"","ast-hfb-above-header-display":"","ast-hfb-below-header-display":"","ast-hfb-mobile-header-display":"","site-post-title":"","ast-breadcrumbs-content":"","ast-featured-img":"","footer-sml-layout":"","theme-transparent-header-meta":"","adv-header-id-meta":"","stick-header-meta":"","header-above-stick-meta":"","header-main-stick-meta":"","header-below-stick-meta":""},"pwb-brand":[28],"product_cat":[262],"product_tag":[],"class_list":{"0":"post-40301","1":"product","2":"type-product","3":"status-publish","5":"pwb-brand-valeo","6":"product_cat-ohjainlaite-lammitys-tuuletus","7":"desktop-align-left","8":"tablet-align-left","9":"mobile-align-left","11":"first","12":"instock","13":"product-type-external"},"brands":[{"id":28,"name":"VALEO","slug":"valeo"}],"_links":{"self":[{"href":"https:\/\/www.autonvaraosahaku.fi\/index.php?rest_route=\/wp\/v2\/product\/40301","targetHints":{"allow":["GET"]}}],"collection":[{"href":"https:\/\/www.autonvaraosahaku.fi\/index.php?rest_route=\/wp\/v2\/product"}],"about":[{"href":"https:\/\/www.autonvaraosahaku.fi\/index.php?rest_route=\/wp\/v2\/types\/product"}],"wp:attachment":[{"href":"https:\/\/www.autonvaraosahaku.fi\/index.php?rest_route=%2Fwp%2Fv2%2Fmedia&parent=40301"}],"wp:term":[{"taxonomy":"pwb-brand","embeddable":true,"href":"https:\/\/www.autonvaraosahaku.fi\/index.php?rest_route=%2Fwp%2Fv2%2Fpwb-brand&post=40301"},{"taxonomy":"product_cat","embeddable":true,"href":"https:\/\/www.autonvaraosahaku.fi\/index.php?rest_route=%2Fwp%2Fv2%2Fproduct_cat&post=40301"},{"taxonomy":"product_tag","embeddable":true,"href":"https:\/\/www.autonvaraosahaku.fi\/index.php?rest_route=%2Fwp%2Fv2%2Fproduct_tag&post=40301"}],"curies":[{"name":"wp","href":"https:\/\/api.w.org\/{rel}","templated":true}]}}