{"id":40389,"date":"2021-02-21T16:46:13","date_gmt":"2021-02-21T16:46:13","guid":{"rendered":"https:\/\/www.autonvaraosahaku.fi\/?product=swf-119514-pyyhkijansulat"},"modified":"2021-02-21T16:46:15","modified_gmt":"2021-02-21T16:46:15","slug":"swf-119514-pyyhkijansulat","status":"publish","type":"product","link":"https:\/\/www.autonvaraosahaku.fi\/?product=swf-119514-pyyhkijansulat","title":{"rendered":"SWF 119514 Pyyhkij\u00e4nsulat"},"content":{"rendered":"<p>Asennuspuoli: Takana; M\u00e4\u00e4r\u00e4: 1; Pituus (mm): 285; Pituus (tuumaa): 11; Paino [kg]: 0,07; Tuotelinja: VisioFlex Rear; Pyyhkij\u00e4nsulkatyyppi: Rungottomat; Valmistusvuosi alkaen: 05\/2010; VW: GOLF VI 5K1,POLO 6R, 6C,GOLF VII 5G1, BE1,GOLF VII Kombi BA5,GOLF SPORTSVAN AM1,POLO Van 6R,POLO AW1, BZ1,GOLF ALLTRACK BA5; SKODA: FABIA,YETI 5L; SEAT: ATECA KH7,IBIZA V KJ1,ARONA KJ7; 575955427, 6F0955427, 6F9955427, 5J6955425, 5J9955425B, 5L6955425, 1K9955427, 2G0955427, 3C9955425, 510955427, 510955427A, 5G6955427, 5G6955427B, 5K6955427A, 6Q6955425A; Tuulilasinpyyhkimet,Pyyhkij\u00e4t,Pyyhkij\u00e4nsulka<\/p>\n","protected":false},"excerpt":{"rendered":"<p>SWF Pyyhkij\u00e4nsulat 119514 Tuulilasinpyyhkimet,Pyyhkij\u00e4t VW,SKODA,SEAT,GOLF VI 5K1,POLO 6R, 6C,GOLF VII 5G1, BE1,GOLF VII Kombi BA5,GOLF SPORTSVAN AM1<\/p>\n","protected":false},"featured_media":0,"template":"","meta":{"site-sidebar-layout":"default","site-content-layout":"default","ast-global-header-display":"","ast-main-header-display":"","ast-hfb-above-header-display":"","ast-hfb-below-header-display":"","ast-hfb-mobile-header-display":"","site-post-title":"","ast-breadcrumbs-content":"","ast-featured-img":"","footer-sml-layout":"","theme-transparent-header-meta":"","adv-header-id-meta":"","stick-header-meta":"","header-above-stick-meta":"","header-main-stick-meta":"","header-below-stick-meta":""},"pwb-brand":[204],"product_cat":[33],"product_tag":[],"class_list":{"0":"post-40389","1":"product","2":"type-product","3":"status-publish","5":"pwb-brand-swf","6":"product_cat-pyyhkijansulat","7":"desktop-align-left","8":"tablet-align-left","9":"mobile-align-left","11":"first","12":"instock","13":"product-type-external"},"brands":[{"id":204,"name":"SWF","slug":"swf"}],"_links":{"self":[{"href":"https:\/\/www.autonvaraosahaku.fi\/index.php?rest_route=\/wp\/v2\/product\/40389","targetHints":{"allow":["GET"]}}],"collection":[{"href":"https:\/\/www.autonvaraosahaku.fi\/index.php?rest_route=\/wp\/v2\/product"}],"about":[{"href":"https:\/\/www.autonvaraosahaku.fi\/index.php?rest_route=\/wp\/v2\/types\/product"}],"wp:attachment":[{"href":"https:\/\/www.autonvaraosahaku.fi\/index.php?rest_route=%2Fwp%2Fv2%2Fmedia&parent=40389"}],"wp:term":[{"taxonomy":"pwb-brand","embeddable":true,"href":"https:\/\/www.autonvaraosahaku.fi\/index.php?rest_route=%2Fwp%2Fv2%2Fpwb-brand&post=40389"},{"taxonomy":"product_cat","embeddable":true,"href":"https:\/\/www.autonvaraosahaku.fi\/index.php?rest_route=%2Fwp%2Fv2%2Fproduct_cat&post=40389"},{"taxonomy":"product_tag","embeddable":true,"href":"https:\/\/www.autonvaraosahaku.fi\/index.php?rest_route=%2Fwp%2Fv2%2Fproduct_tag&post=40389"}],"curies":[{"name":"wp","href":"https:\/\/api.w.org\/{rel}","templated":true}]}}