{"id":40393,"date":"2021-02-21T16:46:13","date_gmt":"2021-02-21T16:46:13","guid":{"rendered":"https:\/\/www.autonvaraosahaku.fi\/?product=swf-116116-pyyhkijansulat"},"modified":"2021-02-21T16:46:16","modified_gmt":"2021-02-21T16:46:16","slug":"swf-116116-pyyhkijansulat","status":"publish","type":"product","link":"https:\/\/www.autonvaraosahaku.fi\/?product=swf-116116-pyyhkijansulat","title":{"rendered":"SWF 116116 Pyyhkij\u00e4nsulat"},"content":{"rendered":"<p>M\u00e4\u00e4r\u00e4: 1; Pituus (mm): 280; Pituus (tuumaa): 11; Sopiva adapteri: B; Lis\u00e4adapteri: A + N; Paino [kg]: 0,13; Tuotelinja: Original Rear; Pyyhkij\u00e4nsulkatyyppi: Tavallinen; Valmistusvuoteen: 05\/2010; VW: LUPO 6X1, 6E1,POLO 6N2,POLO 6N1,POLO 86C, 80,KAEFER,POLO Variant 6KV5,KAEFER Cabriolet 15,POLO Kasten 6NF,1500,1600 31,POLO Kasten 86CF; SKODA: 100,110,110 Coupe; SEAT: LEON 1P1,ALTEA 5P1,AROSA 6H,ALTEA XL 5P5, 5P8,CORDOBA Vario 6K1,TOLEDO III 5P2; NISSAN: TERRANO II R20; LAND ROVER: 88\/109,88\/109 Hardtop; ROVER: MINI,MINI Cabriolet XN; SUZUKI: SAMURAI SJ,LIANA Schr\u00e4gheck,LJ 80; FORD: FIESTA V JH_, JD_,MONDEO III Kombi BWY,FOCUS Kombi DNW,FUSION JU_,FIESTA V Van; FIAT: 500,600,850 Spider,850,850 Coupe; CITRO\u00cbN: MEHARI; 6426LY; Tuulilasinpyyhkimet,Pyyhkij\u00e4t,Pyyhkij\u00e4nsulka<\/p>\n","protected":false},"excerpt":{"rendered":"<p>SWF Pyyhkij\u00e4nsulat 116116 Tuulilasinpyyhkimet,Pyyhkij\u00e4t VW,SKODA,SEAT,LUPO 6X1, 6E1,POLO 6N2,POLO 6N1,POLO 86C, 80,KAEFER,POLO Variant 6KV5<\/p>\n","protected":false},"featured_media":0,"template":"","meta":{"site-sidebar-layout":"default","site-content-layout":"default","ast-global-header-display":"","ast-main-header-display":"","ast-hfb-above-header-display":"","ast-hfb-below-header-display":"","ast-hfb-mobile-header-display":"","site-post-title":"","ast-breadcrumbs-content":"","ast-featured-img":"","footer-sml-layout":"","theme-transparent-header-meta":"","adv-header-id-meta":"","stick-header-meta":"","header-above-stick-meta":"","header-main-stick-meta":"","header-below-stick-meta":""},"pwb-brand":[204],"product_cat":[33],"product_tag":[],"class_list":{"0":"post-40393","1":"product","2":"type-product","3":"status-publish","5":"pwb-brand-swf","6":"product_cat-pyyhkijansulat","7":"desktop-align-left","8":"tablet-align-left","9":"mobile-align-left","11":"first","12":"instock","13":"product-type-external"},"brands":[{"id":204,"name":"SWF","slug":"swf"}],"_links":{"self":[{"href":"https:\/\/www.autonvaraosahaku.fi\/index.php?rest_route=\/wp\/v2\/product\/40393","targetHints":{"allow":["GET"]}}],"collection":[{"href":"https:\/\/www.autonvaraosahaku.fi\/index.php?rest_route=\/wp\/v2\/product"}],"about":[{"href":"https:\/\/www.autonvaraosahaku.fi\/index.php?rest_route=\/wp\/v2\/types\/product"}],"wp:attachment":[{"href":"https:\/\/www.autonvaraosahaku.fi\/index.php?rest_route=%2Fwp%2Fv2%2Fmedia&parent=40393"}],"wp:term":[{"taxonomy":"pwb-brand","embeddable":true,"href":"https:\/\/www.autonvaraosahaku.fi\/index.php?rest_route=%2Fwp%2Fv2%2Fpwb-brand&post=40393"},{"taxonomy":"product_cat","embeddable":true,"href":"https:\/\/www.autonvaraosahaku.fi\/index.php?rest_route=%2Fwp%2Fv2%2Fproduct_cat&post=40393"},{"taxonomy":"product_tag","embeddable":true,"href":"https:\/\/www.autonvaraosahaku.fi\/index.php?rest_route=%2Fwp%2Fv2%2Fproduct_tag&post=40393"}],"curies":[{"name":"wp","href":"https:\/\/api.w.org\/{rel}","templated":true}]}}