{"id":40438,"date":"2021-02-21T16:46:23","date_gmt":"2021-02-21T16:46:23","guid":{"rendered":"https:\/\/www.autonvaraosahaku.fi\/?product=swf-116510-pyyhkijansulat"},"modified":"2021-02-21T16:46:27","modified_gmt":"2021-02-21T16:46:27","slug":"swf-116510-pyyhkijansulat","status":"publish","type":"product","link":"https:\/\/www.autonvaraosahaku.fi\/?product=swf-116510-pyyhkijansulat","title":{"rendered":"SWF 116510 Pyyhkij\u00e4nsulat"},"content":{"rendered":"<p>Asennuspuoli: Takana; M\u00e4\u00e4r\u00e4: 1; Pituus (mm): 300; Pituus (tuumaa): 12; Paino [kg]: 0,09; Tuotelinja: Rear; Pyyhkij\u00e4nsulkatyyppi: Tavallinen, Tavallinen; Oviluku: 3; TOYOTA: YARIS SCP1_, NLP1_, NCP1_,AYGO WNB1_, KGB1_; CITRO\u00cbN: C1 PM_, PN_; PEUGEOT: 107; RENAULT: TWINGO I C06_,TWINGO I Kasten S06_; DODGE: NITRO; Tuulilasinpyyhkimet,Pyyhkij\u00e4t,Pyyhkij\u00e4nsulka<\/p>\n","protected":false},"excerpt":{"rendered":"<p>SWF Pyyhkij\u00e4nsulat 116510 Tuulilasinpyyhkimet,Pyyhkij\u00e4t TOYOTA,CITRO\u00cbN,PEUGEOT,YARIS SCP1_, NLP1_, NCP1_,AYGO WNB1_, KGB1_,C1 PM_, PN_,107<\/p>\n","protected":false},"featured_media":0,"template":"","meta":{"site-sidebar-layout":"default","site-content-layout":"default","ast-global-header-display":"","ast-main-header-display":"","ast-hfb-above-header-display":"","ast-hfb-below-header-display":"","ast-hfb-mobile-header-display":"","site-post-title":"","ast-breadcrumbs-content":"","ast-featured-img":"","footer-sml-layout":"","theme-transparent-header-meta":"","adv-header-id-meta":"","stick-header-meta":"","header-above-stick-meta":"","header-main-stick-meta":"","header-below-stick-meta":""},"pwb-brand":[204],"product_cat":[33],"product_tag":[],"class_list":{"0":"post-40438","1":"product","2":"type-product","3":"status-publish","5":"pwb-brand-swf","6":"product_cat-pyyhkijansulat","7":"desktop-align-left","8":"tablet-align-left","9":"mobile-align-left","11":"first","12":"instock","13":"product-type-external"},"brands":[{"id":204,"name":"SWF","slug":"swf"}],"_links":{"self":[{"href":"https:\/\/www.autonvaraosahaku.fi\/index.php?rest_route=\/wp\/v2\/product\/40438","targetHints":{"allow":["GET"]}}],"collection":[{"href":"https:\/\/www.autonvaraosahaku.fi\/index.php?rest_route=\/wp\/v2\/product"}],"about":[{"href":"https:\/\/www.autonvaraosahaku.fi\/index.php?rest_route=\/wp\/v2\/types\/product"}],"wp:attachment":[{"href":"https:\/\/www.autonvaraosahaku.fi\/index.php?rest_route=%2Fwp%2Fv2%2Fmedia&parent=40438"}],"wp:term":[{"taxonomy":"pwb-brand","embeddable":true,"href":"https:\/\/www.autonvaraosahaku.fi\/index.php?rest_route=%2Fwp%2Fv2%2Fpwb-brand&post=40438"},{"taxonomy":"product_cat","embeddable":true,"href":"https:\/\/www.autonvaraosahaku.fi\/index.php?rest_route=%2Fwp%2Fv2%2Fproduct_cat&post=40438"},{"taxonomy":"product_tag","embeddable":true,"href":"https:\/\/www.autonvaraosahaku.fi\/index.php?rest_route=%2Fwp%2Fv2%2Fproduct_tag&post=40438"}],"curies":[{"name":"wp","href":"https:\/\/api.w.org\/{rel}","templated":true}]}}