{"id":40476,"date":"2021-02-21T16:46:34","date_gmt":"2021-02-21T16:46:34","guid":{"rendered":"https:\/\/www.autonvaraosahaku.fi\/?product=herthbuss-jakoparts-j1310906-oljynsuodatin"},"modified":"2021-02-21T16:46:37","modified_gmt":"2021-02-21T16:46:37","slug":"herthbuss-jakoparts-j1310906-oljynsuodatin","status":"publish","type":"product","link":"https:\/\/www.autonvaraosahaku.fi\/?product=herthbuss-jakoparts-j1310906-oljynsuodatin","title":{"rendered":"HERTH+BUSS JAKOPARTS J1310906 \u00d6ljynsuodatin"},"content":{"rendered":"<p>Suodatintyyppi: Suodatinpanos; Pituus (mm): 106; Ulkol\u00e4pimitta [mm]: 57; Sis\u00e4l\u00e4pimitta [mm]: 21,5; Suositellun erikoisty\u00f6kalun tuotenumero: J9131003; Moottorinumerosta: 19MA9235; OPEL: CORSA D,CORSA C F08, F68,ZAFIRA B A05,ASTRA H Caravan L35,MERIVA,ASTRA G CC F48_, F08_,ASTRA H L48,ASTRA J Sports Tourer,ASTRA G Caravan F35_,CORSA B 73_, 78_, 79_,INSIGNIA Caravan,ASTRA J,ASTRA H GTC L08,MERIVA B,SIGNUM,AGILA A H00,ZAFIRA TOURER C P12,MOKKA,ADAM,TIGRA TwinTop,ASTRA H TwinTop L67,INSIGNIA,INSIGNIA Stufenheck,COMBO Kasten\/Kombi,ASTRA G Stufenheck F69_,ZAFIRA B Van,ASTRA GTC J,COMBO Tour,ASTRA J Stufenheck,CORSA D Van,CASCADA W13,CORSA C Kasten F08, W5L,ASTRA H Stufenheck L69,CORSA E,ASTRA K,ASTRA K Caravan,CORSA E Van,ASTRA CLASSIC L48; FIAT: CROMA 194; CHEVROLET: ORLANDO J309,CRUZE J300,AVEO Schr\u00e4gheck T250, T255,CRUZE Station Wagon J308,AVEO Schr\u00e4gheck T300,CRUZE Schr\u00e4gheck J305,TRAX,AVEO Stufenheck T250, T255,AVEO Stufenheck T300; ALFA ROMEO: 159 Sportwagon 939,159 939; VAUXHALL: CORSA Mk III D L_8,INSIGNIA Mk I A,ZAFIRA Mk II B M75,ASTRA Mk V H CC,ADAM,INSIGNIA Mk I A Estate,CORSA Mk II C W5L, F08,ASTRA Mk V H Estate,ZAFIRA Mk III P12,ASTRA Mk V H Convertible,ASTRA Mk VI J CC,INSIGNIA Mk I A Sedan,ASTRA Mk VI J,SIGNUM,MERIVA Mk I A,CORSAVAN Mk II C,CORSAVAN Mk III D,MERIVA Mk II B,TIGRA Convertible,AGILA Mk I A,ASTRA Mk VI J Sedan,ASTRA Mk VI J Estate,MOKKA,ASTRAVAN Mk V H,ASTRA Mk VII K Estate,ASTRA Mk VII K,CORSA Mk IV E,COMBO TOUR Mk II C F25,COMBO Mk II C Kasten\/Kombi F25; 55594651, 93185674, 95526685, 95526687, 0000055594651, 55594651, 71744410, 73504179, 55353324, 55588497, 55594651, 5650359, 93185674, 93185674, 93185674, 55560748, 55584685, 55588497, 55594651, 55594652, 5650359, 650155, 650163, 650172, 650173, 93185674, 93190129, 95526685, 95526686, 95526687, 93185674, 55560748, 55584685, 55588497, 55594651, 55594652, 5650359, 650155, 650163, 650172, 650173, 93185674, 93190129, 95526685, 95526686, 95526687<\/p>\n","protected":false},"excerpt":{"rendered":"<p>HERTH+BUSS JAKOPARTS \u00d6ljynsuodatin J1310906  OPEL,FIAT,CHEVROLET,CORSA D,CORSA C F08, F68,ZAFIRA B A05,ASTRA H Caravan L35,MERIVA<\/p>\n","protected":false},"featured_media":0,"template":"","meta":{"site-sidebar-layout":"default","site-content-layout":"default","ast-global-header-display":"","ast-main-header-display":"","ast-hfb-above-header-display":"","ast-hfb-below-header-display":"","ast-hfb-mobile-header-display":"","site-post-title":"","ast-breadcrumbs-content":"","ast-featured-img":"","footer-sml-layout":"","theme-transparent-header-meta":"","adv-header-id-meta":"","stick-header-meta":"","header-above-stick-meta":"","header-main-stick-meta":"","header-below-stick-meta":""},"pwb-brand":[416],"product_cat":[30],"product_tag":[],"class_list":{"0":"post-40476","1":"product","2":"type-product","3":"status-publish","5":"pwb-brand-herthbuss-jakoparts","6":"product_cat-oljynsuodatin","7":"desktop-align-left","8":"tablet-align-left","9":"mobile-align-left","11":"first","12":"instock","13":"product-type-external"},"brands":[{"id":416,"name":"HERTH+BUSS JAKOPARTS","slug":"herthbuss-jakoparts"}],"_links":{"self":[{"href":"https:\/\/www.autonvaraosahaku.fi\/index.php?rest_route=\/wp\/v2\/product\/40476","targetHints":{"allow":["GET"]}}],"collection":[{"href":"https:\/\/www.autonvaraosahaku.fi\/index.php?rest_route=\/wp\/v2\/product"}],"about":[{"href":"https:\/\/www.autonvaraosahaku.fi\/index.php?rest_route=\/wp\/v2\/types\/product"}],"wp:attachment":[{"href":"https:\/\/www.autonvaraosahaku.fi\/index.php?rest_route=%2Fwp%2Fv2%2Fmedia&parent=40476"}],"wp:term":[{"taxonomy":"pwb-brand","embeddable":true,"href":"https:\/\/www.autonvaraosahaku.fi\/index.php?rest_route=%2Fwp%2Fv2%2Fpwb-brand&post=40476"},{"taxonomy":"product_cat","embeddable":true,"href":"https:\/\/www.autonvaraosahaku.fi\/index.php?rest_route=%2Fwp%2Fv2%2Fproduct_cat&post=40476"},{"taxonomy":"product_tag","embeddable":true,"href":"https:\/\/www.autonvaraosahaku.fi\/index.php?rest_route=%2Fwp%2Fv2%2Fproduct_tag&post=40476"}],"curies":[{"name":"wp","href":"https:\/\/api.w.org\/{rel}","templated":true}]}}