{"id":40481,"date":"2021-02-21T16:46:39","date_gmt":"2021-02-21T16:46:39","guid":{"rendered":"https:\/\/www.autonvaraosahaku.fi\/?product=van-wezel-5888070-oljypohja"},"modified":"2021-02-21T16:46:40","modified_gmt":"2021-02-21T16:46:40","slug":"van-wezel-5888070-oljypohja","status":"publish","type":"product","link":"https:\/\/www.autonvaraosahaku.fi\/?product=van-wezel-5888070-oljypohja","title":{"rendered":"VAN WEZEL 5888070 \u00d6ljypohja"},"content":{"rendered":"<p>Korvaava tuote\/korvaava tiedote 2: ilman \u00f6ljyntasoanturia; Lis\u00e4tarvike\/lis\u00e4tieto: \u00d6ljynp\u00e4\u00e4st\u00f6ruuvilla; \u00d6ljypohjan materiaali: Alumiini; Versio: ALH \/ AYQ; VW: GOLF IV 1J1,POLO 9N_,GOLF IV Variant 1J5,SHARAN 7M8, 7M9, 7M6,BORA 1J2,NEW BEETLE 9C1, 1C1,BORA Kombi 1J6,NEW BEETLE Cabriolet 1Y7,CADDY II Kasten 9K9A,POLO Variant 6KV5,POLO CLASSIC 6KV2,POLO Stufenheck 9A4,CADDY II Kombi 9K9B; AUDI: A3 8L1; SKODA: OCTAVIA Combi 1Z5,FABIA Combi 6Y5,FABIA 6Y2,OCTAVIA Combi 1U5,OCTAVIA 1Z3,OCTAVIA 1U2,FABIA Stufenheck 6Y3,FABIA Praktik; SEAT: IBIZA IV 6L1,LEON 1M1,TOLEDO II 1M2,CORDOBA Vario 6K1,CORDOBA 6L2,INCA 6K9; 038103601NA<\/p>\n","protected":false},"excerpt":{"rendered":"<p>VAN WEZEL \u00d6ljypohja 5888070  VW,AUDI,SKODA,GOLF IV 1J1,POLO 9N_,GOLF IV Variant 1J5,SHARAN 7M8, 7M9, 7M6,BORA 1J2,NEW BEETLE 9C1, 1C1,BORA Kombi 1J6<\/p>\n","protected":false},"featured_media":0,"template":"","meta":{"site-sidebar-layout":"default","site-content-layout":"default","ast-global-header-display":"","ast-main-header-display":"","ast-hfb-above-header-display":"","ast-hfb-below-header-display":"","ast-hfb-mobile-header-display":"","site-post-title":"","ast-breadcrumbs-content":"","ast-featured-img":"","footer-sml-layout":"","theme-transparent-header-meta":"","adv-header-id-meta":"","stick-header-meta":"","header-above-stick-meta":"","header-main-stick-meta":"","header-below-stick-meta":""},"pwb-brand":[54],"product_cat":[225],"product_tag":[],"class_list":{"0":"post-40481","1":"product","2":"type-product","3":"status-publish","5":"pwb-brand-van-wezel","6":"product_cat-oljypohja","7":"desktop-align-left","8":"tablet-align-left","9":"mobile-align-left","11":"first","12":"instock","13":"product-type-external"},"brands":[{"id":54,"name":"VAN WEZEL","slug":"van-wezel"}],"_links":{"self":[{"href":"https:\/\/www.autonvaraosahaku.fi\/index.php?rest_route=\/wp\/v2\/product\/40481","targetHints":{"allow":["GET"]}}],"collection":[{"href":"https:\/\/www.autonvaraosahaku.fi\/index.php?rest_route=\/wp\/v2\/product"}],"about":[{"href":"https:\/\/www.autonvaraosahaku.fi\/index.php?rest_route=\/wp\/v2\/types\/product"}],"wp:attachment":[{"href":"https:\/\/www.autonvaraosahaku.fi\/index.php?rest_route=%2Fwp%2Fv2%2Fmedia&parent=40481"}],"wp:term":[{"taxonomy":"pwb-brand","embeddable":true,"href":"https:\/\/www.autonvaraosahaku.fi\/index.php?rest_route=%2Fwp%2Fv2%2Fpwb-brand&post=40481"},{"taxonomy":"product_cat","embeddable":true,"href":"https:\/\/www.autonvaraosahaku.fi\/index.php?rest_route=%2Fwp%2Fv2%2Fproduct_cat&post=40481"},{"taxonomy":"product_tag","embeddable":true,"href":"https:\/\/www.autonvaraosahaku.fi\/index.php?rest_route=%2Fwp%2Fv2%2Fproduct_tag&post=40481"}],"curies":[{"name":"wp","href":"https:\/\/api.w.org\/{rel}","templated":true}]}}