{"id":40482,"date":"2021-02-21T16:46:39","date_gmt":"2021-02-21T16:46:39","guid":{"rendered":"https:\/\/www.autonvaraosahaku.fi\/?product=swf-119298-pyyhkijansulat"},"modified":"2021-02-21T16:46:40","modified_gmt":"2021-02-21T16:46:40","slug":"swf-119298-pyyhkijansulat","status":"publish","type":"product","link":"https:\/\/www.autonvaraosahaku.fi\/?product=swf-119298-pyyhkijansulat","title":{"rendered":"SWF 119298 Pyyhkij\u00e4nsulat"},"content":{"rendered":"<p>Vasen \/ oikea liikenne: Ohjaus vasemmalla; Asennuspuoli: Edess\u00e4; M\u00e4\u00e4r\u00e4: 2; Pituus 1 (mm): 600; Pituus 2 (mm): 450; Pituus1\/pituus2 [tuuma]: 24\/18; Muotoilu: Spoilerilla; Paino [kg]: 0,26; Tuotelinja: VisioFlex; Pyyhkij\u00e4nsulkatyyppi: Rungottomat; Oviluku: 5; VW: CADDY III Kombi 2KB, 2KJ, 2CB, 2CJ,TOURAN 1T3,CADDY III Kasten 2KA, 2KH, 2CA, 2CH,CADDY IV Kombi SAB, SAJ,CADDY IV Kasten SAA, SAH,CADDY ALLTRACK Kasten SAA,CADDY ALLTRACK Kombi SAB; SKODA: SUPERB Kombi 3T5,SUPERB 3T4; KIA: CEE&#8217;D SW ED,CEE&#8217;D Schr\u00e4gheck ED,PRO CEE&#8217;D ED; HYUNDAI: i30 FD,i30 CW FD; LANCIA: DELTA III 844; FIAT: BRAVO II 198; ALFA ROMEO: GIULIETTA 940; PEUGEOT: 308 II,308 SW II; 50509398, 50509400, 71805144, 51757532, 71779243, 71805144, 983502L000, 983602L000, 983502L000, 983602L000, 51757532, 71805144, 1611631080, 3T1998001, 1T1998002, 1T1998002A, 2K1955425C, 2K1955426C, 5TB998002, JZW998002L; Tuulilasinpyyhkimet,Pyyhkij\u00e4t,Pyyhkij\u00e4nsulka<\/p>\n","protected":false},"excerpt":{"rendered":"<p>SWF Pyyhkij\u00e4nsulat 119298 Tuulilasinpyyhkimet,Pyyhkij\u00e4t VW,SKODA,KIA,CADDY III Kombi 2KB, 2KJ, 2CB, 2CJ,TOURAN 1T3,CADDY III Kasten 2KA, 2KH, 2CA, 2CH<\/p>\n","protected":false},"featured_media":0,"template":"","meta":{"site-sidebar-layout":"default","site-content-layout":"default","ast-global-header-display":"","ast-main-header-display":"","ast-hfb-above-header-display":"","ast-hfb-below-header-display":"","ast-hfb-mobile-header-display":"","site-post-title":"","ast-breadcrumbs-content":"","ast-featured-img":"","footer-sml-layout":"","theme-transparent-header-meta":"","adv-header-id-meta":"","stick-header-meta":"","header-above-stick-meta":"","header-main-stick-meta":"","header-below-stick-meta":""},"pwb-brand":[204],"product_cat":[33],"product_tag":[],"class_list":{"0":"post-40482","1":"product","2":"type-product","3":"status-publish","5":"pwb-brand-swf","6":"product_cat-pyyhkijansulat","7":"desktop-align-left","8":"tablet-align-left","9":"mobile-align-left","11":"first","12":"instock","13":"product-type-external"},"brands":[{"id":204,"name":"SWF","slug":"swf"}],"_links":{"self":[{"href":"https:\/\/www.autonvaraosahaku.fi\/index.php?rest_route=\/wp\/v2\/product\/40482","targetHints":{"allow":["GET"]}}],"collection":[{"href":"https:\/\/www.autonvaraosahaku.fi\/index.php?rest_route=\/wp\/v2\/product"}],"about":[{"href":"https:\/\/www.autonvaraosahaku.fi\/index.php?rest_route=\/wp\/v2\/types\/product"}],"wp:attachment":[{"href":"https:\/\/www.autonvaraosahaku.fi\/index.php?rest_route=%2Fwp%2Fv2%2Fmedia&parent=40482"}],"wp:term":[{"taxonomy":"pwb-brand","embeddable":true,"href":"https:\/\/www.autonvaraosahaku.fi\/index.php?rest_route=%2Fwp%2Fv2%2Fpwb-brand&post=40482"},{"taxonomy":"product_cat","embeddable":true,"href":"https:\/\/www.autonvaraosahaku.fi\/index.php?rest_route=%2Fwp%2Fv2%2Fproduct_cat&post=40482"},{"taxonomy":"product_tag","embeddable":true,"href":"https:\/\/www.autonvaraosahaku.fi\/index.php?rest_route=%2Fwp%2Fv2%2Fproduct_tag&post=40482"}],"curies":[{"name":"wp","href":"https:\/\/api.w.org\/{rel}","templated":true}]}}