{"id":40531,"date":"2021-02-21T16:46:49","date_gmt":"2021-02-21T16:46:49","guid":{"rendered":"https:\/\/www.autonvaraosahaku.fi\/?product=purflux-c112-polttoainesuodatin"},"modified":"2021-02-21T16:46:52","modified_gmt":"2021-02-21T16:46:52","slug":"purflux-c112-polttoainesuodatin","status":"publish","type":"product","link":"https:\/\/www.autonvaraosahaku.fi\/?product=purflux-c112-polttoainesuodatin","title":{"rendered":"PURFLUX C112 Polttoainesuodatin"},"content":{"rendered":"<p>Ulkol\u00e4pimitta [mm]: 65; Sis\u00e4l\u00e4pimitta [mm]: 14; Korkeus (mm): 51; Varustelumahdollisuudet: Purflux; RENAULT: TRAFIC II Kasten FL,CLIO I B\/C57_, 5\/357_,SUPER 5 B\/C40_,RAPID Kasten F40_, G40_,TRAFIC Kasten TXX,TRAFIC Bus TXW,MASTER I Kasten T__,CLIO I Kasten S57_,MASTER I Bus T__,MASTER I Pritsche\/Fahrgestell P__,TRAFIC Pritsche\/Fahrgestell PXX,EXPRESS Pick-up,SUPER 5 Kasten S40_,EXPRESS Kasten\/Kombi; CITRO\u00cbN: CX II,CX I MA,C15 VD-_,CX II Break,CX I Break MA,C15 Kombi,C35 Kasten,C35 Bus,C35 Pick-up; PEUGEOT: 504 A_, M_,505 551A,204,305 II 581M,505 Break 551D,604 561A_,J7 Bus,504 Break D_, F_,504 Pick-up E_,304 _04M_,J7 Kasten,305 II Break 581E,J9 Bus,305 I 581A,J9 Kasten,J9 Pritsche\/Fahrgestell,304 Break _04D_,J7 Pritsche\/Fahrgestell,305 I Break 581D; ARO: 240-244; MAHINDRA: CJ 3,CJ 3 Wagon; TALBOT: HORIZON,TAGORA; ACD115, ACD58, ACD8014E, FF0005, 0858975702, 5414362, 5414632, 858975700, 309531, 5008885, 5012045, 5014354, A810X9176AA, A830X9176SA, 000085439757, 0000854957, 00008549757, 0008549757, A0854975700, A5000241676, 993012, 161258, 190602, 5414362, 5414362L, 0008549757, 0854975700, 20854975700, 5000241250, 5000241676, 7701033176, 8549757, 854975700, 8549757000, 8549757006, 8671002067, 9101906028, 91109060028, 9401906028, 818175<\/p>\n","protected":false},"excerpt":{"rendered":"<p>PURFLUX Polttoainesuodatin C112  RENAULT,CITRO\u00cbN,PEUGEOT,TRAFIC II Kasten FL,CLIO I B\/C57_, 5\/357_,SUPER 5 B\/C40_,RAPID Kasten F40_, G40_<\/p>\n","protected":false},"featured_media":0,"template":"","meta":{"site-sidebar-layout":"default","site-content-layout":"default","ast-global-header-display":"","ast-main-header-display":"","ast-hfb-above-header-display":"","ast-hfb-below-header-display":"","ast-hfb-mobile-header-display":"","site-post-title":"","ast-breadcrumbs-content":"","ast-featured-img":"","footer-sml-layout":"","theme-transparent-header-meta":"","adv-header-id-meta":"","stick-header-meta":"","header-above-stick-meta":"","header-main-stick-meta":"","header-below-stick-meta":""},"pwb-brand":[303],"product_cat":[29],"product_tag":[],"class_list":{"0":"post-40531","1":"product","2":"type-product","3":"status-publish","5":"pwb-brand-purflux","6":"product_cat-polttoainesuodatin","7":"desktop-align-left","8":"tablet-align-left","9":"mobile-align-left","11":"first","12":"instock","13":"product-type-external"},"brands":[{"id":303,"name":"PURFLUX","slug":"purflux"}],"_links":{"self":[{"href":"https:\/\/www.autonvaraosahaku.fi\/index.php?rest_route=\/wp\/v2\/product\/40531","targetHints":{"allow":["GET"]}}],"collection":[{"href":"https:\/\/www.autonvaraosahaku.fi\/index.php?rest_route=\/wp\/v2\/product"}],"about":[{"href":"https:\/\/www.autonvaraosahaku.fi\/index.php?rest_route=\/wp\/v2\/types\/product"}],"wp:attachment":[{"href":"https:\/\/www.autonvaraosahaku.fi\/index.php?rest_route=%2Fwp%2Fv2%2Fmedia&parent=40531"}],"wp:term":[{"taxonomy":"pwb-brand","embeddable":true,"href":"https:\/\/www.autonvaraosahaku.fi\/index.php?rest_route=%2Fwp%2Fv2%2Fpwb-brand&post=40531"},{"taxonomy":"product_cat","embeddable":true,"href":"https:\/\/www.autonvaraosahaku.fi\/index.php?rest_route=%2Fwp%2Fv2%2Fproduct_cat&post=40531"},{"taxonomy":"product_tag","embeddable":true,"href":"https:\/\/www.autonvaraosahaku.fi\/index.php?rest_route=%2Fwp%2Fv2%2Fproduct_tag&post=40531"}],"curies":[{"name":"wp","href":"https:\/\/api.w.org\/{rel}","templated":true}]}}