{"id":40572,"date":"2021-02-21T16:47:00","date_gmt":"2021-02-21T16:47:00","guid":{"rendered":"https:\/\/www.autonvaraosahaku.fi\/?product=gates-th00388g1-termostaatti"},"modified":"2021-02-21T16:47:02","modified_gmt":"2021-02-21T16:47:02","slug":"gates-th00388g1-termostaatti","status":"publish","type":"product","link":"https:\/\/www.autonvaraosahaku.fi\/?product=gates-th00388g1-termostaatti","title":{"rendered":"GATES TH00388G1 Termostaatti"},"content":{"rendered":"<p>Kotelomalli: Ilman koppaa; Avausl\u00e4mp\u00f6tila [\u00b0C]: 88; Rakennemalli: CVH; CHEVROLET: NUBIRA Kombi,CRUZE J300,KALOS,AVEO Schr\u00e4gheck T250, T255,CRUZE Schr\u00e4gheck J305,LACETTI J200,AVEO Stufenheck T250, T255,REZZO,KALOS Stufenheck,AVEO Stufenheck T300,NUBIRA Stufenheck,AVEO Stufenheck T200,LACETTI Kombi J200,AVEO Schr\u00e4gheck T200,LACETTI Stufenheck; DAEWOO: KALOS KLAS,REZZO KLAU,LANOS KLAT,LACETTI Schr\u00e4gheck KLAN,NUBIRA Stufenheck KLAN,KALOS Stufenheck KLAS,NUBIRA Wagon KLAN,NUBIRA Wagon KLAJ,LANOS Stufenheck KLAT,NEXIA KLETN,NUBIRA Stufenheck KLAJ,NUBIRA KLAJ,NEXIA Stufenheck KLETN,CIELO Stufenheck,NEXIA Stufenheck,NUBIRA J150,NUBIRA Kombi J150,NUBIRA Stufenheck J150; SAAB: 96,95 Station Wagon; OPEL: KADETT B,OPEL,KADETT B Coupe,KADETT B Caravan,OLYMPIA A Coupe,OLYMPIA A; FORD: FIESTA III GFJ,ESCORT VII GAL, AAL, ABL,ESCORT IV Cabriolet ALF,SIERRA GBG, GB4,ESCORT VII Kombi GAL, ANL,ESCORT VII Cabriolet ALL,ESCORT VI Cabriolet ALL,ESCORT VI GAL,SIERRA Schr\u00e4gheck GBC, GBG,TRANSIT Kasten T_ _,FIESTA I GFBT,ESCORT IV GAF, AWF, ABFT,FIESTA II FBD,TRANSIT Bus V_ _,SCORPIO I GAE, GGE,ESCORT V Cabriolet ALL,TRANSIT Bus T_ _,TRANSIT Bus MK-4 E_ _,SIERRA Schr\u00e4gheck GBC,ESCORT &#8217;95 Express AVL,ESCORT II ATH,TRANSIT MK-4 Pritsche\/Fahrgestell E_ _,ESCORT III GAA,SCORPIO I Stufenheck GGE,TRANSIT Kasten V_ _,TRANSIT Pritsche\/Fahrgestell V_ _,TRANSIT Kasten 81E,ESCORT V GAL,ESCORT VII Stufenheck GAL, AFL,TRANSIT MK-4 Kasten E_ _,SIERRA Kombi BNG,GRANADA GU,TRANSIT Bus 72E, 73E,ESCORT III Cabriolet ALD,TRANSIT Pritsche\/Fahrgestell T_ _,ESCORT VI Kombi GAL,ESCORT VI Stufenheck GAL,TRANSIT Kasten 72E, 71E,SIERRA Kombi BNC,FIESTA Kasten FVD,ORION II AFF,GRANADA Kombi GNU,ESCORT IV Kombi AWF, AVF,ESCORT &#8217;86 Express AVF,ESCORT V Kombi GAL, AVL,TAUNUS 17M Tu; MORGAN: FOUR FOUR; 96143939, 96143939, 1497689, 1635905, 6018925, 6085917, 6100630, 6147837, 72HF8575A1A, 81HF8575BA, 85HF8575AA, ERT122; Termostaatti, J\u00e4\u00e4hdytysneste<\/p>\n","protected":false},"excerpt":{"rendered":"<p>GATES Termostaatti TH00388G1 Termostaatti, J\u00e4\u00e4hdytysneste CHEVROLET,DAEWOO,SAAB,NUBIRA Kombi,CRUZE J300,KALOS,AVEO Schr\u00e4gheck T250, T255<\/p>\n","protected":false},"featured_media":0,"template":"","meta":{"site-sidebar-layout":"default","site-content-layout":"default","ast-global-header-display":"","ast-main-header-display":"","ast-hfb-above-header-display":"","ast-hfb-below-header-display":"","ast-hfb-mobile-header-display":"","site-post-title":"","ast-breadcrumbs-content":"","ast-featured-img":"","footer-sml-layout":"","theme-transparent-header-meta":"","adv-header-id-meta":"","stick-header-meta":"","header-above-stick-meta":"","header-main-stick-meta":"","header-below-stick-meta":""},"pwb-brand":[22],"product_cat":[174],"product_tag":[],"class_list":{"0":"post-40572","1":"product","2":"type-product","3":"status-publish","5":"pwb-brand-gates","6":"product_cat-termostaatti","7":"desktop-align-left","8":"tablet-align-left","9":"mobile-align-left","11":"first","12":"instock","13":"product-type-external"},"brands":[{"id":22,"name":"GATES","slug":"gates"}],"_links":{"self":[{"href":"https:\/\/www.autonvaraosahaku.fi\/index.php?rest_route=\/wp\/v2\/product\/40572","targetHints":{"allow":["GET"]}}],"collection":[{"href":"https:\/\/www.autonvaraosahaku.fi\/index.php?rest_route=\/wp\/v2\/product"}],"about":[{"href":"https:\/\/www.autonvaraosahaku.fi\/index.php?rest_route=\/wp\/v2\/types\/product"}],"wp:attachment":[{"href":"https:\/\/www.autonvaraosahaku.fi\/index.php?rest_route=%2Fwp%2Fv2%2Fmedia&parent=40572"}],"wp:term":[{"taxonomy":"pwb-brand","embeddable":true,"href":"https:\/\/www.autonvaraosahaku.fi\/index.php?rest_route=%2Fwp%2Fv2%2Fpwb-brand&post=40572"},{"taxonomy":"product_cat","embeddable":true,"href":"https:\/\/www.autonvaraosahaku.fi\/index.php?rest_route=%2Fwp%2Fv2%2Fproduct_cat&post=40572"},{"taxonomy":"product_tag","embeddable":true,"href":"https:\/\/www.autonvaraosahaku.fi\/index.php?rest_route=%2Fwp%2Fv2%2Fproduct_tag&post=40572"}],"curies":[{"name":"wp","href":"https:\/\/api.w.org\/{rel}","templated":true}]}}