{"id":40584,"date":"2021-02-21T16:47:05","date_gmt":"2021-02-21T16:47:05","guid":{"rendered":"https:\/\/www.autonvaraosahaku.fi\/?product=sachs-170-581-ohjausvaimennin"},"modified":"2021-02-21T16:47:06","modified_gmt":"2021-02-21T16:47:06","slug":"sachs-170-581-ohjausvaimennin","status":"publish","type":"product","link":"https:\/\/www.autonvaraosahaku.fi\/?product=sachs-170-581-ohjausvaimennin","title":{"rendered":"SACHS 170 581 Ohjausvaimennin"},"content":{"rendered":"<p>Tunnusluku: S22X200; Iskunvaimennin asennustapa: Silmukka ylh\u00e4\u00e4ll\u00e4, Silmukka alhaalla; Iskunvaimennin tyyppi: \u00d6ljypaine; Iskunvaimennusj\u00e4rjestelm\u00e4: Kaksiputki; Alustanumeroon: 5501501; MERCEDES-BENZ: SL R107,Stufenheck W123,S-CLASS W126,COUPE C123,S-CLASS W108, W109,S-CLASS W116,S-CLASS Coupe C126,KOMBI Kombi S123,SL Coupe C107,HECKFLOSSE W111, W112,SL W121; 0004634332, 0004634832, 0004635132, A0004634332, A0004634832, A0004635132; Ohjausiskunvaimennin<\/p>\n","protected":false},"excerpt":{"rendered":"<p>SACHS Ohjausvaimennin 170 581 Ohjausiskunvaimennin MERCEDES-BENZ,SL R107,Stufenheck W123,S-CLASS W126,COUPE C123,S-CLASS W108, W109,S-CLASS W116<\/p>\n","protected":false},"featured_media":0,"template":"","meta":{"site-sidebar-layout":"default","site-content-layout":"default","ast-global-header-display":"","ast-main-header-display":"","ast-hfb-above-header-display":"","ast-hfb-below-header-display":"","ast-hfb-mobile-header-display":"","site-post-title":"","ast-breadcrumbs-content":"","ast-featured-img":"","footer-sml-layout":"","theme-transparent-header-meta":"","adv-header-id-meta":"","stick-header-meta":"","header-above-stick-meta":"","header-main-stick-meta":"","header-below-stick-meta":""},"pwb-brand":[91],"product_cat":[475],"product_tag":[],"class_list":{"0":"post-40584","1":"product","2":"type-product","3":"status-publish","5":"pwb-brand-sachs","6":"product_cat-ohjausvaimennin","7":"desktop-align-left","8":"tablet-align-left","9":"mobile-align-left","11":"first","12":"instock","13":"product-type-external"},"brands":[{"id":91,"name":"SACHS","slug":"sachs"}],"_links":{"self":[{"href":"https:\/\/www.autonvaraosahaku.fi\/index.php?rest_route=\/wp\/v2\/product\/40584","targetHints":{"allow":["GET"]}}],"collection":[{"href":"https:\/\/www.autonvaraosahaku.fi\/index.php?rest_route=\/wp\/v2\/product"}],"about":[{"href":"https:\/\/www.autonvaraosahaku.fi\/index.php?rest_route=\/wp\/v2\/types\/product"}],"wp:attachment":[{"href":"https:\/\/www.autonvaraosahaku.fi\/index.php?rest_route=%2Fwp%2Fv2%2Fmedia&parent=40584"}],"wp:term":[{"taxonomy":"pwb-brand","embeddable":true,"href":"https:\/\/www.autonvaraosahaku.fi\/index.php?rest_route=%2Fwp%2Fv2%2Fpwb-brand&post=40584"},{"taxonomy":"product_cat","embeddable":true,"href":"https:\/\/www.autonvaraosahaku.fi\/index.php?rest_route=%2Fwp%2Fv2%2Fproduct_cat&post=40584"},{"taxonomy":"product_tag","embeddable":true,"href":"https:\/\/www.autonvaraosahaku.fi\/index.php?rest_route=%2Fwp%2Fv2%2Fproduct_tag&post=40584"}],"curies":[{"name":"wp","href":"https:\/\/api.w.org\/{rel}","templated":true}]}}