{"id":40606,"date":"2021-02-21T16:47:10","date_gmt":"2021-02-21T16:47:10","guid":{"rendered":"https:\/\/www.autonvaraosahaku.fi\/?product=herthbuss-jakoparts-j1317003-oljynsuodatin"},"modified":"2021-02-21T16:47:11","modified_gmt":"2021-02-21T16:47:11","slug":"herthbuss-jakoparts-j1317003-oljynsuodatin","status":"publish","type":"product","link":"https:\/\/www.autonvaraosahaku.fi\/?product=herthbuss-jakoparts-j1317003-oljynsuodatin","title":{"rendered":"HERTH+BUSS JAKOPARTS J1317003 \u00d6ljynsuodatin"},"content":{"rendered":"<p>Suodatintyyppi: Ruuvattava suodatin, Hauptstromfiltration; Pituus (mm): 78; Ulkol\u00e4pimitta [mm]: 80; Sis\u00e4kierre (mm): M20 x 1,5; V\u00e4ri: Musta; Suositellun erikoisty\u00f6kalun tuotenumero: J9131003, J9131002, J9131000; OPEL: CAMPO TF_,MONTEREY A UBS_; TOYOTA: GT 86 Coupe ZN6_; HYUNDAI: ix35 LM, EL, ELH,i30 FD,GETZ TB,i20 PB, PBT,TUCSON JM,i30 CW FD,i40 CW VF,SANTA F\u00c9 I SM,SANTA F\u00c9 II CM,i30 GD,ix20 JC,MATRIX FC,TERRACAN HP,i30 CW GD,COUPE GK,TRAJET FO,SONATA V NF,GALLOPER II JK-01,SANTA F\u00c9 III DM,i30 Coupe,SONATA IV EF,GENESIS Coupe,ACCENT II LC,COUPE RD,VELOSTER FS,i40 VF,H-1 Kasten,ACCENT III MC,H-1 \/ STAREX,ELANTRA XD,ACCENT III Stufenheck MC,ELANTRA Stufenheck XD,ACCENT I X-3,ACCENT II Stufenheck LC,XG XG,LANTRA II Wagon J-2,LANTRA II J-2,SANTAMO,ACCENT Stufenheck X-3,SONATA III Y-3,PONY X-2,LANTRA I J-1,TUCSON,S COUPE SLC,ELANTRA Stufenheck MD, UD,H100 Bus P,HIGHWAY VAN,PONY \/ EXCEL Stufenheck X-2,SONATA II Y-2,ACCENT IV Stufenheck RB,i30 PDE,H100 Pritsche\/Fahrgestell,IONIQ AE,i30 Kombi PDE,PONY,KONA OS,i30 FASTBACK PDE,STELLAR F31_, SF2_; MAZDA: 5 CR19,3 BK,6 Station Wagon GY,6 Kombi GH,323 F VI BJ,PREMACY CP,CX-7 ER,6 Hatchback GG,6 GG,3 BL,6 Schr\u00e4gheck GH,626 V Hatchback GF,3 Stufenheck BK,6 GH,MPV II LW,626 V GF,626 V Station Wagon GW,323 P V BA,3 Stufenheck BL,FAMILIA VI BJ,FAMILIA V BG8,323 III Hatchback BF,E-SERIE Kasten SR2,626 II GC,626 II Hatchback GC,B-SERIE UF,323 III BF,323 III Station Wagon BW,1300; KIA: SORENTO I JC,SPORTAGE SL,CEE&#8217;D SW ED,CEE&#8217;D Schr\u00e4gheck ED,SPORTAGE JE_, KM_,VENGA YN,SORENTO II XM,CARENS II FJ,RIO III UB,RIO II JB,CEE&#8217;D JD,CARENS III UN,CARNIVAL II GQ,CARNIVAL \/ GRAND CARNIVAL III VQ,CEE`D Sportswagon JD,PRO CEE&#8217;D ED,CARENS IV,SOUL AM,CERATO LD,MAGENTIS GD,MAGENTIS MG,PRO CEE\u00b4D JD,OPIRUS GH,SPORTAGE K00,CERATO Stufenheck LD,RIO II Stufenheck JB,OPTIMA,JOICE,RETONA CE,RIO III Stufenheck UB,SPORTAGE QL,CERATO II Stufenheck TD,SORENTO III,SOUL II PS,NIRO,OPTIMA Sportswagon,CERATO YD Stufenheck,CERATO KOUP TD,STINGER CK; HONDA: S2000 AP; MITSUBISHI: LANCER SPORTBACK CX_A,LANCER Stufenheck CY\/Z_A,CARISMA Stufenheck DA_,PAJERO III V7_W, V6_W,PAJERO IV V8_W, V9_W,PAJERO II V3_W, V2_W, V4_W,LANCER Stufenheck CS_A, CT0,PAJERO SPORT K90,GALLOPER JK-01,LANCER VI CJ-CP_,3000 GT Z16A,SIGMA F2_A, F1_A,PAJERO III Gel\u00e4ndewagen offen V6_W, V7_W,GALANT V Stufenheck E5_A, E7_A, E8_A,SIGMA Station Wagon F0_W,GALANT V E5_A, E7_A, E8_A,ECLIPSE III D5_A,PAJERO II Canvas Top V2_W, V4_W,ECLIPSE Cabriolet D5_A,SANTAMO,GTO Coupe Z1_A; SUBARU: FORESTER SH,LEGACY IV Station Wagon BL, BP, B13_,OUTBACK BL, BP,LEGACY IV BL, BP,LIBERO Bus E10, E12,OUTBACK BM, BR,BRZ,TRIBECA B9,JUSTY I KAD,SVX CX,REX II; LOTUS: ELAN; VAUXHALL: MONTEREY,BRAVA Pick-up; 04154PR3E00, 15400PCX003, 15400PCX004, 15400PCX305, 0RF0323802B, 2630011100, 2630021000, 2630021010, 2630021A00, 2630035004, 2630035014, 2630035054, 2630035056, 2630035156, 2630035500, 2630035500AT, 2630035501, 2630035502, 2630035502BR, 2630035503, 2630035503BR, 2630035504, 2630035505, 2630035530, 2630035531, 2630035A00, 263003E010, S263003550, S2630035501, S2630035502, S2630035503, 4295633, 4317086, 4318006, 5650304, 5876100080, 8941357471, 8941486610, 8941486611, 8941494180, 8942019422, 8942019423, 8942432700, 8942432701, 8942435021, 8942511100, 8942511101, 8944110840, 8944185410, 8944185411, 8944304111, 8944304112, 8944567410, 8944567411, 8944567412, 94201942, 94418541, 94456741, 0RF0323802A, 0RF0323802B, 2630011100, 2630021010, 2630021A00, 2630035004, 2630035014, 2630035054, 2630035056, 2630035156, 2630035500, 2630035501, 2630035502, 2630035503, 2630035504, 2630035505, 2630035530, 2630035531, 2630035A00, K71023820, S2630035503, A100E6085S, 032414300, 8FG1238029A, AM15143029A, B6Y&#8230;<\/p>\n","protected":false},"excerpt":{"rendered":"<p>HERTH+BUSS JAKOPARTS \u00d6ljynsuodatin J1317003  OPEL,TOYOTA,HYUNDAI,CAMPO TF_,MONTEREY A UBS_,GT 86 Coupe ZN6_,ix35 LM, EL, ELH,i30 FD,GETZ TB<\/p>\n","protected":false},"featured_media":0,"template":"","meta":{"site-sidebar-layout":"default","site-content-layout":"default","ast-global-header-display":"","ast-main-header-display":"","ast-hfb-above-header-display":"","ast-hfb-below-header-display":"","ast-hfb-mobile-header-display":"","site-post-title":"","ast-breadcrumbs-content":"","ast-featured-img":"","footer-sml-layout":"","theme-transparent-header-meta":"","adv-header-id-meta":"","stick-header-meta":"","header-above-stick-meta":"","header-main-stick-meta":"","header-below-stick-meta":""},"pwb-brand":[416],"product_cat":[30],"product_tag":[],"class_list":{"0":"post-40606","1":"product","2":"type-product","3":"status-publish","5":"pwb-brand-herthbuss-jakoparts","6":"product_cat-oljynsuodatin","7":"desktop-align-left","8":"tablet-align-left","9":"mobile-align-left","11":"first","12":"instock","13":"product-type-external"},"brands":[{"id":416,"name":"HERTH+BUSS JAKOPARTS","slug":"herthbuss-jakoparts"}],"_links":{"self":[{"href":"https:\/\/www.autonvaraosahaku.fi\/index.php?rest_route=\/wp\/v2\/product\/40606","targetHints":{"allow":["GET"]}}],"collection":[{"href":"https:\/\/www.autonvaraosahaku.fi\/index.php?rest_route=\/wp\/v2\/product"}],"about":[{"href":"https:\/\/www.autonvaraosahaku.fi\/index.php?rest_route=\/wp\/v2\/types\/product"}],"wp:attachment":[{"href":"https:\/\/www.autonvaraosahaku.fi\/index.php?rest_route=%2Fwp%2Fv2%2Fmedia&parent=40606"}],"wp:term":[{"taxonomy":"pwb-brand","embeddable":true,"href":"https:\/\/www.autonvaraosahaku.fi\/index.php?rest_route=%2Fwp%2Fv2%2Fpwb-brand&post=40606"},{"taxonomy":"product_cat","embeddable":true,"href":"https:\/\/www.autonvaraosahaku.fi\/index.php?rest_route=%2Fwp%2Fv2%2Fproduct_cat&post=40606"},{"taxonomy":"product_tag","embeddable":true,"href":"https:\/\/www.autonvaraosahaku.fi\/index.php?rest_route=%2Fwp%2Fv2%2Fproduct_tag&post=40606"}],"curies":[{"name":"wp","href":"https:\/\/api.w.org\/{rel}","templated":true}]}}