{"id":40668,"date":"2021-02-21T16:47:25","date_gmt":"2021-02-21T16:47:25","guid":{"rendered":"https:\/\/www.autonvaraosahaku.fi\/?product=lobro-304113-vetonivelen-suojakumi"},"modified":"2021-02-21T16:47:27","modified_gmt":"2021-02-21T16:47:27","slug":"lobro-304113-vetonivelen-suojakumi","status":"publish","type":"product","link":"https:\/\/www.autonvaraosahaku.fi\/?product=lobro-304113-vetonivelen-suojakumi","title":{"rendered":"L\u00d6BRO 304113 Vetonivelen suojakumi"},"content":{"rendered":"<p>Sis\u00e4l\u00e4pimitta 1 [mm]: 24; Sis\u00e4l\u00e4pimitta 2 [mm]: 57; Korkeus (mm): 98,00; Korvaava tuote\/korvaava tiedote 2: mutterilla; Kierremitta: M20x1,5; Paljekumin materiaali: NBR (nitriili-butadi-kumi); Uusi osa: ; Asennuspuoli: getriebeseitig; VW: GOLF IV 1J1,GOLF IV Variant 1J5,BORA 1J2,NEW BEETLE 9C1, 1C1,PHAETON 3D_,BORA Kombi 1J6,GOLF IV Van 1J1; AUDI: A3 8L1,TT 8N3,TT Roadster 8N9,R8 42,R8 Spyder; SKODA: OCTAVIA Combi 1U5,OCTAVIA 1U2; SEAT: LEON 1M1,TOLEDO II 1M2; BENTLEY: CONTINENTAL Coupe 3W_,CONTINENTAL Cabriolet 3W_,CONTINENTAL FLYING SPUR 3W_; 1J0498201E, 3D0598201, 1J0498201E, 3D0598201, 1J0498201E, 3D0598201, 1J0498201E, 3D0598201<\/p>\n","protected":false},"excerpt":{"rendered":"<p>L\u00d6BRO Paljekumisarja, Vetoakseli 304113  VW,AUDI,SKODA,GOLF IV 1J1,GOLF IV Variant 1J5,BORA 1J2,NEW BEETLE 9C1, 1C1,PHAETON 3D_,BORA Kombi 1J6<\/p>\n","protected":false},"featured_media":0,"template":"","meta":{"site-sidebar-layout":"default","site-content-layout":"default","ast-global-header-display":"","ast-main-header-display":"","ast-hfb-above-header-display":"","ast-hfb-below-header-display":"","ast-hfb-mobile-header-display":"","site-post-title":"","ast-breadcrumbs-content":"","ast-featured-img":"","footer-sml-layout":"","theme-transparent-header-meta":"","adv-header-id-meta":"","stick-header-meta":"","header-above-stick-meta":"","header-main-stick-meta":"","header-below-stick-meta":""},"pwb-brand":[272],"product_cat":[42],"product_tag":[],"class_list":{"0":"post-40668","1":"product","2":"type-product","3":"status-publish","5":"pwb-brand-lobro","6":"product_cat-vetonivelen-suojakumi","7":"desktop-align-left","8":"tablet-align-left","9":"mobile-align-left","11":"first","12":"instock","13":"product-type-external"},"brands":[{"id":272,"name":"L\u00d6BRO","slug":"lobro"}],"_links":{"self":[{"href":"https:\/\/www.autonvaraosahaku.fi\/index.php?rest_route=\/wp\/v2\/product\/40668","targetHints":{"allow":["GET"]}}],"collection":[{"href":"https:\/\/www.autonvaraosahaku.fi\/index.php?rest_route=\/wp\/v2\/product"}],"about":[{"href":"https:\/\/www.autonvaraosahaku.fi\/index.php?rest_route=\/wp\/v2\/types\/product"}],"wp:attachment":[{"href":"https:\/\/www.autonvaraosahaku.fi\/index.php?rest_route=%2Fwp%2Fv2%2Fmedia&parent=40668"}],"wp:term":[{"taxonomy":"pwb-brand","embeddable":true,"href":"https:\/\/www.autonvaraosahaku.fi\/index.php?rest_route=%2Fwp%2Fv2%2Fpwb-brand&post=40668"},{"taxonomy":"product_cat","embeddable":true,"href":"https:\/\/www.autonvaraosahaku.fi\/index.php?rest_route=%2Fwp%2Fv2%2Fproduct_cat&post=40668"},{"taxonomy":"product_tag","embeddable":true,"href":"https:\/\/www.autonvaraosahaku.fi\/index.php?rest_route=%2Fwp%2Fv2%2Fproduct_tag&post=40668"}],"curies":[{"name":"wp","href":"https:\/\/api.w.org\/{rel}","templated":true}]}}