{"id":40672,"date":"2021-02-21T16:47:25","date_gmt":"2021-02-21T16:47:25","guid":{"rendered":"https:\/\/www.autonvaraosahaku.fi\/?product=bosal-220-039-keskimmainen-aanenvaimennin"},"modified":"2021-02-21T16:47:28","modified_gmt":"2021-02-21T16:47:28","slug":"bosal-220-039-keskimmainen-aanenvaimennin","status":"publish","type":"product","link":"https:\/\/www.autonvaraosahaku.fi\/?product=bosal-220-039-keskimmainen-aanenvaimennin","title":{"rendered":"BOSAL 220-039 Keskimm\u00e4inen \u00e4\u00e4nenvaimennin"},"content":{"rendered":"<p>Valmistusvuoteen: 04\/2007; VW: POLO 9N_,POLO Stufenheck 9A4; SKODA: FABIA Combi 6Y5,FABIA,FABIA 6Y2,FABIA Combi,FABIA Stufenheck 6Y3,FABIA Praktik; SEAT: IBIZA IV 6L1,IBIZA V 6J5, 6P5,IBIZA V SPORTCOUPE 6J1, 6P1,CORDOBA 6L2; 6Q0253209AA, 6Q0253209AG, 6Q0253209AJ, 6Q0253209B, 6Q0253209BC, 6Q0253209M, 6Q0253209P, 6Q0253209T, 6Y0253209, JZW253209AB, JZW253209K, 6Q0253209, 6Q0253209A, 6Q0253209AA, 6Q0253209AG, 6Q0253209AJ, 6Q0253209B, 6Q0253209BC, 6Q0253209N, 6Q0253209P, 6Q0253209T, JZW253209AB, JZW253209K, 6Q0253209AA, 6Q0253209AG, 6Q0253209AJ, 6Q0253209AK, 6Q0253209BC, 6Q0253209BF, 6Q0253209P, JZW253209AB; Keski \u00c4\u00e4nenvaimennin,Keski\u00e4\u00e4nenvaimentaja<\/p>\n","protected":false},"excerpt":{"rendered":"<p>BOSAL Keskimm\u00e4inen \u00c4\u00e4nenvaimennin 220-039 Keski \u00c4\u00e4nenvaimennin,Keski\u00e4\u00e4nenvaimentaja VW,SKODA,SEAT,POLO 9N_,POLO Stufenheck 9A4,FABIA Combi 6Y5,FABIA<\/p>\n","protected":false},"featured_media":0,"template":"","meta":{"site-sidebar-layout":"default","site-content-layout":"default","ast-global-header-display":"","ast-main-header-display":"","ast-hfb-above-header-display":"","ast-hfb-below-header-display":"","ast-hfb-mobile-header-display":"","site-post-title":"","ast-breadcrumbs-content":"","ast-featured-img":"","footer-sml-layout":"","theme-transparent-header-meta":"","adv-header-id-meta":"","stick-header-meta":"","header-above-stick-meta":"","header-main-stick-meta":"","header-below-stick-meta":""},"pwb-brand":[248],"product_cat":[212],"product_tag":[],"class_list":{"0":"post-40672","1":"product","2":"type-product","3":"status-publish","5":"pwb-brand-bosal","6":"product_cat-keskimmainen-aanenvaimennin","7":"desktop-align-left","8":"tablet-align-left","9":"mobile-align-left","11":"first","12":"instock","13":"product-type-external"},"brands":[{"id":248,"name":"BOSAL","slug":"bosal"}],"_links":{"self":[{"href":"https:\/\/www.autonvaraosahaku.fi\/index.php?rest_route=\/wp\/v2\/product\/40672","targetHints":{"allow":["GET"]}}],"collection":[{"href":"https:\/\/www.autonvaraosahaku.fi\/index.php?rest_route=\/wp\/v2\/product"}],"about":[{"href":"https:\/\/www.autonvaraosahaku.fi\/index.php?rest_route=\/wp\/v2\/types\/product"}],"wp:attachment":[{"href":"https:\/\/www.autonvaraosahaku.fi\/index.php?rest_route=%2Fwp%2Fv2%2Fmedia&parent=40672"}],"wp:term":[{"taxonomy":"pwb-brand","embeddable":true,"href":"https:\/\/www.autonvaraosahaku.fi\/index.php?rest_route=%2Fwp%2Fv2%2Fpwb-brand&post=40672"},{"taxonomy":"product_cat","embeddable":true,"href":"https:\/\/www.autonvaraosahaku.fi\/index.php?rest_route=%2Fwp%2Fv2%2Fproduct_cat&post=40672"},{"taxonomy":"product_tag","embeddable":true,"href":"https:\/\/www.autonvaraosahaku.fi\/index.php?rest_route=%2Fwp%2Fv2%2Fproduct_tag&post=40672"}],"curies":[{"name":"wp","href":"https:\/\/api.w.org\/{rel}","templated":true}]}}