{"id":40686,"date":"2021-02-21T16:47:30","date_gmt":"2021-02-21T16:47:30","guid":{"rendered":"https:\/\/www.autonvaraosahaku.fi\/?product=ngk-3720-sytytystulpat"},"modified":"2021-02-21T16:47:32","modified_gmt":"2021-02-21T16:47:32","slug":"ngk-3720-sytytystulpat","status":"publish","type":"product","link":"https:\/\/www.autonvaraosahaku.fi\/?product=ngk-3720-sytytystulpat","title":{"rendered":"NGK 3720 Sytytystulpat"},"content":{"rendered":"<p>Avainv\u00e4li: 16 mm; Ulkokierre [mm]: 14,0; Kierteen pituus (mm): 19,0; Sytytystulppa: kiinte\u00e4 SAE-liitin, Nikkeli-keskielektrodi, 1-maaelektroodi, H\u00e4iri\u00f6npoisto, 5 k-ohm, suoralla istukalla; Kipin\u00e4et\u00e4isyys [mm]: 4,0; TECDOC-moottorinumero: 3824; HONDA: CRX I AF, AS; TOYOTA: COROLLA Liftback _E9_,MR 2 I AW1_,CARINA II _T17_,CARINA II Stufenheck _T17_,COROLLA Coupe AE86,CELICA Liftback ST16_, AT16_,CAMRY _V2_,CELICA Coupe _A6_,CARINA II Station Wagon _T17_,COROLLA FX Compact E8B,CAMRY Station Wagon _V2_; 99906910P9024, 9807956149, 9807956158, 089220102083, 9009820985, 9009870034, 9091901131, 9091901132, F22118110, 089220102083, 9009820985, 9009870034, 9091901131, 9091901132; Tulpat,Sytytystulppa<\/p>\n","protected":false},"excerpt":{"rendered":"<p>NGK Sytytystulpat 3720 Tulpat,Sytytystulppa HONDA,TOYOTA,CRX I AF, AS,COROLLA Liftback _E9_,MR 2 I AW1_,CARINA II _T17_,CARINA II Stufenheck _T17_<\/p>\n","protected":false},"featured_media":0,"template":"","meta":{"site-sidebar-layout":"default","site-content-layout":"default","ast-global-header-display":"","ast-main-header-display":"","ast-hfb-above-header-display":"","ast-hfb-below-header-display":"","ast-hfb-mobile-header-display":"","site-post-title":"","ast-breadcrumbs-content":"","ast-featured-img":"","footer-sml-layout":"","theme-transparent-header-meta":"","adv-header-id-meta":"","stick-header-meta":"","header-above-stick-meta":"","header-main-stick-meta":"","header-below-stick-meta":""},"pwb-brand":[189],"product_cat":[165],"product_tag":[],"class_list":{"0":"post-40686","1":"product","2":"type-product","3":"status-publish","5":"pwb-brand-ngk","6":"product_cat-sytytystulpat","7":"desktop-align-left","8":"tablet-align-left","9":"mobile-align-left","11":"first","12":"instock","13":"product-type-external"},"brands":[{"id":189,"name":"NGK","slug":"ngk"}],"_links":{"self":[{"href":"https:\/\/www.autonvaraosahaku.fi\/index.php?rest_route=\/wp\/v2\/product\/40686","targetHints":{"allow":["GET"]}}],"collection":[{"href":"https:\/\/www.autonvaraosahaku.fi\/index.php?rest_route=\/wp\/v2\/product"}],"about":[{"href":"https:\/\/www.autonvaraosahaku.fi\/index.php?rest_route=\/wp\/v2\/types\/product"}],"wp:attachment":[{"href":"https:\/\/www.autonvaraosahaku.fi\/index.php?rest_route=%2Fwp%2Fv2%2Fmedia&parent=40686"}],"wp:term":[{"taxonomy":"pwb-brand","embeddable":true,"href":"https:\/\/www.autonvaraosahaku.fi\/index.php?rest_route=%2Fwp%2Fv2%2Fpwb-brand&post=40686"},{"taxonomy":"product_cat","embeddable":true,"href":"https:\/\/www.autonvaraosahaku.fi\/index.php?rest_route=%2Fwp%2Fv2%2Fproduct_cat&post=40686"},{"taxonomy":"product_tag","embeddable":true,"href":"https:\/\/www.autonvaraosahaku.fi\/index.php?rest_route=%2Fwp%2Fv2%2Fproduct_tag&post=40686"}],"curies":[{"name":"wp","href":"https:\/\/api.w.org\/{rel}","templated":true}]}}