{"id":40689,"date":"2021-02-21T16:47:30","date_gmt":"2021-02-21T16:47:30","guid":{"rendered":"https:\/\/www.autonvaraosahaku.fi\/?product=van-wezel-40002267-jaahdytin"},"modified":"2021-02-21T16:47:33","modified_gmt":"2021-02-21T16:47:33","slug":"van-wezel-40002267-jaahdytin","status":"publish","type":"product","link":"https:\/\/www.autonvaraosahaku.fi\/?product=van-wezel-40002267-jaahdytin","title":{"rendered":"VAN WEZEL 40002267 J\u00e4\u00e4hdytin"},"content":{"rendered":"<p>J\u00e4hdytysripamateriaali: Alumiini; J\u00e4\u00e4hdytintyyppi: J\u00e4\u00e4hdytysrivat juotetut; Matriaali j\u00e4\u00e4hdyttimen s\u00e4ili\u00f6: Muovi; Lis\u00e4tarvike\/lis\u00e4tieto: Tarvikkeilla; Sis\u00e4\u00e4ntulo-\u00d8 1 [mm]: 32; Ulostulo-\u00d8 1 [mm]: 32; Jatkoliittimet\/supistusnipat (pneumatiikka): Jatkoliitin; Verkon pituus [mm]: 390; Verkon leveys [mm]: 535; Verkon syvyys [mm]: 30; Laatu: IR PLUS; Tuotelinja: *** IR PLUS ***; Vaihteistomalli: Schaltgetriebe; PEUGEOT: 307 SW 3H,307 CC 3B,407 SW 6E_,307 3A\/C,308 SW,308 4A_, 4C_,5008,307 Break 3E,407 6D_,3008,PARTNER Tepee,RCZ,308 CC,PARTNER Kasten,PARTNER Pritsche\/Fahrgestell; CITRO\u00cbN: BERLINGO B9,C5 III Break TD_,C4 Picasso I UD_,C4 Grand Picasso I UA_,C4 I LC_,C5 II Break RE_,C3 Picasso,C5 III RD_,C4 Coupe LA_,C4 II B7,C5 II RC_,BERLINGO Kasten B9,DS4,DS5,BERLINGO Pritsche\/Fahrgestell B9; 1330F5, 1330S8; Syyl\u00e4ri,J\u00e4\u00e4hdytin,Moottorin J\u00e4\u00e4hdytys<\/p>\n","protected":false},"excerpt":{"rendered":"<p>VAN WEZEL J\u00e4\u00e4hdytin 40002267 Syyl\u00e4ri,J\u00e4\u00e4hdytin,Moottorin J\u00e4\u00e4hdytys PEUGEOT,CITRO\u00cbN,307 SW 3H,307 CC 3B,407 SW 6E_,307 3A\/C,308 SW,308 4A_, 4C_,5008<\/p>\n","protected":false},"featured_media":0,"template":"","meta":{"site-sidebar-layout":"default","site-content-layout":"default","ast-global-header-display":"","ast-main-header-display":"","ast-hfb-above-header-display":"","ast-hfb-below-header-display":"","ast-hfb-mobile-header-display":"","site-post-title":"","ast-breadcrumbs-content":"","ast-featured-img":"","footer-sml-layout":"","theme-transparent-header-meta":"","adv-header-id-meta":"","stick-header-meta":"","header-above-stick-meta":"","header-main-stick-meta":"","header-below-stick-meta":""},"pwb-brand":[54],"product_cat":[421],"product_tag":[],"class_list":{"0":"post-40689","1":"product","2":"type-product","3":"status-publish","5":"pwb-brand-van-wezel","6":"product_cat-jaahdytin","7":"desktop-align-left","8":"tablet-align-left","9":"mobile-align-left","11":"first","12":"instock","13":"product-type-external"},"brands":[{"id":54,"name":"VAN WEZEL","slug":"van-wezel"}],"_links":{"self":[{"href":"https:\/\/www.autonvaraosahaku.fi\/index.php?rest_route=\/wp\/v2\/product\/40689","targetHints":{"allow":["GET"]}}],"collection":[{"href":"https:\/\/www.autonvaraosahaku.fi\/index.php?rest_route=\/wp\/v2\/product"}],"about":[{"href":"https:\/\/www.autonvaraosahaku.fi\/index.php?rest_route=\/wp\/v2\/types\/product"}],"wp:attachment":[{"href":"https:\/\/www.autonvaraosahaku.fi\/index.php?rest_route=%2Fwp%2Fv2%2Fmedia&parent=40689"}],"wp:term":[{"taxonomy":"pwb-brand","embeddable":true,"href":"https:\/\/www.autonvaraosahaku.fi\/index.php?rest_route=%2Fwp%2Fv2%2Fpwb-brand&post=40689"},{"taxonomy":"product_cat","embeddable":true,"href":"https:\/\/www.autonvaraosahaku.fi\/index.php?rest_route=%2Fwp%2Fv2%2Fproduct_cat&post=40689"},{"taxonomy":"product_tag","embeddable":true,"href":"https:\/\/www.autonvaraosahaku.fi\/index.php?rest_route=%2Fwp%2Fv2%2Fproduct_tag&post=40689"}],"curies":[{"name":"wp","href":"https:\/\/api.w.org\/{rel}","templated":true}]}}