{"id":40707,"date":"2021-02-21T16:47:35","date_gmt":"2021-02-21T16:47:35","guid":{"rendered":"https:\/\/www.autonvaraosahaku.fi\/?product=lemforder-34742-01-moottorin-kumityyny"},"modified":"2021-02-21T16:47:37","modified_gmt":"2021-02-21T16:47:37","slug":"lemforder-34742-01-moottorin-kumityyny","status":"publish","type":"product","link":"https:\/\/www.autonvaraosahaku.fi\/?product=lemforder-34742-01-moottorin-kumityyny","title":{"rendered":"LEMF\u00d6RDER 34742 01 Moottorin kumityyny"},"content":{"rendered":"<p>Kiinnitysmalli: S\u00e4hk\u00f6s\u00e4\u00e4t\u00f6inen moottorityyny; Asennuspuoli: rechts; AUDI: A4 Avant 8K5, B8,A4 8K2, B8,Q5 8R,A5 8T3,A5 Sportback 8TA,A4 Allroad 8KH, B8,A5 Cabriolet 8F7; PORSCHE: MACAN; 8K0199381DQ, 8K0199381DS, 8K0199381JR, 8K0199381KR, 8K0199381NF, 8K0199381NG, 8K0199381NM, 8K0199381NR, 8R0199381N, 8R0199381Q, 8R0199381Q; Moottorin Tukikumit,Moottorin Tuki<\/p>\n","protected":false},"excerpt":{"rendered":"<p>LEMF\u00d6RDER Moottorin Kumityyny 34742 01 Moottorin Tukikumit,Moottorin Tuki AUDI,PORSCHE,A4 Avant 8K5, B8,A4 8K2, B8,Q5 8R,A5 8T3,A5 Sportback 8TA<\/p>\n","protected":false},"featured_media":0,"template":"","meta":{"site-sidebar-layout":"default","site-content-layout":"default","ast-global-header-display":"","ast-main-header-display":"","ast-hfb-above-header-display":"","ast-hfb-below-header-display":"","ast-hfb-mobile-header-display":"","site-post-title":"","ast-breadcrumbs-content":"","ast-featured-img":"","footer-sml-layout":"","theme-transparent-header-meta":"","adv-header-id-meta":"","stick-header-meta":"","header-above-stick-meta":"","header-main-stick-meta":"","header-below-stick-meta":""},"pwb-brand":[77],"product_cat":[74],"product_tag":[],"class_list":{"0":"post-40707","1":"product","2":"type-product","3":"status-publish","5":"pwb-brand-lemforder","6":"product_cat-moottorin-kumityyny","7":"desktop-align-left","8":"tablet-align-left","9":"mobile-align-left","11":"first","12":"instock","13":"product-type-external"},"brands":[{"id":77,"name":"LEMF\u00d6RDER","slug":"lemforder"}],"_links":{"self":[{"href":"https:\/\/www.autonvaraosahaku.fi\/index.php?rest_route=\/wp\/v2\/product\/40707","targetHints":{"allow":["GET"]}}],"collection":[{"href":"https:\/\/www.autonvaraosahaku.fi\/index.php?rest_route=\/wp\/v2\/product"}],"about":[{"href":"https:\/\/www.autonvaraosahaku.fi\/index.php?rest_route=\/wp\/v2\/types\/product"}],"wp:attachment":[{"href":"https:\/\/www.autonvaraosahaku.fi\/index.php?rest_route=%2Fwp%2Fv2%2Fmedia&parent=40707"}],"wp:term":[{"taxonomy":"pwb-brand","embeddable":true,"href":"https:\/\/www.autonvaraosahaku.fi\/index.php?rest_route=%2Fwp%2Fv2%2Fpwb-brand&post=40707"},{"taxonomy":"product_cat","embeddable":true,"href":"https:\/\/www.autonvaraosahaku.fi\/index.php?rest_route=%2Fwp%2Fv2%2Fproduct_cat&post=40707"},{"taxonomy":"product_tag","embeddable":true,"href":"https:\/\/www.autonvaraosahaku.fi\/index.php?rest_route=%2Fwp%2Fv2%2Fproduct_tag&post=40707"}],"curies":[{"name":"wp","href":"https:\/\/api.w.org\/{rel}","templated":true}]}}