{"id":40724,"date":"2021-02-21T16:47:41","date_gmt":"2021-02-21T16:47:41","guid":{"rendered":"https:\/\/www.autonvaraosahaku.fi\/?product=valeo-088044-sumuvalot"},"modified":"2021-02-21T16:47:42","modified_gmt":"2021-02-21T16:47:42","slug":"valeo-088044-sumuvalot","status":"publish","type":"product","link":"https:\/\/www.autonvaraosahaku.fi\/?product=valeo-088044-sumuvalot","title":{"rendered":"VALEO 088044 Sumuvalot"},"content":{"rendered":"<p>Asennuspuoli: Vasen; Lasin v\u00e4ri: Valkoinen; Lamppumalli: H11; Muoto: Py\u00f6re\u00e4; Paino [kg]: 0,296; Tuotelinja: FOGSTAR; Valmistusvuoteen: 12\/2012; NISSAN: QASHQAI \/ QASHQAI +2 J10, JJ10,MICRA III K12,X-TRAIL T30,ALMERA II Hatchback N16,MICRA IV K13,PRIMERA Kombi WP12,PRIMERA P12,MICRA C+C K12,PRIMERA Hatchback P12,ALMERA Mk II N16; OPEL: MOVANO B Kasten,MOVANO B Bus,MOVANO B Pritsche\/Fahrgestell; RENAULT: CLIO II BB0\/1\/2_, CB0\/1\/2_,CLIO III BR0\/1, CR0\/1,ESPACE IV JK0\/1_,MODUS \/ GRAND MODUS F\/JP0_,LAGUNA II Grandtour KG0\/1_,LAGUNA II BG0\/1_,KOLEOS HY_,CLIO Grandtour KR0\/1_,MASTER III Kasten FV,TWIZY MAM_,VEL SATIS BJ0_,CLIO II Kasten SB0\/1\/2_,WIND E4M_,MASTER III Bus JV,MASTER III Pritsche\/Fahrgestell EV, HV, UV,ESPACE I J11_,THALIA I LB0\/1\/2_,CLIO III Kasten SB_, SR_,THALIA II LU1\/2_; VAUXHALL: MOVANO Mk II B VAN,MOVANO Mk II B Chassis\/Cab; 261558990A, 2615589925, 2615589926, 261558993A, 26155AU325, B6A558990A, 4419374, 8200002469, 8200301026, 93197456; Sumuvalo<\/p>\n","protected":false},"excerpt":{"rendered":"<p>VALEO Sumuvalot 088044 Sumuvalo NISSAN,OPEL,RENAULT,QASHQAI \/ QASHQAI +2 J10, JJ10,MICRA III K12,X-TRAIL T30,ALMERA II Hatchback N16,MICRA IV K13<\/p>\n","protected":false},"featured_media":0,"template":"","meta":{"site-sidebar-layout":"default","site-content-layout":"default","ast-global-header-display":"","ast-main-header-display":"","ast-hfb-above-header-display":"","ast-hfb-below-header-display":"","ast-hfb-mobile-header-display":"","site-post-title":"","ast-breadcrumbs-content":"","ast-featured-img":"","footer-sml-layout":"","theme-transparent-header-meta":"","adv-header-id-meta":"","stick-header-meta":"","header-above-stick-meta":"","header-main-stick-meta":"","header-below-stick-meta":""},"pwb-brand":[28],"product_cat":[119],"product_tag":[],"class_list":{"0":"post-40724","1":"product","2":"type-product","3":"status-publish","5":"pwb-brand-valeo","6":"product_cat-sumuvalot","7":"desktop-align-left","8":"tablet-align-left","9":"mobile-align-left","11":"first","12":"instock","13":"product-type-external"},"brands":[{"id":28,"name":"VALEO","slug":"valeo"}],"_links":{"self":[{"href":"https:\/\/www.autonvaraosahaku.fi\/index.php?rest_route=\/wp\/v2\/product\/40724","targetHints":{"allow":["GET"]}}],"collection":[{"href":"https:\/\/www.autonvaraosahaku.fi\/index.php?rest_route=\/wp\/v2\/product"}],"about":[{"href":"https:\/\/www.autonvaraosahaku.fi\/index.php?rest_route=\/wp\/v2\/types\/product"}],"wp:attachment":[{"href":"https:\/\/www.autonvaraosahaku.fi\/index.php?rest_route=%2Fwp%2Fv2%2Fmedia&parent=40724"}],"wp:term":[{"taxonomy":"pwb-brand","embeddable":true,"href":"https:\/\/www.autonvaraosahaku.fi\/index.php?rest_route=%2Fwp%2Fv2%2Fpwb-brand&post=40724"},{"taxonomy":"product_cat","embeddable":true,"href":"https:\/\/www.autonvaraosahaku.fi\/index.php?rest_route=%2Fwp%2Fv2%2Fproduct_cat&post=40724"},{"taxonomy":"product_tag","embeddable":true,"href":"https:\/\/www.autonvaraosahaku.fi\/index.php?rest_route=%2Fwp%2Fv2%2Fproduct_tag&post=40724"}],"curies":[{"name":"wp","href":"https:\/\/api.w.org\/{rel}","templated":true}]}}