{"id":40896,"date":"2021-02-21T16:48:15","date_gmt":"2021-02-21T16:48:15","guid":{"rendered":"https:\/\/www.autonvaraosahaku.fi\/?product=lemforder-33835-01-alatukivarsi"},"modified":"2021-02-21T16:48:18","modified_gmt":"2021-02-21T16:48:18","slug":"lemforder-33835-01-alatukivarsi","status":"publish","type":"product","link":"https:\/\/www.autonvaraosahaku.fi\/?product=lemforder-33835-01-alatukivarsi","title":{"rendered":"LEMF\u00d6RDER 33835 01 Alatukivarsi"},"content":{"rendered":"<p>Ohjausmalli: Poikittaistukivarsi; Asennuspuoli: Etuakseli, Oikea; Materiaali: Ter\u00e4svalu; Suositellun tarvikkeen tuotenumero: 38397 01; parilliset tuotenumerot: 33834 01; Alustanumeroon: 1K 9 855 0000; VW: GOLF V 1K1,TOURAN 1T1, 1T2,GOLF VI 5K1,GOLF PLUS 5M1, 521,CADDY III Kombi 2KB, 2KJ, 2CB, 2CJ,GOLF VI Variant AJ5,GOLF V Variant 1K5,CADDY III Kasten 2KA, 2KH, 2CA, 2CH,EOS 1F7, 1F8,SCIROCCO 137, 138,JETTA III 1K2,GOLF VI Cabriolet 517; AUDI: A3 8P1,A3 Sportback 8PA,A3 Cabriolet 8P7; SKODA: OCTAVIA Combi 1Z5,SUPERB Kombi 3T5,OCTAVIA 1Z3,SUPERB 3T4; SEAT: LEON 1P1,ALTEA 5P1,ALTEA XL 5P5, 5P8,TOLEDO III 5P2; 1K0407152AC, 1K0407152AL, 1K0407152M, 1K0407152AC, 1K0407152AL, 1K0407152M, 1K0407152AC, 1K0407152AL, 1K0407152M, 1K0407152T, 1K0407152AC, 1K0407152AL, 1K0407152M; Tukivarsi,Tukivarsi, Py\u00f6r\u00e4ntuenta<\/p>\n","protected":false},"excerpt":{"rendered":"<p>LEMF\u00d6RDER Alatukivarsi 33835 01 Tukivarsi,Tukivarsi, Py\u00f6r\u00e4ntuenta VW,AUDI,SKODA,GOLF V 1K1,TOURAN 1T1, 1T2,GOLF VI 5K1,GOLF PLUS 5M1, 521<\/p>\n","protected":false},"featured_media":0,"template":"","meta":{"site-sidebar-layout":"default","site-content-layout":"default","ast-global-header-display":"","ast-main-header-display":"","ast-hfb-above-header-display":"","ast-hfb-below-header-display":"","ast-hfb-mobile-header-display":"","site-post-title":"","ast-breadcrumbs-content":"","ast-featured-img":"","footer-sml-layout":"","theme-transparent-header-meta":"","adv-header-id-meta":"","stick-header-meta":"","header-above-stick-meta":"","header-main-stick-meta":"","header-below-stick-meta":""},"pwb-brand":[77],"product_cat":[62],"product_tag":[],"class_list":{"0":"post-40896","1":"product","2":"type-product","3":"status-publish","5":"pwb-brand-lemforder","6":"product_cat-alatukivarsi","7":"desktop-align-left","8":"tablet-align-left","9":"mobile-align-left","11":"first","12":"instock","13":"product-type-external"},"brands":[{"id":77,"name":"LEMF\u00d6RDER","slug":"lemforder"}],"_links":{"self":[{"href":"https:\/\/www.autonvaraosahaku.fi\/index.php?rest_route=\/wp\/v2\/product\/40896","targetHints":{"allow":["GET"]}}],"collection":[{"href":"https:\/\/www.autonvaraosahaku.fi\/index.php?rest_route=\/wp\/v2\/product"}],"about":[{"href":"https:\/\/www.autonvaraosahaku.fi\/index.php?rest_route=\/wp\/v2\/types\/product"}],"wp:attachment":[{"href":"https:\/\/www.autonvaraosahaku.fi\/index.php?rest_route=%2Fwp%2Fv2%2Fmedia&parent=40896"}],"wp:term":[{"taxonomy":"pwb-brand","embeddable":true,"href":"https:\/\/www.autonvaraosahaku.fi\/index.php?rest_route=%2Fwp%2Fv2%2Fpwb-brand&post=40896"},{"taxonomy":"product_cat","embeddable":true,"href":"https:\/\/www.autonvaraosahaku.fi\/index.php?rest_route=%2Fwp%2Fv2%2Fproduct_cat&post=40896"},{"taxonomy":"product_tag","embeddable":true,"href":"https:\/\/www.autonvaraosahaku.fi\/index.php?rest_route=%2Fwp%2Fv2%2Fproduct_tag&post=40896"}],"curies":[{"name":"wp","href":"https:\/\/api.w.org\/{rel}","templated":true}]}}