{"id":40920,"date":"2021-02-21T16:48:24","date_gmt":"2021-02-21T16:48:24","guid":{"rendered":"https:\/\/www.autonvaraosahaku.fi\/?product=valeo-731526-jaahdytin"},"modified":"2021-02-21T16:48:24","modified_gmt":"2021-02-21T16:48:24","slug":"valeo-731526-jaahdytin","status":"publish","type":"product","link":"https:\/\/www.autonvaraosahaku.fi\/?product=valeo-731526-jaahdytin","title":{"rendered":"VALEO 731526 J\u00e4\u00e4hdytin"},"content":{"rendered":"<p>Paksuus [mm]: 23; Leveys (mm): 322; Korkeus (mm): 530; Materiaali: Alumiini; Sis\u00e4\u00e4ntulol\u00e4pimitta [mm]: 32; Ulostulon l\u00e4pimitta [mm]: 32; L\u00e4mmityslaite \/ j\u00e4\u00e4hdytys: Nestes\u00e4ili\u00f6ll\u00e4, Autoihin ilman \u00f6ljyj\u00e4\u00e4hdytint\u00e4; Korvaava tuote\/korvaava tiedote 2: kylm\u00e4aines\u00e4\u00e4timell\u00e4; Paino [kg]: 3,66; Valmistusvuoteen: 03\/1996; CITRO\u00cbN: SAXO S0, S1; PEUGEOT: 106 II 1,PARTNER Combispace 5F,106 I 1A, 1C,PARTNER Kasten 5; 1301SX, 1301SY, 1301SZ, 133011, 1330A8, 1330A9, 1331HQ, 1331K2, 1331K3, 1331PL, 1331TH, 1331TJ, 1609537580, 1301HX, 133001, 133029, 133087, 1330A8, 133104, 133105, 1331LW, 1331S9, 1331T0, 1331T1, 1331T2, 1331TH; Syyl\u00e4ri,J\u00e4\u00e4hdytin,Moottorin J\u00e4\u00e4hdytys<\/p>\n","protected":false},"excerpt":{"rendered":"<p>VALEO J\u00e4\u00e4hdytin 731526 Syyl\u00e4ri,J\u00e4\u00e4hdytin,Moottorin J\u00e4\u00e4hdytys CITRO\u00cbN,PEUGEOT,SAXO S0, S1,106 II 1,PARTNER Combispace 5F,106 I 1A, 1C,PARTNER Kasten 5<\/p>\n","protected":false},"featured_media":0,"template":"","meta":{"site-sidebar-layout":"default","site-content-layout":"default","ast-global-header-display":"","ast-main-header-display":"","ast-hfb-above-header-display":"","ast-hfb-below-header-display":"","ast-hfb-mobile-header-display":"","site-post-title":"","ast-breadcrumbs-content":"","ast-featured-img":"","footer-sml-layout":"","theme-transparent-header-meta":"","adv-header-id-meta":"","stick-header-meta":"","header-above-stick-meta":"","header-main-stick-meta":"","header-below-stick-meta":""},"pwb-brand":[28],"product_cat":[421],"product_tag":[],"class_list":{"0":"post-40920","1":"product","2":"type-product","3":"status-publish","5":"pwb-brand-valeo","6":"product_cat-jaahdytin","7":"desktop-align-left","8":"tablet-align-left","9":"mobile-align-left","11":"first","12":"instock","13":"product-type-external"},"brands":[{"id":28,"name":"VALEO","slug":"valeo"}],"_links":{"self":[{"href":"https:\/\/www.autonvaraosahaku.fi\/index.php?rest_route=\/wp\/v2\/product\/40920","targetHints":{"allow":["GET"]}}],"collection":[{"href":"https:\/\/www.autonvaraosahaku.fi\/index.php?rest_route=\/wp\/v2\/product"}],"about":[{"href":"https:\/\/www.autonvaraosahaku.fi\/index.php?rest_route=\/wp\/v2\/types\/product"}],"wp:attachment":[{"href":"https:\/\/www.autonvaraosahaku.fi\/index.php?rest_route=%2Fwp%2Fv2%2Fmedia&parent=40920"}],"wp:term":[{"taxonomy":"pwb-brand","embeddable":true,"href":"https:\/\/www.autonvaraosahaku.fi\/index.php?rest_route=%2Fwp%2Fv2%2Fpwb-brand&post=40920"},{"taxonomy":"product_cat","embeddable":true,"href":"https:\/\/www.autonvaraosahaku.fi\/index.php?rest_route=%2Fwp%2Fv2%2Fproduct_cat&post=40920"},{"taxonomy":"product_tag","embeddable":true,"href":"https:\/\/www.autonvaraosahaku.fi\/index.php?rest_route=%2Fwp%2Fv2%2Fproduct_tag&post=40920"}],"curies":[{"name":"wp","href":"https:\/\/api.w.org\/{rel}","templated":true}]}}