{"id":41006,"date":"2021-02-21T16:48:41","date_gmt":"2021-02-21T16:48:41","guid":{"rendered":"https:\/\/www.autonvaraosahaku.fi\/?product=ngk-7015-sytytysjohto"},"modified":"2021-02-21T16:48:43","modified_gmt":"2021-02-21T16:48:43","slug":"ngk-7015-sytytysjohto","status":"publish","type":"product","link":"https:\/\/www.autonvaraosahaku.fi\/?product=ngk-7015-sytytysjohto","title":{"rendered":"NGK 7015 Sytytysjohto"},"content":{"rendered":"<p>Varusteet: ajoneuvoille ilman virranjakajaa; johtojen lukum\u00e4\u00e4r\u00e4: 4; Sytytysjohto: Kuparisytytysjohto; V\u00e4ri: Musta; TECDOC-moottorinumero: 22180; VW: GOLF IV 1J1,GOLF V 1K1,TOURAN 1T1, 1T2,GOLF VI 5K1,PASSAT Variant 3C5,GOLF PLUS 5M1, 521,PASSAT Variant 3B6,PASSAT 3C2,GOLF IV Variant 1J5,SHARAN 7M8, 7M9, 7M6,PASSAT Variant 3B5,GOLF VI Variant AJ5,GOLF V Variant 1K5,CADDY III Kasten 2KA, 2KH, 2CA, 2CH,NEW BEETLE 9C1, 1C1,PASSAT 3B3,JETTA III 1K2; AUDI: A3 Sportback 8PA; SKODA: OCTAVIA Combi 1Z5,FABIA Combi 6Y5,FABIA 6Y2,OCTAVIA Combi 1U5,OCTAVIA 1Z3,FABIA Stufenheck 6Y3; SEAT: ALHAMBRA 7V8, 7V9; Sytytysjohtosarja,Sytytyskaapeli<\/p>\n","protected":false},"excerpt":{"rendered":"<p>NGK Sytytysjohto 7015 Sytytysjohtosarja,Sytytyskaapeli VW,AUDI,SKODA,GOLF IV 1J1,GOLF V 1K1,TOURAN 1T1, 1T2,GOLF VI 5K1,PASSAT Variant 3C5<\/p>\n","protected":false},"featured_media":0,"template":"","meta":{"site-sidebar-layout":"default","site-content-layout":"default","ast-global-header-display":"","ast-main-header-display":"","ast-hfb-above-header-display":"","ast-hfb-below-header-display":"","ast-hfb-mobile-header-display":"","site-post-title":"","ast-breadcrumbs-content":"","ast-featured-img":"","footer-sml-layout":"","theme-transparent-header-meta":"","adv-header-id-meta":"","stick-header-meta":"","header-above-stick-meta":"","header-main-stick-meta":"","header-below-stick-meta":""},"pwb-brand":[189],"product_cat":[198],"product_tag":[],"class_list":{"0":"post-41006","1":"product","2":"type-product","3":"status-publish","5":"pwb-brand-ngk","6":"product_cat-sytytysjohto","7":"desktop-align-left","8":"tablet-align-left","9":"mobile-align-left","11":"first","12":"instock","13":"product-type-external"},"brands":[{"id":189,"name":"NGK","slug":"ngk"}],"_links":{"self":[{"href":"https:\/\/www.autonvaraosahaku.fi\/index.php?rest_route=\/wp\/v2\/product\/41006","targetHints":{"allow":["GET"]}}],"collection":[{"href":"https:\/\/www.autonvaraosahaku.fi\/index.php?rest_route=\/wp\/v2\/product"}],"about":[{"href":"https:\/\/www.autonvaraosahaku.fi\/index.php?rest_route=\/wp\/v2\/types\/product"}],"wp:attachment":[{"href":"https:\/\/www.autonvaraosahaku.fi\/index.php?rest_route=%2Fwp%2Fv2%2Fmedia&parent=41006"}],"wp:term":[{"taxonomy":"pwb-brand","embeddable":true,"href":"https:\/\/www.autonvaraosahaku.fi\/index.php?rest_route=%2Fwp%2Fv2%2Fpwb-brand&post=41006"},{"taxonomy":"product_cat","embeddable":true,"href":"https:\/\/www.autonvaraosahaku.fi\/index.php?rest_route=%2Fwp%2Fv2%2Fproduct_cat&post=41006"},{"taxonomy":"product_tag","embeddable":true,"href":"https:\/\/www.autonvaraosahaku.fi\/index.php?rest_route=%2Fwp%2Fv2%2Fproduct_tag&post=41006"}],"curies":[{"name":"wp","href":"https:\/\/api.w.org\/{rel}","templated":true}]}}