{"id":41020,"date":"2021-02-21T16:48:46","date_gmt":"2021-02-21T16:48:46","guid":{"rendered":"https:\/\/www.autonvaraosahaku.fi\/?product=lemforder-10239-01-jousijalan-tukilaakeri"},"modified":"2021-02-21T16:48:46","modified_gmt":"2021-02-21T16:48:46","slug":"lemforder-10239-01-jousijalan-tukilaakeri","status":"publish","type":"product","link":"https:\/\/www.autonvaraosahaku.fi\/?product=lemforder-10239-01-jousijalan-tukilaakeri","title":{"rendered":"LEMF\u00d6RDER 10239 01 Jousijalan tukilaakeri"},"content":{"rendered":"<p>Lukum\u00e4\u00e4r\u00e4 akselille: 2; Asennuspuoli: Etuakseli; Valmistusvuoteen: 07\/1990; VW: GOLF III 1H1,GOLF II 19E, 1G1,GOLF III Variant 1H5,JETTA II 19E, 1G2, 165; SEAT: IBIZA II 6K1,CORDOBA 6K1, 6K2,CORDOBA Vario 6K1,TOLEDO I 1L; 176412329, 176412329A, 191412329, 191412331, 176412329, 176412329A, 191412329, 191412331; Iskarin Yl\u00e4p\u00e4\u00e4,Iskunvaimentimen Yl\u00e4p\u00e4\u00e4<\/p>\n","protected":false},"excerpt":{"rendered":"<p>LEMF\u00d6RDER Jousijalan Tukilaakeri 10239 01 Iskarin Yl\u00e4p\u00e4\u00e4,Iskunvaimentimen Yl\u00e4p\u00e4\u00e4 VW,SEAT,GOLF III 1H1,GOLF II 19E, 1G1,GOLF III Variant 1H5<\/p>\n","protected":false},"featured_media":0,"template":"","meta":{"site-sidebar-layout":"default","site-content-layout":"default","ast-global-header-display":"","ast-main-header-display":"","ast-hfb-above-header-display":"","ast-hfb-below-header-display":"","ast-hfb-mobile-header-display":"","site-post-title":"","ast-breadcrumbs-content":"","ast-featured-img":"","footer-sml-layout":"","theme-transparent-header-meta":"","adv-header-id-meta":"","stick-header-meta":"","header-above-stick-meta":"","header-main-stick-meta":"","header-below-stick-meta":""},"pwb-brand":[77],"product_cat":[45],"product_tag":[],"class_list":{"0":"post-41020","1":"product","2":"type-product","3":"status-publish","5":"pwb-brand-lemforder","6":"product_cat-jousijalan-tukilaakeri","7":"desktop-align-left","8":"tablet-align-left","9":"mobile-align-left","11":"first","12":"instock","13":"product-type-external"},"brands":[{"id":77,"name":"LEMF\u00d6RDER","slug":"lemforder"}],"_links":{"self":[{"href":"https:\/\/www.autonvaraosahaku.fi\/index.php?rest_route=\/wp\/v2\/product\/41020","targetHints":{"allow":["GET"]}}],"collection":[{"href":"https:\/\/www.autonvaraosahaku.fi\/index.php?rest_route=\/wp\/v2\/product"}],"about":[{"href":"https:\/\/www.autonvaraosahaku.fi\/index.php?rest_route=\/wp\/v2\/types\/product"}],"wp:attachment":[{"href":"https:\/\/www.autonvaraosahaku.fi\/index.php?rest_route=%2Fwp%2Fv2%2Fmedia&parent=41020"}],"wp:term":[{"taxonomy":"pwb-brand","embeddable":true,"href":"https:\/\/www.autonvaraosahaku.fi\/index.php?rest_route=%2Fwp%2Fv2%2Fpwb-brand&post=41020"},{"taxonomy":"product_cat","embeddable":true,"href":"https:\/\/www.autonvaraosahaku.fi\/index.php?rest_route=%2Fwp%2Fv2%2Fproduct_cat&post=41020"},{"taxonomy":"product_tag","embeddable":true,"href":"https:\/\/www.autonvaraosahaku.fi\/index.php?rest_route=%2Fwp%2Fv2%2Fproduct_tag&post=41020"}],"curies":[{"name":"wp","href":"https:\/\/api.w.org\/{rel}","templated":true}]}}