{"id":41044,"date":"2021-02-21T16:48:50","date_gmt":"2021-02-21T16:48:50","guid":{"rendered":"https:\/\/www.autonvaraosahaku.fi\/?product=skf-vkda-35321-t-jousijalan-tukilaakeri"},"modified":"2021-02-21T16:48:51","modified_gmt":"2021-02-21T16:48:51","slug":"skf-vkda-35321-t-jousijalan-tukilaakeri","status":"publish","type":"product","link":"https:\/\/www.autonvaraosahaku.fi\/?product=skf-vkda-35321-t-jousijalan-tukilaakeri","title":{"rendered":"SKF VKDA 35321 T Jousijalan tukilaakeri"},"content":{"rendered":"<p>Lukum\u00e4\u00e4r\u00e4 akselille: 1; Korvaava tuote\/korvaava tiedote 2: laakerilla; Asennuspuoli: Vorderachse; FIAT: DUCATO Kasten 250,DUCATO Pritsche\/Fahrgestell 250,DUCATO Bus 250,DUCATO Kasten 244,DUCATO Pritsche\/Fahrgestell 244,DUCATO Bus 244, Z_; PEUGEOT: BOXER Kasten,BOXER Kasten 230L,BOXER Kasten 244,BOXER Bus,BOXER Pritsche\/Fahrgestell,BOXER Bus 230P,BOXER Bus 244, Z_,BOXER Pritsche\/Fahrgestell ZCT_,BOXER Pritsche\/Fahrgestell 244; CITRO\u00cbN: JUMPER Kasten,JUMPER Kasten 244,JUMPER Bus,JUMPER Pritsche\/Fahrgestell,JUMPER Bus 244, Z_,JUMPER Bus 230P,JUMPER Pritsche\/Fahrgestell 244,JUMPER Pritsche\/Fahrgestell 230; 1302443080, 1318573080, 1342879080, 1355179080, 1607690980, 1607691280, 1620298580, 503178, 503179, 503530, 503539, 503547, 503561, 503881, 503882, 503887, 503889, 5038A3, 5038A4, 5038C9, 5038E2, 5038E3, 5038F3, 5038F4, 1302443080, 1318572080, 1318573080, 1329774080, 1329775080, 1338761080, 1338762080, 1339628080, 1339629080, 1342879080, 1345896080, 1345897080, 1350788080, 1350789080, 1355179080, 1383654080, 1383656080, 50706256, 50709900, 9405031789, 9405031799, 1302443080, 1318573080, 1342879080, 1355179080, 1607690980, 1607691280, 1620298580, 503178, 503179, 503530, 503539, 503547, 503561, 503881, 503882, 503887, 503889, 5038A3, 5038A4, 5038C9, 5038E2, 5038E3, 5038F3, 5038F4; Iskarin Yl\u00e4p\u00e4\u00e4,Iskunvaimentimen Yl\u00e4p\u00e4\u00e4<\/p>\n","protected":false},"excerpt":{"rendered":"<p>SKF Jousijalan Tukilaakeri VKDA 35321 T Iskarin Yl\u00e4p\u00e4\u00e4,Iskunvaimentimen Yl\u00e4p\u00e4\u00e4 FIAT,PEUGEOT,CITRO\u00cbN,DUCATO Kasten 250,DUCATO Pritsche\/Fahrgestell 250<\/p>\n","protected":false},"featured_media":0,"template":"","meta":{"site-sidebar-layout":"default","site-content-layout":"default","ast-global-header-display":"","ast-main-header-display":"","ast-hfb-above-header-display":"","ast-hfb-below-header-display":"","ast-hfb-mobile-header-display":"","site-post-title":"","ast-breadcrumbs-content":"","ast-featured-img":"","footer-sml-layout":"","theme-transparent-header-meta":"","adv-header-id-meta":"","stick-header-meta":"","header-above-stick-meta":"","header-main-stick-meta":"","header-below-stick-meta":""},"pwb-brand":[237],"product_cat":[45],"product_tag":[],"class_list":{"0":"post-41044","1":"product","2":"type-product","3":"status-publish","5":"pwb-brand-skf","6":"product_cat-jousijalan-tukilaakeri","7":"desktop-align-left","8":"tablet-align-left","9":"mobile-align-left","11":"first","12":"instock","13":"product-type-external"},"brands":[{"id":237,"name":"SKF","slug":"skf"}],"_links":{"self":[{"href":"https:\/\/www.autonvaraosahaku.fi\/index.php?rest_route=\/wp\/v2\/product\/41044","targetHints":{"allow":["GET"]}}],"collection":[{"href":"https:\/\/www.autonvaraosahaku.fi\/index.php?rest_route=\/wp\/v2\/product"}],"about":[{"href":"https:\/\/www.autonvaraosahaku.fi\/index.php?rest_route=\/wp\/v2\/types\/product"}],"wp:attachment":[{"href":"https:\/\/www.autonvaraosahaku.fi\/index.php?rest_route=%2Fwp%2Fv2%2Fmedia&parent=41044"}],"wp:term":[{"taxonomy":"pwb-brand","embeddable":true,"href":"https:\/\/www.autonvaraosahaku.fi\/index.php?rest_route=%2Fwp%2Fv2%2Fpwb-brand&post=41044"},{"taxonomy":"product_cat","embeddable":true,"href":"https:\/\/www.autonvaraosahaku.fi\/index.php?rest_route=%2Fwp%2Fv2%2Fproduct_cat&post=41044"},{"taxonomy":"product_tag","embeddable":true,"href":"https:\/\/www.autonvaraosahaku.fi\/index.php?rest_route=%2Fwp%2Fv2%2Fproduct_tag&post=41044"}],"curies":[{"name":"wp","href":"https:\/\/api.w.org\/{rel}","templated":true}]}}