{"id":41067,"date":"2021-02-21T16:48:55","date_gmt":"2021-02-21T16:48:55","guid":{"rendered":"https:\/\/www.autonvaraosahaku.fi\/?product=tyc-20-6244-05-2-ajovaloumpio"},"modified":"2021-02-21T16:48:56","modified_gmt":"2021-02-21T16:48:56","slug":"tyc-20-6244-05-2-ajovaloumpio","status":"publish","type":"product","link":"https:\/\/www.autonvaraosahaku.fi\/?product=tyc-20-6244-05-2-ajovaloumpio","title":{"rendered":"TYC 20-6244-05-2 Ajovaloumpio"},"content":{"rendered":"<p>Asennuspuoli: Vasen; Vasen \/ oikea liikenne: Oikeanpuoleiselle liikenteelle; Lamppumalli: H7\/H7; Rekister\u00f6ity tyyppi: E-hyv\u00e4ksytty; Varusteet: Valonsuuntaimella varustetuile (s\u00e4hk\u00f6); Lis\u00e4tarvike\/lis\u00e4tieto: Ilman s\u00e4hk\u00f6moottoria; VW: PASSAT Variant 3B6,PASSAT 3B3; 3B0941015AK, 3B0941015AN, 3B0941017AG, 3B0941017AK; Ajovalot,Etuvalot,Ajovalo<\/p>\n","protected":false},"excerpt":{"rendered":"<p>TYC Ajovaloumpio 20-6244-05-2 Ajovalot,Etuvalot VW,PASSAT Variant 3B6,PASSAT 3B3<\/p>\n","protected":false},"featured_media":0,"template":"","meta":{"site-sidebar-layout":"default","site-content-layout":"default","ast-global-header-display":"","ast-main-header-display":"","ast-hfb-above-header-display":"","ast-hfb-below-header-display":"","ast-hfb-mobile-header-display":"","site-post-title":"","ast-breadcrumbs-content":"","ast-featured-img":"","footer-sml-layout":"","theme-transparent-header-meta":"","adv-header-id-meta":"","stick-header-meta":"","header-above-stick-meta":"","header-main-stick-meta":"","header-below-stick-meta":""},"pwb-brand":[124],"product_cat":[185],"product_tag":[],"class_list":{"0":"post-41067","1":"product","2":"type-product","3":"status-publish","5":"pwb-brand-tyc","6":"product_cat-ajovaloumpio","7":"desktop-align-left","8":"tablet-align-left","9":"mobile-align-left","11":"first","12":"instock","13":"product-type-external"},"brands":[{"id":124,"name":"TYC","slug":"tyc"}],"_links":{"self":[{"href":"https:\/\/www.autonvaraosahaku.fi\/index.php?rest_route=\/wp\/v2\/product\/41067","targetHints":{"allow":["GET"]}}],"collection":[{"href":"https:\/\/www.autonvaraosahaku.fi\/index.php?rest_route=\/wp\/v2\/product"}],"about":[{"href":"https:\/\/www.autonvaraosahaku.fi\/index.php?rest_route=\/wp\/v2\/types\/product"}],"wp:attachment":[{"href":"https:\/\/www.autonvaraosahaku.fi\/index.php?rest_route=%2Fwp%2Fv2%2Fmedia&parent=41067"}],"wp:term":[{"taxonomy":"pwb-brand","embeddable":true,"href":"https:\/\/www.autonvaraosahaku.fi\/index.php?rest_route=%2Fwp%2Fv2%2Fpwb-brand&post=41067"},{"taxonomy":"product_cat","embeddable":true,"href":"https:\/\/www.autonvaraosahaku.fi\/index.php?rest_route=%2Fwp%2Fv2%2Fproduct_cat&post=41067"},{"taxonomy":"product_tag","embeddable":true,"href":"https:\/\/www.autonvaraosahaku.fi\/index.php?rest_route=%2Fwp%2Fv2%2Fproduct_tag&post=41067"}],"curies":[{"name":"wp","href":"https:\/\/api.w.org\/{rel}","templated":true}]}}