{"id":41165,"date":"2021-02-21T16:49:17","date_gmt":"2021-02-21T16:49:17","guid":{"rendered":"https:\/\/www.autonvaraosahaku.fi\/?product=as-pl-a6265pr-laturi"},"modified":"2021-02-21T16:49:18","modified_gmt":"2021-02-21T16:49:18","slug":"as-pl-a6265pr-laturi","status":"publish","type":"product","link":"https:\/\/www.autonvaraosahaku.fi\/?product=as-pl-a6265pr-laturi","title":{"rendered":"AS-PL A6265PR Laturi"},"content":{"rendered":"<p>Hihnapy\u00f6r\u00e4t: V\u00e4lihihnapy\u00f6r\u00e4ll\u00e4; Pituus 1 (mm): 42,00; Pituus 2 (mm): 21,00; Pituus 3 [mm]: 45,00; J\u00e4nnite (V): 12; Laturi varausvirta (A): 150; Valmistusvuosi alkaen: 12\/2007; MAZDA: 3 BK,3 BL,3 Stufenheck BK; VOLVO: V50 MW,C30,S40 II MS,C70 II Cabriolet; FORD: FIESTA V JH_, JD_,FOCUS II Kombi DA_,FOCUS II DA_,FOCUS C-MAX,KUGA I,FUSION JU_,C-MAX DM2,FOCUS II Stufenheck DA_,FOCUS II Cabriolet,FIESTA V Van; 1229259, 1477738, 1704085, 1708322, 1748630, 2242403, 30795423, 3M5T10300YB, 3M5T10300YC, 3M5T10300YD, 3M5T10300YE, 8688163C, 8M5T10300YA, 8M5T10300YB, RE3M5T10300YD, RE8M5T10300YB, 31255595, 31285593, 31288155, 36000599, 36002577, 36050997; Generaattori<\/p>\n","protected":false},"excerpt":{"rendered":"<p>AS-PL Laturi Brand new AS-PL Starter motor 97VB11000AA A6265PR Generaattori MAZDA,VOLVO,FORD,3 BK,3 BL,3 Stufenheck BK,V50 MW,C30,S40 II MS<\/p>\n","protected":false},"featured_media":0,"template":"","meta":{"site-sidebar-layout":"default","site-content-layout":"default","ast-global-header-display":"","ast-main-header-display":"","ast-hfb-above-header-display":"","ast-hfb-below-header-display":"","ast-hfb-mobile-header-display":"","site-post-title":"","ast-breadcrumbs-content":"","ast-featured-img":"","footer-sml-layout":"","theme-transparent-header-meta":"","adv-header-id-meta":"","stick-header-meta":"","header-above-stick-meta":"","header-main-stick-meta":"","header-below-stick-meta":""},"pwb-brand":[347],"product_cat":[357],"product_tag":[],"class_list":{"0":"post-41165","1":"product","2":"type-product","3":"status-publish","5":"pwb-brand-as-pl","6":"product_cat-laturi","7":"desktop-align-left","8":"tablet-align-left","9":"mobile-align-left","11":"first","12":"instock","13":"product-type-external"},"brands":[{"id":347,"name":"AS-PL","slug":"as-pl"}],"_links":{"self":[{"href":"https:\/\/www.autonvaraosahaku.fi\/index.php?rest_route=\/wp\/v2\/product\/41165","targetHints":{"allow":["GET"]}}],"collection":[{"href":"https:\/\/www.autonvaraosahaku.fi\/index.php?rest_route=\/wp\/v2\/product"}],"about":[{"href":"https:\/\/www.autonvaraosahaku.fi\/index.php?rest_route=\/wp\/v2\/types\/product"}],"wp:attachment":[{"href":"https:\/\/www.autonvaraosahaku.fi\/index.php?rest_route=%2Fwp%2Fv2%2Fmedia&parent=41165"}],"wp:term":[{"taxonomy":"pwb-brand","embeddable":true,"href":"https:\/\/www.autonvaraosahaku.fi\/index.php?rest_route=%2Fwp%2Fv2%2Fpwb-brand&post=41165"},{"taxonomy":"product_cat","embeddable":true,"href":"https:\/\/www.autonvaraosahaku.fi\/index.php?rest_route=%2Fwp%2Fv2%2Fproduct_cat&post=41165"},{"taxonomy":"product_tag","embeddable":true,"href":"https:\/\/www.autonvaraosahaku.fi\/index.php?rest_route=%2Fwp%2Fv2%2Fproduct_tag&post=41165"}],"curies":[{"name":"wp","href":"https:\/\/api.w.org\/{rel}","templated":true}]}}