{"id":41166,"date":"2021-02-21T16:49:17","date_gmt":"2021-02-21T16:49:17","guid":{"rendered":"https:\/\/www.autonvaraosahaku.fi\/?product=motul-109841-moottorioljy"},"modified":"2021-02-21T16:49:18","modified_gmt":"2021-02-21T16:49:18","slug":"motul-109841-moottorioljy","status":"publish","type":"product","link":"https:\/\/www.autonvaraosahaku.fi\/?product=motul-109841-moottorioljy","title":{"rendered":"MOTUL 109841 Moottori\u00f6ljy"},"content":{"rendered":"<p>Viskositeettiluokka SAE: 5W-30; Erittely: ACEA C3; Tilavuus (litra): 5; Valmistajan hyv\u00e4ksym\u00e4: Renault RN17; Tuotelinja: SPECIFIC; Versio: 17; API-m\u00e4\u00e4rittely: SG; Moottorinumero: D13A; MAZDA: CX-5 KE, GH,3 BM,6 Kombi GJ, GH,6 Stufenheck GJ, GH,3 Stufenheck BM,2 DL, DJ,CX-3 DK,CX-5 KF; NISSAN: QASHQAI \/ QASHQAI +2 J10, JJ10,MICRA III K12,X-TRAIL T30,NOTE E11,NAVARA D40,JUKE F15,PATHFINDER R51,X-TRAIL T31,MICRA IV K13,NV200 EVALIA,NAVARA Pritsche\/Fahrgestell D40,TIIDA Schr\u00e4gheck,NV200 Kasten,MURANO Z51,370 Z Z34,PRIMASTAR Bus X83,PRIMASTAR Kasten X83,CUBE Z12,INTERSTAR Kasten X70,TIIDA Stufenheck SC11X,370 Z Roadster Z34,QASHQAI J11, J11_,INTERSTAR Bus X70,X-TRAIL T32,PULSAR Schr\u00e4gheck C13,NAVARA Pick-up D23,INTERSTAR Pritsche\/Fahrgestell,PATROL III Y62; KIA: SPORTAGE SL,CEE&#8217;D SW ED,CEE&#8217;D Schr\u00e4gheck ED,SPORTAGE JE_, KM_,VENGA YN,SORENTO II XM,RIO III UB,CEE&#8217;D JD,CARENS III UN,CARNIVAL \/ GRAND CARNIVAL III VQ,CEE`D Sportswagon JD,PRO CEE&#8217;D ED,CARENS IV,SOUL AM,MAGENTIS MG,PRO CEE\u00b4D JD,OPTIMA,SPORTAGE QL,SORENTO III,SOUL II PS,BORREGO,BONGO Pritsche\/Fahrgestell,OPTIMA Sportswagon,STINGER CK,RIO IV YB,CEE&#8217;D Combi Van JD,STONIC YB; HONDA: CIVIC VIII Hatchback FN, FK,CR-V III RE,ACCORD VII CL,FR-V BE,CR-V IV RE,ACCORD VIII CU,ACCORD VII Tourer CM,CIVIC IX FK,ACCORD VIII Kombi,CIVIC IX Tourer FK,HR-V RU,CIVIC X Schr\u00e4gheck FC_, FK,JAZZ IV GK,CIVIC X Stufenheck FC_; HYUNDAI: ix35 LM, EL, ELH,i30 FD,i10 PA,i20 PB, PBT,TUCSON JM,i30 CW FD,i40 CW VF,SANTA F\u00c9 II CM,i30 GD,ix20 JC,i30 CW GD,H-1 Travel TQ,SONATA V NF,ix55,SANTA F\u00c9 III DM,i30 Coupe,i40 VF,H-1 Cargo TQ,GRANDEUR TG,GRAND SANTA F\u00c9,TUCSON,ELANTRA Stufenheck MD, UD,ACCENT IV RB,i20 GB,ELANTRA Stufenheck HD,ACCENT IV Stufenheck RB,i30 PDE,i30 Kombi PDE,i20 ACTIVE GB,i20 Coupe; SAAB: 9-3 YS3F,9-5 Kombi YS3E,9-3 Kombi YS3F,9-5 YS3E,9-3 Cabriolet YS3F; INFINITI: Q50,FX,EX,M Y51,Q70 Y51,Q30,QX70,QX30,Q60 Coupe,QX50; SUZUKI: SWIFT IV FZ, NZ,GRAND VITARA II JT; OPEL: VIVARO Kasten F7,VIVARO Combi J7,MOVANO Kasten F9,MOVANO B Kasten,MOVANO B Bus,MOVANO Combi J9,VIVARO Pritsche\/Fahrgestell E7,MOVANO Pritsche\/Fahrgestell U9, E9,MOVANO B Pritsche\/Fahrgestell,MOVANO Kipper H9; SUBARU: FORESTER SH,IMPREZA Schr\u00e4gheck GR, GH, G3,FORESTER SJ,XV,LEGACY V Station Wagon BM, BR,OUTBACK BM, BR,LEGACY V BM, BR,OUTBACK BS<\/p>\n","protected":false},"excerpt":{"rendered":"<p>MOTUL Moottori\u00f6ljy SPECIFIC 17 5W-30 109841<\/p>\n","protected":false},"featured_media":0,"template":"","meta":{"site-sidebar-layout":"default","site-content-layout":"default","ast-global-header-display":"","ast-main-header-display":"","ast-hfb-above-header-display":"","ast-hfb-below-header-display":"","ast-hfb-mobile-header-display":"","site-post-title":"","ast-breadcrumbs-content":"","ast-featured-img":"","footer-sml-layout":"","theme-transparent-header-meta":"","adv-header-id-meta":"","stick-header-meta":"","header-above-stick-meta":"","header-main-stick-meta":"","header-below-stick-meta":""},"pwb-brand":[140],"product_cat":[129],"product_tag":[],"class_list":{"0":"post-41166","1":"product","2":"type-product","3":"status-publish","5":"pwb-brand-motul","6":"product_cat-moottorioljy","7":"desktop-align-left","8":"tablet-align-left","9":"mobile-align-left","11":"first","12":"instock","13":"product-type-external"},"brands":[{"id":140,"name":"MOTUL","slug":"motul"}],"_links":{"self":[{"href":"https:\/\/www.autonvaraosahaku.fi\/index.php?rest_route=\/wp\/v2\/product\/41166","targetHints":{"allow":["GET"]}}],"collection":[{"href":"https:\/\/www.autonvaraosahaku.fi\/index.php?rest_route=\/wp\/v2\/product"}],"about":[{"href":"https:\/\/www.autonvaraosahaku.fi\/index.php?rest_route=\/wp\/v2\/types\/product"}],"wp:attachment":[{"href":"https:\/\/www.autonvaraosahaku.fi\/index.php?rest_route=%2Fwp%2Fv2%2Fmedia&parent=41166"}],"wp:term":[{"taxonomy":"pwb-brand","embeddable":true,"href":"https:\/\/www.autonvaraosahaku.fi\/index.php?rest_route=%2Fwp%2Fv2%2Fpwb-brand&post=41166"},{"taxonomy":"product_cat","embeddable":true,"href":"https:\/\/www.autonvaraosahaku.fi\/index.php?rest_route=%2Fwp%2Fv2%2Fproduct_cat&post=41166"},{"taxonomy":"product_tag","embeddable":true,"href":"https:\/\/www.autonvaraosahaku.fi\/index.php?rest_route=%2Fwp%2Fv2%2Fproduct_tag&post=41166"}],"curies":[{"name":"wp","href":"https:\/\/api.w.org\/{rel}","templated":true}]}}