{"id":41175,"date":"2021-02-21T16:49:17","date_gmt":"2021-02-21T16:49:17","guid":{"rendered":"https:\/\/www.autonvaraosahaku.fi\/?product=goetze-engine-08-245200-00-mannanrenkaat"},"modified":"2021-02-21T16:49:19","modified_gmt":"2021-02-21T16:49:19","slug":"goetze-engine-08-245200-00-mannanrenkaat","status":"publish","type":"product","link":"https:\/\/www.autonvaraosahaku.fi\/?product=goetze-engine-08-245200-00-mannanrenkaat","title":{"rendered":"GOETZE ENGINE 08-245200-00 M\u00e4nn\u00e4nrenkaat"},"content":{"rendered":"<p>Sylinterin halkaisija [mm]: 93,00; Komponenttinumero: 2.0mm 005 P F14, 3.0mm 008 CR P KV1, 3.0mm 231 CR P GOE13; Vakiomitta (STD): ; TECDOC-moottorinumero: 4600; LANCIA: THEMA 834,THEMA SW 834; IVECO: DAILY I Pritsche\/Fahrgestell,DAILY II Bus,DAILY I Kasten\/Kombi; ALFA ROMEO: AR 8 Kasten 280,AR 6 Kasten 280,AR 8 Pritsche\/Fahrgestell 280; FIAT: DUCATO Kasten 290,DUCATO Pritsche\/Fahrgestell 290,DUCATO Kasten 280,DUCATO Pritsche\/Fahrgestell 280,DUCATO Panorama 280,DUCATO Panorama 290,CROMA 154; RENAULT TRUCKS: B Pritsche\/Fahrgestell,B Kasten\/Kombi; 07303221, 4837218, 484548, 4845481, 7302173, 97354017; M\u00e4nn\u00e4nrengassarja<\/p>\n","protected":false},"excerpt":{"rendered":"<p>GOETZE ENGINE M\u00e4nn\u00e4nrenkaat 08-245200-00 M\u00e4nn\u00e4nrengassarja LANCIA,IVECO,ALFA ROMEO,THEMA 834,THEMA SW 834,DAILY I Pritsche\/Fahrgestell,DAILY II Bus<\/p>\n","protected":false},"featured_media":0,"template":"","meta":{"site-sidebar-layout":"default","site-content-layout":"default","ast-global-header-display":"","ast-main-header-display":"","ast-hfb-above-header-display":"","ast-hfb-below-header-display":"","ast-hfb-mobile-header-display":"","site-post-title":"","ast-breadcrumbs-content":"","ast-featured-img":"","footer-sml-layout":"","theme-transparent-header-meta":"","adv-header-id-meta":"","stick-header-meta":"","header-above-stick-meta":"","header-main-stick-meta":"","header-below-stick-meta":""},"pwb-brand":[224],"product_cat":[154],"product_tag":[],"class_list":{"0":"post-41175","1":"product","2":"type-product","3":"status-publish","5":"pwb-brand-goetze-engine","6":"product_cat-mannanrenkaat","7":"desktop-align-left","8":"tablet-align-left","9":"mobile-align-left","11":"first","12":"instock","13":"product-type-external"},"brands":[{"id":224,"name":"GOETZE ENGINE","slug":"goetze-engine"}],"_links":{"self":[{"href":"https:\/\/www.autonvaraosahaku.fi\/index.php?rest_route=\/wp\/v2\/product\/41175","targetHints":{"allow":["GET"]}}],"collection":[{"href":"https:\/\/www.autonvaraosahaku.fi\/index.php?rest_route=\/wp\/v2\/product"}],"about":[{"href":"https:\/\/www.autonvaraosahaku.fi\/index.php?rest_route=\/wp\/v2\/types\/product"}],"wp:attachment":[{"href":"https:\/\/www.autonvaraosahaku.fi\/index.php?rest_route=%2Fwp%2Fv2%2Fmedia&parent=41175"}],"wp:term":[{"taxonomy":"pwb-brand","embeddable":true,"href":"https:\/\/www.autonvaraosahaku.fi\/index.php?rest_route=%2Fwp%2Fv2%2Fpwb-brand&post=41175"},{"taxonomy":"product_cat","embeddable":true,"href":"https:\/\/www.autonvaraosahaku.fi\/index.php?rest_route=%2Fwp%2Fv2%2Fproduct_cat&post=41175"},{"taxonomy":"product_tag","embeddable":true,"href":"https:\/\/www.autonvaraosahaku.fi\/index.php?rest_route=%2Fwp%2Fv2%2Fproduct_tag&post=41175"}],"curies":[{"name":"wp","href":"https:\/\/api.w.org\/{rel}","templated":true}]}}