{"id":41250,"date":"2021-02-21T16:49:34","date_gmt":"2021-02-21T16:49:34","guid":{"rendered":"https:\/\/www.autonvaraosahaku.fi\/?product=swf-116516-pyyhkijansulat"},"modified":"2021-02-21T16:49:36","modified_gmt":"2021-02-21T16:49:36","slug":"swf-116516-pyyhkijansulat","status":"publish","type":"product","link":"https:\/\/www.autonvaraosahaku.fi\/?product=swf-116516-pyyhkijansulat","title":{"rendered":"SWF 116516 Pyyhkij\u00e4nsulat"},"content":{"rendered":"<p>Asennuspuoli: Takana; M\u00e4\u00e4r\u00e4: 1; Pituus (mm): 300; Pituus (tuumaa): 12; Paino [kg]: 0,09; Tuotelinja: Rear; Pyyhkij\u00e4nsulkatyyppi: Tavallinen; Valmistusvuosi alkaen: 09\/2010; NISSAN: QASHQAI \/ QASHQAI +2 J10, JJ10; VOLVO: V60; SAAB: 9-3 Kombi YS3F,9-3X; OPEL: ASTRA H Caravan L35,ASTRA H L48,CORSA E,CORSA E Van; FORD: FOCUS II Kombi DA_,FIESTA VI,MONDEO IV Turnier BA7,S-MAX WA6,FOCUS III Turnier,KUGA I,FOCUS III,FIESTA VI Van,FOCUS III Kasten\/Schr\u00e4gheck; TOYOTA: YARIS SCP9_, NSP9_, KSP9_, NCP9_, ZSP9_; CITRO\u00cbN: C4 I LC_,C4 Grand Picasso II; PEUGEOT: 4007 GP_,308 SW II; RENAULT: SC\u00c9NIC III JZ0\/1_,GRAND SC\u00c9NIC III JZ0\/1_,TWINGO III; VAUXHALL: ASTRA Mk V H Estate,ASTRA Mk VI J,ASTRAVAN Mk V H,CORSA Mk IV E; 1609419880, 1609428480, 1616433980, 1635157380, 1462914, 1515014, 1272129, 1272134, 1616433980, 1611607680, 1616433980, 287909182R, 1616433980; Tuulilasinpyyhkimet,Pyyhkij\u00e4t,Pyyhkij\u00e4nsulka<\/p>\n","protected":false},"excerpt":{"rendered":"<p>SWF Pyyhkij\u00e4nsulat 116516 Tuulilasinpyyhkimet,Pyyhkij\u00e4t NISSAN,VOLVO,SAAB,QASHQAI \/ QASHQAI +2 J10, JJ10,V60,9-3 Kombi YS3F,9-3X,ASTRA H Caravan L35<\/p>\n","protected":false},"featured_media":0,"template":"","meta":{"site-sidebar-layout":"default","site-content-layout":"default","ast-global-header-display":"","ast-main-header-display":"","ast-hfb-above-header-display":"","ast-hfb-below-header-display":"","ast-hfb-mobile-header-display":"","site-post-title":"","ast-breadcrumbs-content":"","ast-featured-img":"","footer-sml-layout":"","theme-transparent-header-meta":"","adv-header-id-meta":"","stick-header-meta":"","header-above-stick-meta":"","header-main-stick-meta":"","header-below-stick-meta":""},"pwb-brand":[204],"product_cat":[33],"product_tag":[],"class_list":{"0":"post-41250","1":"product","2":"type-product","3":"status-publish","5":"pwb-brand-swf","6":"product_cat-pyyhkijansulat","7":"desktop-align-left","8":"tablet-align-left","9":"mobile-align-left","11":"first","12":"instock","13":"product-type-external"},"brands":[{"id":204,"name":"SWF","slug":"swf"}],"_links":{"self":[{"href":"https:\/\/www.autonvaraosahaku.fi\/index.php?rest_route=\/wp\/v2\/product\/41250","targetHints":{"allow":["GET"]}}],"collection":[{"href":"https:\/\/www.autonvaraosahaku.fi\/index.php?rest_route=\/wp\/v2\/product"}],"about":[{"href":"https:\/\/www.autonvaraosahaku.fi\/index.php?rest_route=\/wp\/v2\/types\/product"}],"wp:attachment":[{"href":"https:\/\/www.autonvaraosahaku.fi\/index.php?rest_route=%2Fwp%2Fv2%2Fmedia&parent=41250"}],"wp:term":[{"taxonomy":"pwb-brand","embeddable":true,"href":"https:\/\/www.autonvaraosahaku.fi\/index.php?rest_route=%2Fwp%2Fv2%2Fpwb-brand&post=41250"},{"taxonomy":"product_cat","embeddable":true,"href":"https:\/\/www.autonvaraosahaku.fi\/index.php?rest_route=%2Fwp%2Fv2%2Fproduct_cat&post=41250"},{"taxonomy":"product_tag","embeddable":true,"href":"https:\/\/www.autonvaraosahaku.fi\/index.php?rest_route=%2Fwp%2Fv2%2Fproduct_tag&post=41250"}],"curies":[{"name":"wp","href":"https:\/\/api.w.org\/{rel}","templated":true}]}}