{"id":41254,"date":"2021-02-21T16:49:34","date_gmt":"2021-02-21T16:49:34","guid":{"rendered":"https:\/\/www.autonvaraosahaku.fi\/?product=swf-115704-muut-luokat"},"modified":"2021-02-21T16:49:37","modified_gmt":"2021-02-21T16:49:37","slug":"swf-115704-muut-luokat","status":"publish","type":"product","link":"https:\/\/www.autonvaraosahaku.fi\/?product=swf-115704-muut-luokat","title":{"rendered":"SWF 115704 Muut luokat"},"content":{"rendered":"<p>M\u00e4\u00e4r\u00e4: 2; Pituus (mm): 400; Paino [kg]: 0,045; Valmistusvuosi alkaen: 10\/1975; VW: TOURAN 1T1, 1T2,TRANSPORTER IV Bus 70XB, 70XC, 7DB, 7DW,SHARAN 7M8, 7M9, 7M6,GOLF II 19E, 1G1,PASSAT Variant 3A5, 35I,TRANSPORTER III Bus,POLO 86C, 80,POLO Coupe 86C, 80,PASSAT 3A2, 35I,SCIROCCO 53B,GOLF I 17,CADDY I 14,TRANSPORTER III Kasten,TARO,POLO CLASSIC 86C, 80,TRANSPORTER II Bus,TRANSPORTER III Pritsche\/Fahrgestell,POLO 86,JETTA I 16,DERBY 86C, 80,PASSAT 32,TRANSPORTER I Bus 22, 24, 25, 28,TRANSPORTER II Kasten,PASSAT Variant 33,TRANSPORTER I Pritsche\/Fahrgestell 26,TRANSPORTER II Pritsche\/Fahrgestell,TRANSPORTER I Kasten 21, 23; AUDI: 80 Avant 8C, B4,80 80, 82, B1,100 C1,50 86; MAZDA: 2 DY,PREMACY CP,DEMIO DW,MPV II LW,323 III Hatchback BF,121 II DB,FAMILIA IV BG,E-SERIE Kasten SR2,626 III Station Wagon GV,323 III BF,323 III Station Wagon BW,323 II Hatchback BD,323 II BD,323 I Station Wagon FA; SKODA: FELICIA I 6U1,FELICIA II 6U1,FELICIA I Fun 797,FELICIA I Kombi 6U5,105,120 742,FELICIA II Kombi 6U5,FAVORIT 781,105,120 744,130,RAPID 120G, 130G, 135G; BMW: 3 E21; SEAT: ALHAMBRA 7V8, 7V9,MARBELLA 28,TERRA Kasten 024A,MARBELLA Kasten 028A,TERRA 24,131,RONDA 022A; CHEVROLET: TRAILBLAZER KC_; DAEWOO: KALOS KLAS,MATIZ KLYA; LADA: NOVA 2105,TOSCANA 2107,NOVA Kombi 2104; NISSAN: MICRA II K11,ALMERA II Hatchback N16,ALMERA Mk II N16,ALMERA I N15,PRIMASTAR Kasten X83,VANETTE CARGO Kasten HC 23,VANETTE CARGO Bus HC 23,PRAIRIE PRO M11,PRAIRIE M10, NM10,CHERRY E10 I,SUNNY I B11,CHERRY II Coupe N10,SUNNY I Coupe B11,CHERRY II Hatchback N10,SUNNY 140Y, 150Y,VANETTE Bus KC120,SUNNY I Traveller B11,CHERRY II Traveller VN10; 161955429; Pyyhkij\u00e4nkumi<\/p>\n","protected":false},"excerpt":{"rendered":"<p>SWF Pyyhkij\u00e4n Kumi 115704 Pyyhkij\u00e4nkumi VW,AUDI,MAZDA,TOURAN 1T1, 1T2,TRANSPORTER IV Bus 70XB, 70XC, 7DB, 7DW,SHARAN 7M8, 7M9, 7M6,GOLF II 19E, 1G1<\/p>\n","protected":false},"featured_media":0,"template":"","meta":{"site-sidebar-layout":"default","site-content-layout":"default","ast-global-header-display":"","ast-main-header-display":"","ast-hfb-above-header-display":"","ast-hfb-below-header-display":"","ast-hfb-mobile-header-display":"","site-post-title":"","ast-breadcrumbs-content":"","ast-featured-img":"","footer-sml-layout":"","theme-transparent-header-meta":"","adv-header-id-meta":"","stick-header-meta":"","header-above-stick-meta":"","header-main-stick-meta":"","header-below-stick-meta":""},"pwb-brand":[204],"product_cat":[37],"product_tag":[],"class_list":{"0":"post-41254","1":"product","2":"type-product","3":"status-publish","5":"pwb-brand-swf","6":"product_cat-muut-luokat","7":"desktop-align-left","8":"tablet-align-left","9":"mobile-align-left","11":"first","12":"instock","13":"product-type-external"},"brands":[{"id":204,"name":"SWF","slug":"swf"}],"_links":{"self":[{"href":"https:\/\/www.autonvaraosahaku.fi\/index.php?rest_route=\/wp\/v2\/product\/41254","targetHints":{"allow":["GET"]}}],"collection":[{"href":"https:\/\/www.autonvaraosahaku.fi\/index.php?rest_route=\/wp\/v2\/product"}],"about":[{"href":"https:\/\/www.autonvaraosahaku.fi\/index.php?rest_route=\/wp\/v2\/types\/product"}],"wp:attachment":[{"href":"https:\/\/www.autonvaraosahaku.fi\/index.php?rest_route=%2Fwp%2Fv2%2Fmedia&parent=41254"}],"wp:term":[{"taxonomy":"pwb-brand","embeddable":true,"href":"https:\/\/www.autonvaraosahaku.fi\/index.php?rest_route=%2Fwp%2Fv2%2Fpwb-brand&post=41254"},{"taxonomy":"product_cat","embeddable":true,"href":"https:\/\/www.autonvaraosahaku.fi\/index.php?rest_route=%2Fwp%2Fv2%2Fproduct_cat&post=41254"},{"taxonomy":"product_tag","embeddable":true,"href":"https:\/\/www.autonvaraosahaku.fi\/index.php?rest_route=%2Fwp%2Fv2%2Fproduct_tag&post=41254"}],"curies":[{"name":"wp","href":"https:\/\/api.w.org\/{rel}","templated":true}]}}