{"id":41287,"date":"2021-02-21T16:49:44","date_gmt":"2021-02-21T16:49:44","guid":{"rendered":"https:\/\/www.autonvaraosahaku.fi\/?product=kolbenschmidt-77821600-kiertokangen-laakeri"},"modified":"2021-02-21T16:49:46","modified_gmt":"2021-02-21T16:49:46","slug":"kolbenschmidt-77821600-kiertokangen-laakeri","status":"publish","type":"product","link":"https:\/\/www.autonvaraosahaku.fi\/?product=kolbenschmidt-77821600-kiertokangen-laakeri","title":{"rendered":"KOLBENSCHMIDT 77821600 Kiertokangen laakeri"},"content":{"rendered":"<p>Vakiomitta (STD): ; Komponenttinumero: 71450600, 71451600; M\u00e4\u00e4r\u00e4: 14; M\u00e4\u00e4r\u00e4yksikk\u00f6: Sarja; TECDOC-moottorinumero: 3999; VW: GOLF IV 1J1,GOLF V 1K1,PASSAT Variant 3C5,TRANSPORTER IV Bus 70XB, 70XC, 7DB, 7DW,PASSAT 3C2,GOLF III 1H1,PASSAT Variant 365,GOLF IV Variant 1J5,SHARAN 7M8, 7M9, 7M6,TRANSPORTER V Bus 7HB, 7HJ, 7EB, 7EJ, 7EF,TOUAREG 7LA, 7L6, 7L7,MULTIVAN V 7HM, 7HN, 7HF, 7EF, 7EM, 7EN,PASSAT Variant 3A5, 35I,BORA 1J2,TRANSPORTER IV Kasten 70XA,EOS 1F7, 1F8,TRANSPORTER V Kasten 7HA, 7HH, 7EA, 7EH,PASSAT CC 357,NEW BEETLE 9C1, 1C1,PHAETON 3D_,BORA Kombi 1J6,GOLF III Variant 1H5,JETTA III 1K2,PASSAT 3A2, 35I,CORRADO 53I,TRANSPORTER IV Pritsche\/Fahrgestell 70XD,PASSAT 362,VENTO 1H2,CC 358,TRANSPORTER V Pritsche\/Fahrgestell 7JD, 7JE, 7JL, 7JY, 7JZ,; AUDI: A3 8P1,A3 Sportback 8PA,Q7 4L,TT 8J3,TT Roadster 8J9; SEAT: LEON 1M1,ALHAMBRA 7V8, 7V9,TOLEDO II 1M2; FORD: GALAXY WGR; 021105561H, 021105591D, 021198491A, 071105561A, 071105591A, 071105591C<\/p>\n","protected":false},"excerpt":{"rendered":"<p>KOLBENSCHMIDT Kampiakselilaakerisarja 77821600  VW,AUDI,SEAT,GOLF IV 1J1,GOLF V 1K1,PASSAT Variant 3C5,TRANSPORTER IV Bus 70XB, 70XC, 7DB, 7DW<\/p>\n","protected":false},"featured_media":0,"template":"","meta":{"site-sidebar-layout":"default","site-content-layout":"default","ast-global-header-display":"","ast-main-header-display":"","ast-hfb-above-header-display":"","ast-hfb-below-header-display":"","ast-hfb-mobile-header-display":"","site-post-title":"","ast-breadcrumbs-content":"","ast-featured-img":"","footer-sml-layout":"","theme-transparent-header-meta":"","adv-header-id-meta":"","stick-header-meta":"","header-above-stick-meta":"","header-main-stick-meta":"","header-below-stick-meta":""},"pwb-brand":[293],"product_cat":[252],"product_tag":[],"class_list":{"0":"post-41287","1":"product","2":"type-product","3":"status-publish","5":"pwb-brand-kolbenschmidt","6":"product_cat-kiertokangen-laakeri","7":"desktop-align-left","8":"tablet-align-left","9":"mobile-align-left","11":"first","12":"instock","13":"product-type-external"},"brands":[{"id":293,"name":"KOLBENSCHMIDT","slug":"kolbenschmidt"}],"_links":{"self":[{"href":"https:\/\/www.autonvaraosahaku.fi\/index.php?rest_route=\/wp\/v2\/product\/41287","targetHints":{"allow":["GET"]}}],"collection":[{"href":"https:\/\/www.autonvaraosahaku.fi\/index.php?rest_route=\/wp\/v2\/product"}],"about":[{"href":"https:\/\/www.autonvaraosahaku.fi\/index.php?rest_route=\/wp\/v2\/types\/product"}],"wp:attachment":[{"href":"https:\/\/www.autonvaraosahaku.fi\/index.php?rest_route=%2Fwp%2Fv2%2Fmedia&parent=41287"}],"wp:term":[{"taxonomy":"pwb-brand","embeddable":true,"href":"https:\/\/www.autonvaraosahaku.fi\/index.php?rest_route=%2Fwp%2Fv2%2Fpwb-brand&post=41287"},{"taxonomy":"product_cat","embeddable":true,"href":"https:\/\/www.autonvaraosahaku.fi\/index.php?rest_route=%2Fwp%2Fv2%2Fproduct_cat&post=41287"},{"taxonomy":"product_tag","embeddable":true,"href":"https:\/\/www.autonvaraosahaku.fi\/index.php?rest_route=%2Fwp%2Fv2%2Fproduct_tag&post=41287"}],"curies":[{"name":"wp","href":"https:\/\/api.w.org\/{rel}","templated":true}]}}