{"id":41314,"date":"2021-02-21T16:49:49","date_gmt":"2021-02-21T16:49:49","guid":{"rendered":"https:\/\/www.autonvaraosahaku.fi\/?product=sachs-6284-000-032-kytkin-paasylinteri"},"modified":"2021-02-21T16:49:52","modified_gmt":"2021-02-21T16:49:52","slug":"sachs-6284-000-032-kytkin-paasylinteri","status":"publish","type":"product","link":"https:\/\/www.autonvaraosahaku.fi\/?product=sachs-6284-000-032-kytkin-paasylinteri","title":{"rendered":"SACHS 6284 000 032 Kytkin p\u00e4\u00e4sylinteri"},"content":{"rendered":"<p>Tunnusluku: GZ-16; Vasen \/ oikea liikenne: f\u00fcr Rechtslenker; VW: GOLF IV 1J1,POLO 9N_,GOLF IV Variant 1J5,POLO 6N2,POLO 6N1,FOX 5Z1, 5Z3,BORA 1J2,NEW BEETLE 9C1, 1C1,BORA Kombi 1J6,NEW BEETLE Cabriolet 1Y7,BEETLE 5C1,POLO Stufenheck 9A4,BEETLE Cabriolet 5C7,GOL V,GOL,GOL VI; AUDI: A3 8L1,TT 8N3,TT Roadster 8N9; SKODA: FABIA Combi 6Y5,FABIA,FABIA 6Y2,OCTAVIA Combi 1U5,FABIA Combi,ROOMSTER 5J,OCTAVIA 1U2,FABIA Stufenheck 6Y3,ROOMSTER Praktik 5J,FABIA Praktik; SEAT: IBIZA IV 6L1,LEON 1M1,TOLEDO II 1M2,CORDOBA 6L2; 1J2721388F, 6Q0721388C, 6Q0721388D, 6Q0721388F, 6Q0721388G, 1J2721388F, 6Q0721388C, 6Q0721388D, 6Q0721388F, 1J2721388F, 6Q0721388C, 6Q0721388D, 6Q0721388F, 6Q0721388G, 1J2721388F, 6Q0721388C, 6Q0721388D, 6Q0721388F, 6Q0721388G; P\u00e4\u00e4sylinteri, Kytkin<\/p>\n","protected":false},"excerpt":{"rendered":"<p>SACHS Kytkin P\u00e4\u00e4sylinteri 6284 000 032 P\u00e4\u00e4sylinteri, Kytkin VW,AUDI,SKODA,GOLF IV 1J1,POLO 9N_,GOLF IV Variant 1J5,POLO 6N2,POLO 6N1,FOX 5Z1, 5Z3<\/p>\n","protected":false},"featured_media":0,"template":"","meta":{"site-sidebar-layout":"default","site-content-layout":"default","ast-global-header-display":"","ast-main-header-display":"","ast-hfb-above-header-display":"","ast-hfb-below-header-display":"","ast-hfb-mobile-header-display":"","site-post-title":"","ast-breadcrumbs-content":"","ast-featured-img":"","footer-sml-layout":"","theme-transparent-header-meta":"","adv-header-id-meta":"","stick-header-meta":"","header-above-stick-meta":"","header-main-stick-meta":"","header-below-stick-meta":""},"pwb-brand":[91],"product_cat":[239],"product_tag":[],"class_list":{"0":"post-41314","1":"product","2":"type-product","3":"status-publish","5":"pwb-brand-sachs","6":"product_cat-kytkin-paasylinteri","7":"desktop-align-left","8":"tablet-align-left","9":"mobile-align-left","11":"first","12":"instock","13":"product-type-external"},"brands":[{"id":91,"name":"SACHS","slug":"sachs"}],"_links":{"self":[{"href":"https:\/\/www.autonvaraosahaku.fi\/index.php?rest_route=\/wp\/v2\/product\/41314","targetHints":{"allow":["GET"]}}],"collection":[{"href":"https:\/\/www.autonvaraosahaku.fi\/index.php?rest_route=\/wp\/v2\/product"}],"about":[{"href":"https:\/\/www.autonvaraosahaku.fi\/index.php?rest_route=\/wp\/v2\/types\/product"}],"wp:attachment":[{"href":"https:\/\/www.autonvaraosahaku.fi\/index.php?rest_route=%2Fwp%2Fv2%2Fmedia&parent=41314"}],"wp:term":[{"taxonomy":"pwb-brand","embeddable":true,"href":"https:\/\/www.autonvaraosahaku.fi\/index.php?rest_route=%2Fwp%2Fv2%2Fpwb-brand&post=41314"},{"taxonomy":"product_cat","embeddable":true,"href":"https:\/\/www.autonvaraosahaku.fi\/index.php?rest_route=%2Fwp%2Fv2%2Fproduct_cat&post=41314"},{"taxonomy":"product_tag","embeddable":true,"href":"https:\/\/www.autonvaraosahaku.fi\/index.php?rest_route=%2Fwp%2Fv2%2Fproduct_tag&post=41314"}],"curies":[{"name":"wp","href":"https:\/\/api.w.org\/{rel}","templated":true}]}}