{"id":41461,"date":"2021-02-21T16:50:24","date_gmt":"2021-02-21T16:50:24","guid":{"rendered":"https:\/\/www.autonvaraosahaku.fi\/?product=gates-3379-jaahdyttimen-letku"},"modified":"2021-02-21T16:50:25","modified_gmt":"2021-02-21T16:50:25","slug":"gates-3379-jaahdyttimen-letku","status":"publish","type":"product","link":"https:\/\/www.autonvaraosahaku.fi\/?product=gates-3379-jaahdyttimen-letku","title":{"rendered":"GATES 3379 J\u00e4\u00e4hdyttimen letku"},"content":{"rendered":"<p>Materiaali: EPDM (eteenipropeeni-dieeni-kumi); V\u00e4ri: Musta; Letkupituus [mm]: 460; Sis\u00e4l\u00e4pimitta 1 [mm]: 32; Sis\u00e4l\u00e4pimitta 2 [mm]: 34; Asennuspuoli: unten; FORD USA: THUNDERBIRD Coupe; VOLVO: 940 II Kombi 945,940 Kombi 945,240 Kombi P245,740 Kombi 745,740 744,240 P242, P244,940 944,760 704, 764,960 Kombi 965,760 Kombi 704, 765,940 II 944,960 964; OPEL: OMEGA A 16_, 17_, 19_,KADETT E CC 33_, 34_, 43_, 44_,OMEGA A Caravan 66_, 67_,KADETT E Caravan 35_, 36_, 45_, 46_; VAUXHALL: ASTRA Mk II CC,CARLTON Mk III; 1336408, 1336434, 1336435, 90008418, 90220144, 90220537, 90220541, 90260537, 90271837, 90271838, 1336408, 1336434, 1336435, 90008418, 90220144, 90220537, 90220541, 90271837, 90271838, 1276377, 1326834, 1357293, 1378106, 3514988, 463306<\/p>\n","protected":false},"excerpt":{"rendered":"<p>GATES J\u00e4\u00e4hdyttimen Letku 3379  FORD USA,VOLVO,OPEL,THUNDERBIRD Coupe,940 II Kombi 945,940 Kombi 945,240 Kombi P245,740 Kombi 745,740 744<\/p>\n","protected":false},"featured_media":0,"template":"","meta":{"site-sidebar-layout":"default","site-content-layout":"default","ast-global-header-display":"","ast-main-header-display":"","ast-hfb-above-header-display":"","ast-hfb-below-header-display":"","ast-hfb-mobile-header-display":"","site-post-title":"","ast-breadcrumbs-content":"","ast-featured-img":"","footer-sml-layout":"","theme-transparent-header-meta":"","adv-header-id-meta":"","stick-header-meta":"","header-above-stick-meta":"","header-main-stick-meta":"","header-below-stick-meta":""},"pwb-brand":[22],"product_cat":[206],"product_tag":[],"class_list":{"0":"post-41461","1":"product","2":"type-product","3":"status-publish","5":"pwb-brand-gates","6":"product_cat-jaahdyttimen-letku","7":"desktop-align-left","8":"tablet-align-left","9":"mobile-align-left","11":"first","12":"instock","13":"product-type-external"},"brands":[{"id":22,"name":"GATES","slug":"gates"}],"_links":{"self":[{"href":"https:\/\/www.autonvaraosahaku.fi\/index.php?rest_route=\/wp\/v2\/product\/41461","targetHints":{"allow":["GET"]}}],"collection":[{"href":"https:\/\/www.autonvaraosahaku.fi\/index.php?rest_route=\/wp\/v2\/product"}],"about":[{"href":"https:\/\/www.autonvaraosahaku.fi\/index.php?rest_route=\/wp\/v2\/types\/product"}],"wp:attachment":[{"href":"https:\/\/www.autonvaraosahaku.fi\/index.php?rest_route=%2Fwp%2Fv2%2Fmedia&parent=41461"}],"wp:term":[{"taxonomy":"pwb-brand","embeddable":true,"href":"https:\/\/www.autonvaraosahaku.fi\/index.php?rest_route=%2Fwp%2Fv2%2Fpwb-brand&post=41461"},{"taxonomy":"product_cat","embeddable":true,"href":"https:\/\/www.autonvaraosahaku.fi\/index.php?rest_route=%2Fwp%2Fv2%2Fproduct_cat&post=41461"},{"taxonomy":"product_tag","embeddable":true,"href":"https:\/\/www.autonvaraosahaku.fi\/index.php?rest_route=%2Fwp%2Fv2%2Fproduct_tag&post=41461"}],"curies":[{"name":"wp","href":"https:\/\/api.w.org\/{rel}","templated":true}]}}