{"id":41518,"date":"2021-02-21T16:50:33","date_gmt":"2021-02-21T16:50:33","guid":{"rendered":"https:\/\/www.autonvaraosahaku.fi\/?product=ngk-2571-sytytysjohto"},"modified":"2021-02-21T16:50:36","modified_gmt":"2021-02-21T16:50:36","slug":"ngk-2571-sytytysjohto","status":"publish","type":"product","link":"https:\/\/www.autonvaraosahaku.fi\/?product=ngk-2571-sytytysjohto","title":{"rendered":"NGK 2571 Sytytysjohto"},"content":{"rendered":"<p>Johtojen lukum\u00e4\u00e4r\u00e4: 4; Sytytysjohto: Vastussytytysjohdin; V\u00e4ri: Musta; TECDOC-moottorinumero: 10187; LANCIA: LYBRA SW 839BX,LYBRA 839AX,DELTA II 836,DEDRA 835,DEDRA SW 835; FIAT: DOBLO Cargo 223,DOBLO 119,MULTIPLA 186,BRAVO I 182,BRAVA 182,MAREA Weekend 185,PALIO Weekend 178DX,MAREA 185,PALIO 178BX,SIENA 178_; 46413088, 46413088, 46413088, 46413088, 46413088, 46413088; Sytytysjohtosarja,Sytytyskaapeli<\/p>\n","protected":false},"excerpt":{"rendered":"<p>NGK Sytytysjohto 2571 Sytytysjohtosarja,Sytytyskaapeli LANCIA,FIAT,LYBRA SW 839BX,LYBRA 839AX,DELTA II 836,DEDRA 835,DEDRA SW 835,DOBLO Cargo 223<\/p>\n","protected":false},"featured_media":0,"template":"","meta":{"site-sidebar-layout":"default","site-content-layout":"default","ast-global-header-display":"","ast-main-header-display":"","ast-hfb-above-header-display":"","ast-hfb-below-header-display":"","ast-hfb-mobile-header-display":"","site-post-title":"","ast-breadcrumbs-content":"","ast-featured-img":"","footer-sml-layout":"","theme-transparent-header-meta":"","adv-header-id-meta":"","stick-header-meta":"","header-above-stick-meta":"","header-main-stick-meta":"","header-below-stick-meta":""},"pwb-brand":[189],"product_cat":[198],"product_tag":[],"class_list":{"0":"post-41518","1":"product","2":"type-product","3":"status-publish","5":"pwb-brand-ngk","6":"product_cat-sytytysjohto","7":"desktop-align-left","8":"tablet-align-left","9":"mobile-align-left","11":"first","12":"instock","13":"product-type-external"},"brands":[{"id":189,"name":"NGK","slug":"ngk"}],"_links":{"self":[{"href":"https:\/\/www.autonvaraosahaku.fi\/index.php?rest_route=\/wp\/v2\/product\/41518","targetHints":{"allow":["GET"]}}],"collection":[{"href":"https:\/\/www.autonvaraosahaku.fi\/index.php?rest_route=\/wp\/v2\/product"}],"about":[{"href":"https:\/\/www.autonvaraosahaku.fi\/index.php?rest_route=\/wp\/v2\/types\/product"}],"wp:attachment":[{"href":"https:\/\/www.autonvaraosahaku.fi\/index.php?rest_route=%2Fwp%2Fv2%2Fmedia&parent=41518"}],"wp:term":[{"taxonomy":"pwb-brand","embeddable":true,"href":"https:\/\/www.autonvaraosahaku.fi\/index.php?rest_route=%2Fwp%2Fv2%2Fpwb-brand&post=41518"},{"taxonomy":"product_cat","embeddable":true,"href":"https:\/\/www.autonvaraosahaku.fi\/index.php?rest_route=%2Fwp%2Fv2%2Fproduct_cat&post=41518"},{"taxonomy":"product_tag","embeddable":true,"href":"https:\/\/www.autonvaraosahaku.fi\/index.php?rest_route=%2Fwp%2Fv2%2Fproduct_tag&post=41518"}],"curies":[{"name":"wp","href":"https:\/\/api.w.org\/{rel}","templated":true}]}}