{"id":41531,"date":"2021-02-21T16:50:37","date_gmt":"2021-02-21T16:50:37","guid":{"rendered":"https:\/\/www.autonvaraosahaku.fi\/?product=van-wezel-18006364-lammityslaitteen-kenno"},"modified":"2021-02-21T16:50:39","modified_gmt":"2021-02-21T16:50:39","slug":"van-wezel-18006364-lammityslaitteen-kenno","status":"publish","type":"product","link":"https:\/\/www.autonvaraosahaku.fi\/?product=van-wezel-18006364-lammityslaitteen-kenno","title":{"rendered":"VAN WEZEL 18006364 L\u00e4mmityslaitteen kenno"},"content":{"rendered":"<p>J\u00e4hdytysripamateriaali: Alumiini; Matriaali j\u00e4\u00e4hdyttimen s\u00e4ili\u00f6: Muovi; Lis\u00e4tarvike\/lis\u00e4tieto: Tarvikkeilla; Vasen \/ oikea liikenne: Ohjaus vasemmalla; Verkon pituus [mm]: 180; Verkon leveys [mm]: 183; Verkon syvyys [mm]: 34; Laatu: IR PLUS; Tuotelinja: *** IR PLUS ***; Vaihteistomalli: Schalt-\/optional Automatikgetriebe; VOLVO: V50 MW,C30,S40 II MS,C70 II Cabriolet; FORD: FOCUS II Kombi DA_,FOCUS II DA_,FOCUS C-MAX,KUGA I,C-MAX DM2,FOCUS II Stufenheck DA_,FOCUS II Cabriolet; 1253187, 1301838, 1317080, 1754199, 3M5H19476BD; L\u00e4mmityskenno<\/p>\n","protected":false},"excerpt":{"rendered":"<p>VAN WEZEL L\u00e4mmityslaitteen Kenno 18006364 L\u00e4mmityskenno VOLVO,FORD,V50 MW,C30,S40 II MS,C70 II Cabriolet,FOCUS II Kombi DA_,FOCUS II DA_,FOCUS C-MAX<\/p>\n","protected":false},"featured_media":0,"template":"","meta":{"site-sidebar-layout":"default","site-content-layout":"default","ast-global-header-display":"","ast-main-header-display":"","ast-hfb-above-header-display":"","ast-hfb-below-header-display":"","ast-hfb-mobile-header-display":"","site-post-title":"","ast-breadcrumbs-content":"","ast-featured-img":"","footer-sml-layout":"","theme-transparent-header-meta":"","adv-header-id-meta":"","stick-header-meta":"","header-above-stick-meta":"","header-main-stick-meta":"","header-below-stick-meta":""},"pwb-brand":[54],"product_cat":[292],"product_tag":[],"class_list":{"0":"post-41531","1":"product","2":"type-product","3":"status-publish","5":"pwb-brand-van-wezel","6":"product_cat-lammityslaitteen-kenno","7":"desktop-align-left","8":"tablet-align-left","9":"mobile-align-left","11":"first","12":"instock","13":"product-type-external"},"brands":[{"id":54,"name":"VAN WEZEL","slug":"van-wezel"}],"_links":{"self":[{"href":"https:\/\/www.autonvaraosahaku.fi\/index.php?rest_route=\/wp\/v2\/product\/41531","targetHints":{"allow":["GET"]}}],"collection":[{"href":"https:\/\/www.autonvaraosahaku.fi\/index.php?rest_route=\/wp\/v2\/product"}],"about":[{"href":"https:\/\/www.autonvaraosahaku.fi\/index.php?rest_route=\/wp\/v2\/types\/product"}],"wp:attachment":[{"href":"https:\/\/www.autonvaraosahaku.fi\/index.php?rest_route=%2Fwp%2Fv2%2Fmedia&parent=41531"}],"wp:term":[{"taxonomy":"pwb-brand","embeddable":true,"href":"https:\/\/www.autonvaraosahaku.fi\/index.php?rest_route=%2Fwp%2Fv2%2Fpwb-brand&post=41531"},{"taxonomy":"product_cat","embeddable":true,"href":"https:\/\/www.autonvaraosahaku.fi\/index.php?rest_route=%2Fwp%2Fv2%2Fproduct_cat&post=41531"},{"taxonomy":"product_tag","embeddable":true,"href":"https:\/\/www.autonvaraosahaku.fi\/index.php?rest_route=%2Fwp%2Fv2%2Fproduct_tag&post=41531"}],"curies":[{"name":"wp","href":"https:\/\/api.w.org\/{rel}","templated":true}]}}