{"id":41567,"date":"2021-02-21T16:50:46","date_gmt":"2021-02-21T16:50:46","guid":{"rendered":"https:\/\/www.autonvaraosahaku.fi\/?product=van-wezel-4394929-takavalot"},"modified":"2021-02-21T16:50:47","modified_gmt":"2021-02-21T16:50:47","slug":"van-wezel-4394929-takavalot","status":"publish","type":"product","link":"https:\/\/www.autonvaraosahaku.fi\/?product=van-wezel-4394929-takavalot","title":{"rendered":"VAN WEZEL 4394929 Takavalot"},"content":{"rendered":"<p>Asennuspuoli: Vasen, Puskuri; V\u00e4ri: valkoinen\/punainen; Valotoiminto: Sumutakavalolla, Peruutusvaloon; Reikien m\u00e4\u00e4r\u00e4: 2; Asennusmalli: Poltti\/ruuvi; Lis\u00e4tarvike\/lis\u00e4tieto: Ilman lampun kantaa; parilliset tuotenumerot: 4394930, 4394930; Valmistusvuoteen: 06\/2009; NISSAN: PRIMASTAR Kasten X83; OPEL: VIVARO Kasten F7,VIVARO Combi J7; RENAULT: TRAFIC II Bus JL,TRAFIC II Kasten FL; 4412788, 93863598, 8200047555, 8200322496, 8200968070; Takavalo<\/p>\n","protected":false},"excerpt":{"rendered":"<p>VAN WEZEL Takavalot 4394929 Takavalo NISSAN,OPEL,RENAULT,PRIMASTAR Kasten X83,VIVARO Kasten F7,VIVARO Combi J7,TRAFIC II Bus JL,TRAFIC II Kasten FL<\/p>\n","protected":false},"featured_media":0,"template":"","meta":{"site-sidebar-layout":"default","site-content-layout":"default","ast-global-header-display":"","ast-main-header-display":"","ast-hfb-above-header-display":"","ast-hfb-below-header-display":"","ast-hfb-mobile-header-display":"","site-post-title":"","ast-breadcrumbs-content":"","ast-featured-img":"","footer-sml-layout":"","theme-transparent-header-meta":"","adv-header-id-meta":"","stick-header-meta":"","header-above-stick-meta":"","header-main-stick-meta":"","header-below-stick-meta":""},"pwb-brand":[54],"product_cat":[159],"product_tag":[],"class_list":{"0":"post-41567","1":"product","2":"type-product","3":"status-publish","5":"pwb-brand-van-wezel","6":"product_cat-takavalot","7":"desktop-align-left","8":"tablet-align-left","9":"mobile-align-left","11":"first","12":"instock","13":"product-type-external"},"brands":[{"id":54,"name":"VAN WEZEL","slug":"van-wezel"}],"_links":{"self":[{"href":"https:\/\/www.autonvaraosahaku.fi\/index.php?rest_route=\/wp\/v2\/product\/41567","targetHints":{"allow":["GET"]}}],"collection":[{"href":"https:\/\/www.autonvaraosahaku.fi\/index.php?rest_route=\/wp\/v2\/product"}],"about":[{"href":"https:\/\/www.autonvaraosahaku.fi\/index.php?rest_route=\/wp\/v2\/types\/product"}],"wp:attachment":[{"href":"https:\/\/www.autonvaraosahaku.fi\/index.php?rest_route=%2Fwp%2Fv2%2Fmedia&parent=41567"}],"wp:term":[{"taxonomy":"pwb-brand","embeddable":true,"href":"https:\/\/www.autonvaraosahaku.fi\/index.php?rest_route=%2Fwp%2Fv2%2Fpwb-brand&post=41567"},{"taxonomy":"product_cat","embeddable":true,"href":"https:\/\/www.autonvaraosahaku.fi\/index.php?rest_route=%2Fwp%2Fv2%2Fproduct_cat&post=41567"},{"taxonomy":"product_tag","embeddable":true,"href":"https:\/\/www.autonvaraosahaku.fi\/index.php?rest_route=%2Fwp%2Fv2%2Fproduct_tag&post=41567"}],"curies":[{"name":"wp","href":"https:\/\/api.w.org\/{rel}","templated":true}]}}