{"id":41571,"date":"2021-02-21T16:50:46","date_gmt":"2021-02-21T16:50:46","guid":{"rendered":"https:\/\/www.autonvaraosahaku.fi\/?product=sachs-170-268-iskunvaimennin"},"modified":"2021-02-21T16:50:48","modified_gmt":"2021-02-21T16:50:48","slug":"sachs-170-268-iskunvaimennin","status":"publish","type":"product","link":"https:\/\/www.autonvaraosahaku.fi\/?product=sachs-170-268-iskunvaimennin","title":{"rendered":"SACHS 170 268 Iskunvaimennin"},"content":{"rendered":"<p>Tunnusluku: FE32\/22X176A; Iskunvaimennin tyyppi: \u00d6ljypaine; Iskunvaimennin malli: Joustintukisarja; Iskunvaimennusj\u00e4rjestelm\u00e4: Kaksiputki; Asennuspuoli: Vorderachse; AUDI: 80 8C, B4,80 Avant 8C, B4,90 89, 89Q, 8A, B3,90 81, 85, B2; 8A0413503B, 8A0413503C, 8A0413503B, 8A0413503C; Iskarit,Iskunvaimennin<\/p>\n","protected":false},"excerpt":{"rendered":"<p>SACHS Iskunvaimentimet 170 268 Iskarit,Iskunvaimennin AUDI,80 8C, B4,80 Avant 8C, B4,90 89, 89Q, 8A, B3,90 81, 85, B2<\/p>\n","protected":false},"featured_media":0,"template":"","meta":{"site-sidebar-layout":"default","site-content-layout":"default","ast-global-header-display":"","ast-main-header-display":"","ast-hfb-above-header-display":"","ast-hfb-below-header-display":"","ast-hfb-mobile-header-display":"","site-post-title":"","ast-breadcrumbs-content":"","ast-featured-img":"","footer-sml-layout":"","theme-transparent-header-meta":"","adv-header-id-meta":"","stick-header-meta":"","header-above-stick-meta":"","header-main-stick-meta":"","header-below-stick-meta":""},"pwb-brand":[91],"product_cat":[80],"product_tag":[],"class_list":{"0":"post-41571","1":"product","2":"type-product","3":"status-publish","5":"pwb-brand-sachs","6":"product_cat-iskunvaimennin","7":"desktop-align-left","8":"tablet-align-left","9":"mobile-align-left","11":"first","12":"instock","13":"product-type-external"},"brands":[{"id":91,"name":"SACHS","slug":"sachs"}],"_links":{"self":[{"href":"https:\/\/www.autonvaraosahaku.fi\/index.php?rest_route=\/wp\/v2\/product\/41571","targetHints":{"allow":["GET"]}}],"collection":[{"href":"https:\/\/www.autonvaraosahaku.fi\/index.php?rest_route=\/wp\/v2\/product"}],"about":[{"href":"https:\/\/www.autonvaraosahaku.fi\/index.php?rest_route=\/wp\/v2\/types\/product"}],"wp:attachment":[{"href":"https:\/\/www.autonvaraosahaku.fi\/index.php?rest_route=%2Fwp%2Fv2%2Fmedia&parent=41571"}],"wp:term":[{"taxonomy":"pwb-brand","embeddable":true,"href":"https:\/\/www.autonvaraosahaku.fi\/index.php?rest_route=%2Fwp%2Fv2%2Fpwb-brand&post=41571"},{"taxonomy":"product_cat","embeddable":true,"href":"https:\/\/www.autonvaraosahaku.fi\/index.php?rest_route=%2Fwp%2Fv2%2Fproduct_cat&post=41571"},{"taxonomy":"product_tag","embeddable":true,"href":"https:\/\/www.autonvaraosahaku.fi\/index.php?rest_route=%2Fwp%2Fv2%2Fproduct_tag&post=41571"}],"curies":[{"name":"wp","href":"https:\/\/api.w.org\/{rel}","templated":true}]}}