{"id":41601,"date":"2021-02-21T16:50:55","date_gmt":"2021-02-21T16:50:55","guid":{"rendered":"https:\/\/www.autonvaraosahaku.fi\/?product=ernst-499941-pakoputken-asennussarja"},"modified":"2021-02-21T16:50:55","modified_gmt":"2021-02-21T16:50:55","slug":"ernst-499941-pakoputken-asennussarja","status":"publish","type":"product","link":"https:\/\/www.autonvaraosahaku.fi\/?product=ernst-499941-pakoputken-asennussarja","title":{"rendered":"ERNST 499941 Pakoputken asennussarja"},"content":{"rendered":"<p>L\u00e4pimitta [mm]: 58,0; Putkiliitokset: U-kiristin; Kierremitta: M10; Putki-\u00d8 (mm): 55,0; Pakoputkisto: f\u00fcr Endschalld\u00e4mpfer; OPEL: ASTRA H Caravan L35,ASTRA H L48,ASTRA H GTC L08,VECTRA C,VECTRA C GTS; VOLVO: 940 Kombi 945,740 Kombi 745,740 744,940 944,760 704, 764,760 Kombi 704, 765; FORD: TRANSIT CONNECT P65_, P70_, P80_,TOURNEO CONNECT,TRANSIT  MK-5 Bus E_ _,TRANSIT MK-5 Pritsche\/Fahrgestell E_ _,TRANSIT MK-5 Kasten E_ _; ALFA ROMEO: 147 937; FIAT: STILO 192,DUCATO Kasten 244,BARCHETTA 183,PUNTO 176,STILO Multi Wagon 192,DUCATO Pritsche\/Fahrgestell 244,DUCATO Bus 244, Z_,BRAVO I 182,BRAVA 182; CITRO\u00cbN: JUMPER Kasten 244,JUMPER Bus 244, Z_,JUMPER Pritsche\/Fahrgestell 244; PEUGEOT: BOXER Kasten 244,BOXER Bus 244, Z_,BOXER Pritsche\/Fahrgestell 244; 1096827, 5019370, 5021223, 6058190; Putkenliitin, Pakoputkisto<\/p>\n","protected":false},"excerpt":{"rendered":"<p>ERNST Pakoputken Kiristin 499941 Putkenliitin, Pakoputkisto OPEL,VOLVO,FORD,ASTRA H Caravan L35,ASTRA H L48,ASTRA H GTC L08,VECTRA C,VECTRA C GTS<\/p>\n","protected":false},"featured_media":0,"template":"","meta":{"site-sidebar-layout":"default","site-content-layout":"default","ast-global-header-display":"","ast-main-header-display":"","ast-hfb-above-header-display":"","ast-hfb-below-header-display":"","ast-hfb-mobile-header-display":"","site-post-title":"","ast-breadcrumbs-content":"","ast-featured-img":"","footer-sml-layout":"","theme-transparent-header-meta":"","adv-header-id-meta":"","stick-header-meta":"","header-above-stick-meta":"","header-main-stick-meta":"","header-below-stick-meta":""},"pwb-brand":[63],"product_cat":[101],"product_tag":[],"class_list":{"0":"post-41601","1":"product","2":"type-product","3":"status-publish","5":"pwb-brand-ernst","6":"product_cat-pakoputken-asennussarja","7":"desktop-align-left","8":"tablet-align-left","9":"mobile-align-left","11":"first","12":"instock","13":"product-type-external"},"brands":[{"id":63,"name":"ERNST","slug":"ernst"}],"_links":{"self":[{"href":"https:\/\/www.autonvaraosahaku.fi\/index.php?rest_route=\/wp\/v2\/product\/41601","targetHints":{"allow":["GET"]}}],"collection":[{"href":"https:\/\/www.autonvaraosahaku.fi\/index.php?rest_route=\/wp\/v2\/product"}],"about":[{"href":"https:\/\/www.autonvaraosahaku.fi\/index.php?rest_route=\/wp\/v2\/types\/product"}],"wp:attachment":[{"href":"https:\/\/www.autonvaraosahaku.fi\/index.php?rest_route=%2Fwp%2Fv2%2Fmedia&parent=41601"}],"wp:term":[{"taxonomy":"pwb-brand","embeddable":true,"href":"https:\/\/www.autonvaraosahaku.fi\/index.php?rest_route=%2Fwp%2Fv2%2Fpwb-brand&post=41601"},{"taxonomy":"product_cat","embeddable":true,"href":"https:\/\/www.autonvaraosahaku.fi\/index.php?rest_route=%2Fwp%2Fv2%2Fproduct_cat&post=41601"},{"taxonomy":"product_tag","embeddable":true,"href":"https:\/\/www.autonvaraosahaku.fi\/index.php?rest_route=%2Fwp%2Fv2%2Fproduct_tag&post=41601"}],"curies":[{"name":"wp","href":"https:\/\/api.w.org\/{rel}","templated":true}]}}