{"id":41727,"date":"2021-02-21T16:51:21","date_gmt":"2021-02-21T16:51:21","guid":{"rendered":"https:\/\/www.autonvaraosahaku.fi\/?product=sachs-100-786-iskunvaimennin"},"modified":"2021-02-21T16:51:23","modified_gmt":"2021-02-21T16:51:23","slug":"sachs-100-786-iskunvaimennin","status":"publish","type":"product","link":"https:\/\/www.autonvaraosahaku.fi\/?product=sachs-100-786-iskunvaimennin","title":{"rendered":"SACHS 100 786 Iskunvaimennin"},"content":{"rendered":"<p>Tunnusluku: FE32\/22X176A; Iskunvaimennin tyyppi: \u00d6ljypaine; Iskunvaimennin malli: Joustintukisarja; Iskunvaimennusj\u00e4rjestelm\u00e4: Kaksiputki; Asennuspuoli: Vorderachse; VW: PASSAT Variant 32B,PASSAT 32B,PASSAT 32,PASSAT Stufenheck 32B,PASSAT Variant 33,SANTANA 32B; AUDI: 80 89, 89Q, 8A, B3,80 81, 85, B2,COUPE 81, 85,80 80, 82, B1,90 81, 85, B2; 321412503A, 321412503B, 321412503C, 321413031B, 321413503A, 321413503B, 811413031A, 811413503, 811413503B, 811413503D, 811413503E, 811413503F, 811413503G, 811413503H, 811413503K, 827412031B, 827412031C, 855413503C, 893413503C, 893413503F, 893413503P, 811413503B, 811413503D, 893413503F, 811413503B, 811413503D, 893413503F, 321412503A, 321412503B, 321412503C, 321413031B, 321413503A, 321413503B, 811413031A, 811413503, 811413503B, 811413503D, 811413503E, 811413503F, 811413503G, 811413503H, 811413503K, 827412031B, 827412031C, 855413503C, 893413503C, 893413503F, 893413503P; Iskarit,Iskunvaimennin<\/p>\n","protected":false},"excerpt":{"rendered":"<p>SACHS Iskunvaimentimet 100 786 Iskarit,Iskunvaimennin VW,AUDI,PASSAT Variant 32B,PASSAT 32B,PASSAT 32,PASSAT Stufenheck 32B,PASSAT Variant 33<\/p>\n","protected":false},"featured_media":0,"template":"","meta":{"site-sidebar-layout":"default","site-content-layout":"default","ast-global-header-display":"","ast-main-header-display":"","ast-hfb-above-header-display":"","ast-hfb-below-header-display":"","ast-hfb-mobile-header-display":"","site-post-title":"","ast-breadcrumbs-content":"","ast-featured-img":"","footer-sml-layout":"","theme-transparent-header-meta":"","adv-header-id-meta":"","stick-header-meta":"","header-above-stick-meta":"","header-main-stick-meta":"","header-below-stick-meta":""},"pwb-brand":[91],"product_cat":[80],"product_tag":[],"class_list":{"0":"post-41727","1":"product","2":"type-product","3":"status-publish","5":"pwb-brand-sachs","6":"product_cat-iskunvaimennin","7":"desktop-align-left","8":"tablet-align-left","9":"mobile-align-left","11":"first","12":"instock","13":"product-type-external"},"brands":[{"id":91,"name":"SACHS","slug":"sachs"}],"_links":{"self":[{"href":"https:\/\/www.autonvaraosahaku.fi\/index.php?rest_route=\/wp\/v2\/product\/41727","targetHints":{"allow":["GET"]}}],"collection":[{"href":"https:\/\/www.autonvaraosahaku.fi\/index.php?rest_route=\/wp\/v2\/product"}],"about":[{"href":"https:\/\/www.autonvaraosahaku.fi\/index.php?rest_route=\/wp\/v2\/types\/product"}],"wp:attachment":[{"href":"https:\/\/www.autonvaraosahaku.fi\/index.php?rest_route=%2Fwp%2Fv2%2Fmedia&parent=41727"}],"wp:term":[{"taxonomy":"pwb-brand","embeddable":true,"href":"https:\/\/www.autonvaraosahaku.fi\/index.php?rest_route=%2Fwp%2Fv2%2Fpwb-brand&post=41727"},{"taxonomy":"product_cat","embeddable":true,"href":"https:\/\/www.autonvaraosahaku.fi\/index.php?rest_route=%2Fwp%2Fv2%2Fproduct_cat&post=41727"},{"taxonomy":"product_tag","embeddable":true,"href":"https:\/\/www.autonvaraosahaku.fi\/index.php?rest_route=%2Fwp%2Fv2%2Fproduct_tag&post=41727"}],"curies":[{"name":"wp","href":"https:\/\/api.w.org\/{rel}","templated":true}]}}