{"id":41729,"date":"2021-02-21T16:51:21","date_gmt":"2021-02-21T16:51:21","guid":{"rendered":"https:\/\/www.autonvaraosahaku.fi\/?product=contitech-ct881-jakohihna"},"modified":"2021-02-21T16:51:23","modified_gmt":"2021-02-21T16:51:23","slug":"contitech-ct881-jakohihna","status":"publish","type":"product","link":"https:\/\/www.autonvaraosahaku.fi\/?product=contitech-ct881-jakohihna","title":{"rendered":"CONTITECH CT881 Jakohihna"},"content":{"rendered":"<p>Hammasluku: 117; Pakkauspituus [cm]: 25,5; Pakkausleveys [cm]: 16; Pakkauskorkeus [mm]: 3; Paino [kg]: 0,15; Leveys (mm): 22; Apulaitteet: angetr. Agg.: Nockenwelle; MAZDA: 2 DY,121 III JASM, JBSM; VOLVO: V50 MW,V70 III BW,C30,V60,S40 II MS,V40 Schr\u00e4gheck,S80 II AS,S60 II; FORD: FIESTA V JH_, JD_,FOCUS II Kombi DA_,FIESTA VI,MONDEO IV Turnier BA7,FOCUS Kombi DNW,FOCUS II DA_,FOCUS DAW, DBW,S-MAX WA6,FOCUS III Turnier,FOCUS C-MAX,FIESTA IV JA_, JB_,GALAXY WA6,FUSION JU_,C-MAX DM2,FOCUS III,C-MAX II,MONDEO IV BA7,KUGA II DM2,FIESTA Stufenheck JA8 JR8,GRAND C-MAX,FOCUS Stufenheck DFW,FOCUS II Stufenheck DA_,B-MAX JK,FOCUS II Cabriolet,ECOSPORT,PUMA EC_,FOCUS III Stufenheck,MONDEO IV Stufenheck BA7,TOURNEO CONNECT \/ GRAND TOURNEO CONNECT Kombi,FIESTA VI Van,FIESTA Kasten J5_, J3_,TRANSIT CONNECT Kasten,MONDEO V Turnier,S-MAX,MONDEO V Stufenheck,GRAND C-MAX Van,GALAXY,MONDEO V Schr\u00e4gheck,C-MAX II Van,B-MAX Van,KUGA II Van,FOCUS III Kasten\/Schr\u00e4gheck,KA; 1004297, 1004299, 1675963, 1823388, 96MM6K288A1A, 96MM6K288A2A, 96MM6K288BA, BM5G6K288AA, 1E0512205, 1E0612205, C20112201, C20112201A, C60612201, 274562, 30711607, 31330351; Jakop\u00e4\u00e4n Hihna,Hammashihna,Hammashihnat<\/p>\n","protected":false},"excerpt":{"rendered":"<p>CONTITECH Jakohihna CT881 Jakop\u00e4\u00e4n Hihna,Hammashihna MAZDA,VOLVO,FORD,2 DY,121 III JASM, JBSM,V50 MW,V70 III BW,C30,V60,S40 II MS,V40 Schr\u00e4gheck<\/p>\n","protected":false},"featured_media":0,"template":"","meta":{"site-sidebar-layout":"default","site-content-layout":"default","ast-global-header-display":"","ast-main-header-display":"","ast-hfb-above-header-display":"","ast-hfb-below-header-display":"","ast-hfb-mobile-header-display":"","site-post-title":"","ast-breadcrumbs-content":"","ast-featured-img":"","footer-sml-layout":"","theme-transparent-header-meta":"","adv-header-id-meta":"","stick-header-meta":"","header-above-stick-meta":"","header-main-stick-meta":"","header-below-stick-meta":""},"pwb-brand":[187],"product_cat":[266],"product_tag":[],"class_list":{"0":"post-41729","1":"product","2":"type-product","3":"status-publish","5":"pwb-brand-contitech","6":"product_cat-jakohihna","7":"desktop-align-left","8":"tablet-align-left","9":"mobile-align-left","11":"first","12":"instock","13":"product-type-external"},"brands":[{"id":187,"name":"CONTITECH","slug":"contitech"}],"_links":{"self":[{"href":"https:\/\/www.autonvaraosahaku.fi\/index.php?rest_route=\/wp\/v2\/product\/41729","targetHints":{"allow":["GET"]}}],"collection":[{"href":"https:\/\/www.autonvaraosahaku.fi\/index.php?rest_route=\/wp\/v2\/product"}],"about":[{"href":"https:\/\/www.autonvaraosahaku.fi\/index.php?rest_route=\/wp\/v2\/types\/product"}],"wp:attachment":[{"href":"https:\/\/www.autonvaraosahaku.fi\/index.php?rest_route=%2Fwp%2Fv2%2Fmedia&parent=41729"}],"wp:term":[{"taxonomy":"pwb-brand","embeddable":true,"href":"https:\/\/www.autonvaraosahaku.fi\/index.php?rest_route=%2Fwp%2Fv2%2Fpwb-brand&post=41729"},{"taxonomy":"product_cat","embeddable":true,"href":"https:\/\/www.autonvaraosahaku.fi\/index.php?rest_route=%2Fwp%2Fv2%2Fproduct_cat&post=41729"},{"taxonomy":"product_tag","embeddable":true,"href":"https:\/\/www.autonvaraosahaku.fi\/index.php?rest_route=%2Fwp%2Fv2%2Fproduct_tag&post=41729"}],"curies":[{"name":"wp","href":"https:\/\/api.w.org\/{rel}","templated":true}]}}