{"id":41733,"date":"2021-02-21T16:51:21","date_gmt":"2021-02-21T16:51:21","guid":{"rendered":"https:\/\/www.autonvaraosahaku.fi\/?product=contitech-ct1065-jakohihna"},"modified":"2021-02-21T16:51:24","modified_gmt":"2021-02-21T16:51:24","slug":"contitech-ct1065-jakohihna","status":"publish","type":"product","link":"https:\/\/www.autonvaraosahaku.fi\/?product=contitech-ct1065-jakohihna","title":{"rendered":"CONTITECH CT1065 Jakohihna"},"content":{"rendered":"<p>Hammasluku: 134; Pakkauspituus [cm]: 25,5; Pakkausleveys [cm]: 16; Pakkauskorkeus [mm]: 3; Paino [kg]: 0,22; Leveys (mm): 26; Apulaitteet: angetr. Agg.: Nockenwelle; PEUGEOT: 206 Schr\u00e4gheck 2A\/C,206 CC 2D,207 WA_, WC_,307 SW 3H,307 CC 3B,307 3A\/C,308 SW,206 SW 2E\/K,106 II 1,308 4A_, 4C_,307 Break 3E,PARTNER Tepee,1007 KM_,PARTNER Combispace 5F,PARTNER Kasten 5,PARTNER Kasten,206 Stufenheck,405 II Break 4E,301,308 SW II,408; CITRO\u00cbN: BERLINGO MF,XSARA PICASSO N68,C2 JM_,C3 I FC_,BERLINGO B9,C4 I LC_,SAXO S0, S1,BERLINGO Kasten M_,XSARA N1,C4 Coupe LA_,C3 Pluriel HB_,XSARA Break N2,BERLINGO Kasten B9,XSARA Coupe N0,C4 Stufenheck L,C-ELYSEE,C3 III SX,C4 Stufenheck N; 081685, 0816E0, 0816H6, 0816H7, 70816E0, 70816E0134X1, 96197629, 96239499, 9637914380, 9639842180, 081685, 0816E0, 0816H6, 0816H7, 96197629, 9637914380, 9639842180; Jakop\u00e4\u00e4n Hihna,Hammashihna,Hammashihnat<\/p>\n","protected":false},"excerpt":{"rendered":"<p>CONTITECH Jakohihna CT1065 Jakop\u00e4\u00e4n Hihna,Hammashihna PEUGEOT,CITRO\u00cbN,206 Schr\u00e4gheck 2A\/C,206 CC 2D,207 WA_, WC_,307 SW 3H,307 CC 3B,307 3A\/C,308 SW<\/p>\n","protected":false},"featured_media":0,"template":"","meta":{"site-sidebar-layout":"default","site-content-layout":"default","ast-global-header-display":"","ast-main-header-display":"","ast-hfb-above-header-display":"","ast-hfb-below-header-display":"","ast-hfb-mobile-header-display":"","site-post-title":"","ast-breadcrumbs-content":"","ast-featured-img":"","footer-sml-layout":"","theme-transparent-header-meta":"","adv-header-id-meta":"","stick-header-meta":"","header-above-stick-meta":"","header-main-stick-meta":"","header-below-stick-meta":""},"pwb-brand":[187],"product_cat":[266],"product_tag":[],"class_list":{"0":"post-41733","1":"product","2":"type-product","3":"status-publish","5":"pwb-brand-contitech","6":"product_cat-jakohihna","7":"desktop-align-left","8":"tablet-align-left","9":"mobile-align-left","11":"first","12":"instock","13":"product-type-external"},"brands":[{"id":187,"name":"CONTITECH","slug":"contitech"}],"_links":{"self":[{"href":"https:\/\/www.autonvaraosahaku.fi\/index.php?rest_route=\/wp\/v2\/product\/41733","targetHints":{"allow":["GET"]}}],"collection":[{"href":"https:\/\/www.autonvaraosahaku.fi\/index.php?rest_route=\/wp\/v2\/product"}],"about":[{"href":"https:\/\/www.autonvaraosahaku.fi\/index.php?rest_route=\/wp\/v2\/types\/product"}],"wp:attachment":[{"href":"https:\/\/www.autonvaraosahaku.fi\/index.php?rest_route=%2Fwp%2Fv2%2Fmedia&parent=41733"}],"wp:term":[{"taxonomy":"pwb-brand","embeddable":true,"href":"https:\/\/www.autonvaraosahaku.fi\/index.php?rest_route=%2Fwp%2Fv2%2Fpwb-brand&post=41733"},{"taxonomy":"product_cat","embeddable":true,"href":"https:\/\/www.autonvaraosahaku.fi\/index.php?rest_route=%2Fwp%2Fv2%2Fproduct_cat&post=41733"},{"taxonomy":"product_tag","embeddable":true,"href":"https:\/\/www.autonvaraosahaku.fi\/index.php?rest_route=%2Fwp%2Fv2%2Fproduct_tag&post=41733"}],"curies":[{"name":"wp","href":"https:\/\/api.w.org\/{rel}","templated":true}]}}