{"id":41747,"date":"2021-02-21T16:51:26","date_gmt":"2021-02-21T16:51:26","guid":{"rendered":"https:\/\/www.autonvaraosahaku.fi\/?product=gates-th22989g1-termostaatti"},"modified":"2021-02-21T16:51:28","modified_gmt":"2021-02-21T16:51:28","slug":"gates-th22989g1-termostaatti","status":"publish","type":"product","link":"https:\/\/www.autonvaraosahaku.fi\/?product=gates-th22989g1-termostaatti","title":{"rendered":"GATES TH22989G1 Termostaatti"},"content":{"rendered":"<p>Kotelomalli: Kopalla; Avausl\u00e4mp\u00f6tila [\u00b0C]: 89; Valmistusvuosi alkaen: 05\/1999; CITRO\u00cbN: BERLINGO MF,C2 JM_,C3 I FC_,SAXO S0, S1,BERLINGO Kasten M_,XSARA N1,C3 Pluriel HB_,XSARA Break N2,XSARA Coupe N0,NEMO Kasten AA_,NEMO Kombi,C2 ENTERPRISE,XSARA Kasten,XSARA Kasten\/Schr\u00e4gheck; PEUGEOT: 106 II 1,306 Schr\u00e4gheck 7A, 7C, N3, N5,306 Cabriolet 7D, N3, N5,1007 KM_,PARTNER Combispace 5F,PARTNER Kasten 5,306 Break 7E, N3, N5,306 7B, N3, N5,BIPPER AA_,BIPPER Tepee,306 Van N_, 7_,306 Kasten\/Schr\u00e4gheck; 1336N1, 1336Q2, 1336N1, 1336Q2; Termostaatti, J\u00e4\u00e4hdytysneste<\/p>\n","protected":false},"excerpt":{"rendered":"<p>GATES Termostaatti TH22989G1 Termostaatti, J\u00e4\u00e4hdytysneste CITRO\u00cbN,PEUGEOT,BERLINGO MF,C2 JM_,C3 I FC_,SAXO S0, S1,BERLINGO Kasten M_,XSARA N1<\/p>\n","protected":false},"featured_media":0,"template":"","meta":{"site-sidebar-layout":"default","site-content-layout":"default","ast-global-header-display":"","ast-main-header-display":"","ast-hfb-above-header-display":"","ast-hfb-below-header-display":"","ast-hfb-mobile-header-display":"","site-post-title":"","ast-breadcrumbs-content":"","ast-featured-img":"","footer-sml-layout":"","theme-transparent-header-meta":"","adv-header-id-meta":"","stick-header-meta":"","header-above-stick-meta":"","header-main-stick-meta":"","header-below-stick-meta":""},"pwb-brand":[22],"product_cat":[174],"product_tag":[],"class_list":{"0":"post-41747","1":"product","2":"type-product","3":"status-publish","5":"pwb-brand-gates","6":"product_cat-termostaatti","7":"desktop-align-left","8":"tablet-align-left","9":"mobile-align-left","11":"first","12":"instock","13":"product-type-external"},"brands":[{"id":22,"name":"GATES","slug":"gates"}],"_links":{"self":[{"href":"https:\/\/www.autonvaraosahaku.fi\/index.php?rest_route=\/wp\/v2\/product\/41747","targetHints":{"allow":["GET"]}}],"collection":[{"href":"https:\/\/www.autonvaraosahaku.fi\/index.php?rest_route=\/wp\/v2\/product"}],"about":[{"href":"https:\/\/www.autonvaraosahaku.fi\/index.php?rest_route=\/wp\/v2\/types\/product"}],"wp:attachment":[{"href":"https:\/\/www.autonvaraosahaku.fi\/index.php?rest_route=%2Fwp%2Fv2%2Fmedia&parent=41747"}],"wp:term":[{"taxonomy":"pwb-brand","embeddable":true,"href":"https:\/\/www.autonvaraosahaku.fi\/index.php?rest_route=%2Fwp%2Fv2%2Fpwb-brand&post=41747"},{"taxonomy":"product_cat","embeddable":true,"href":"https:\/\/www.autonvaraosahaku.fi\/index.php?rest_route=%2Fwp%2Fv2%2Fproduct_cat&post=41747"},{"taxonomy":"product_tag","embeddable":true,"href":"https:\/\/www.autonvaraosahaku.fi\/index.php?rest_route=%2Fwp%2Fv2%2Fproduct_tag&post=41747"}],"curies":[{"name":"wp","href":"https:\/\/api.w.org\/{rel}","templated":true}]}}