{"id":41748,"date":"2021-02-21T16:51:26","date_gmt":"2021-02-21T16:51:26","guid":{"rendered":"https:\/\/www.autonvaraosahaku.fi\/?product=gates-th13783g1-termostaatti"},"modified":"2021-02-21T16:51:28","modified_gmt":"2021-02-21T16:51:28","slug":"gates-th13783g1-termostaatti","status":"publish","type":"product","link":"https:\/\/www.autonvaraosahaku.fi\/?product=gates-th13783g1-termostaatti","title":{"rendered":"GATES TH13783G1 Termostaatti"},"content":{"rendered":"<p>Kotelomalli: Ilman koppaa; Avausl\u00e4mp\u00f6tila [\u00b0C]: 83; Valmistusvuosi alkaen: 05\/1997; LANCIA: ZETA 220; FIAT: DUCATO Pritsche\/Fahrgestell 230,DUCATO Bus 230,DUCATO Kasten 230L,ULYSSE 220; CITRO\u00cbN: XSARA PICASSO N68,XSARA N1,XSARA Break N2,XM Y4,XSARA Coupe N0,XANTIA X1,EVASION 22, U6,ZX N2,JUMPER Kasten 230L,XANTIA Break X1,JUMPER Bus 230P,ZX Break N2,XM Break Y4,JUMPER Pritsche\/Fahrgestell 230,XSARA Kasten\/Schr\u00e4gheck; PEUGEOT: 306 Schr\u00e4gheck 7A, 7C, N3, N5,306 Cabriolet 7D, N3, N5,406 Break 8E\/F,406 Coupe 8C,306 Break 7E, N3, N5,406 8B,806 221,BOXER Kasten 230L,306 7B, N3, N5,BOXER Bus 230P,BOXER Pritsche\/Fahrgestell ZCT_,605 6B; 133839, 9616090280, 9616090280, 133839; Termostaatti, J\u00e4\u00e4hdytysneste<\/p>\n","protected":false},"excerpt":{"rendered":"<p>GATES Termostaatti TH13783G1 Termostaatti, J\u00e4\u00e4hdytysneste LANCIA,FIAT,CITRO\u00cbN,ZETA 220,DUCATO Pritsche\/Fahrgestell 230,DUCATO Bus 230<\/p>\n","protected":false},"featured_media":0,"template":"","meta":{"site-sidebar-layout":"default","site-content-layout":"default","ast-global-header-display":"","ast-main-header-display":"","ast-hfb-above-header-display":"","ast-hfb-below-header-display":"","ast-hfb-mobile-header-display":"","site-post-title":"","ast-breadcrumbs-content":"","ast-featured-img":"","footer-sml-layout":"","theme-transparent-header-meta":"","adv-header-id-meta":"","stick-header-meta":"","header-above-stick-meta":"","header-main-stick-meta":"","header-below-stick-meta":""},"pwb-brand":[22],"product_cat":[174],"product_tag":[],"class_list":{"0":"post-41748","1":"product","2":"type-product","3":"status-publish","5":"pwb-brand-gates","6":"product_cat-termostaatti","7":"desktop-align-left","8":"tablet-align-left","9":"mobile-align-left","11":"first","12":"instock","13":"product-type-external"},"brands":[{"id":22,"name":"GATES","slug":"gates"}],"_links":{"self":[{"href":"https:\/\/www.autonvaraosahaku.fi\/index.php?rest_route=\/wp\/v2\/product\/41748","targetHints":{"allow":["GET"]}}],"collection":[{"href":"https:\/\/www.autonvaraosahaku.fi\/index.php?rest_route=\/wp\/v2\/product"}],"about":[{"href":"https:\/\/www.autonvaraosahaku.fi\/index.php?rest_route=\/wp\/v2\/types\/product"}],"wp:attachment":[{"href":"https:\/\/www.autonvaraosahaku.fi\/index.php?rest_route=%2Fwp%2Fv2%2Fmedia&parent=41748"}],"wp:term":[{"taxonomy":"pwb-brand","embeddable":true,"href":"https:\/\/www.autonvaraosahaku.fi\/index.php?rest_route=%2Fwp%2Fv2%2Fpwb-brand&post=41748"},{"taxonomy":"product_cat","embeddable":true,"href":"https:\/\/www.autonvaraosahaku.fi\/index.php?rest_route=%2Fwp%2Fv2%2Fproduct_cat&post=41748"},{"taxonomy":"product_tag","embeddable":true,"href":"https:\/\/www.autonvaraosahaku.fi\/index.php?rest_route=%2Fwp%2Fv2%2Fproduct_tag&post=41748"}],"curies":[{"name":"wp","href":"https:\/\/api.w.org\/{rel}","templated":true}]}}