{"id":41769,"date":"2021-02-21T16:51:31","date_gmt":"2021-02-21T16:51:31","guid":{"rendered":"https:\/\/www.autonvaraosahaku.fi\/?product=optimal-g7-1287s-koiranluu"},"modified":"2021-02-21T16:51:32","modified_gmt":"2021-02-21T16:51:32","slug":"optimal-g7-1287s-koiranluu","status":"publish","type":"product","link":"https:\/\/www.autonvaraosahaku.fi\/?product=optimal-g7-1287s-koiranluu","title":{"rendered":"OPTIMAL G7-1287S Koiranluu"},"content":{"rendered":"<p>Asennuspuoli: Etuakseli, Molemminpuolin; Tanko \/ tuki: Yhdystanko; Ulkokierre [mm]: M8 x 1,25 RHT M; Materiaali: Thermoplast, Kumi-metalli; Korvaava tuote\/korvaava tiedote 2: Muovilevyll\u00e4, mutterilla; Tarvittava kappalem\u00e4\u00e4r\u00e4: 2; Kokonaispituus (mm): 78; Ulkol\u00e4pimitta [mm]: 26,3; Vaihtoehtoinen korjaussarja: G7-1287; Ruuvin pituus ilman p\u00e4\u00e4t\u00e4: 74; DACIA: SANDERO,LOGAN MCV KS_,SANDERO II,LODGY,LOGAN MCV II,DOKKER,LOGAN LS_,DOKKER Express,LOGAN EXPRESS FS_,LOGAN Pick-up US_,LOGAN II; RENAULT: TWIZY MAM_,SANDERO\/STEPWAY I,LOGAN I Kombi KS_,LOGAN I LS_,LOGAN EXPRESS,SANDERO\/STEPWAY II,LOGAN II Kombi,LOGAN II; 6001547138, 8200277960, 8660005537, 6001547138, 8200277960, 8660005537; Kallistuksenvakaajan Yhdystanko,Tanko, Kallistuksenvaimennin<\/p>\n","protected":false},"excerpt":{"rendered":"<p>OPTIMAL Koiranluu G7-1287S Kallistuksenvakaajan Yhdystanko,Tanko, Kallistuksenvaimennin DACIA,RENAULT,SANDERO,LOGAN MCV KS_,SANDERO II,LODGY<\/p>\n","protected":false},"featured_media":0,"template":"","meta":{"site-sidebar-layout":"default","site-content-layout":"default","ast-global-header-display":"","ast-main-header-display":"","ast-hfb-above-header-display":"","ast-hfb-below-header-display":"","ast-hfb-mobile-header-display":"","site-post-title":"","ast-breadcrumbs-content":"","ast-featured-img":"","footer-sml-layout":"","theme-transparent-header-meta":"","adv-header-id-meta":"","stick-header-meta":"","header-above-stick-meta":"","header-main-stick-meta":"","header-below-stick-meta":""},"pwb-brand":[307],"product_cat":[38],"product_tag":[],"class_list":{"0":"post-41769","1":"product","2":"type-product","3":"status-publish","5":"pwb-brand-optimal","6":"product_cat-koiranluu","7":"desktop-align-left","8":"tablet-align-left","9":"mobile-align-left","11":"first","12":"instock","13":"product-type-external"},"brands":[{"id":307,"name":"OPTIMAL","slug":"optimal"}],"_links":{"self":[{"href":"https:\/\/www.autonvaraosahaku.fi\/index.php?rest_route=\/wp\/v2\/product\/41769","targetHints":{"allow":["GET"]}}],"collection":[{"href":"https:\/\/www.autonvaraosahaku.fi\/index.php?rest_route=\/wp\/v2\/product"}],"about":[{"href":"https:\/\/www.autonvaraosahaku.fi\/index.php?rest_route=\/wp\/v2\/types\/product"}],"wp:attachment":[{"href":"https:\/\/www.autonvaraosahaku.fi\/index.php?rest_route=%2Fwp%2Fv2%2Fmedia&parent=41769"}],"wp:term":[{"taxonomy":"pwb-brand","embeddable":true,"href":"https:\/\/www.autonvaraosahaku.fi\/index.php?rest_route=%2Fwp%2Fv2%2Fpwb-brand&post=41769"},{"taxonomy":"product_cat","embeddable":true,"href":"https:\/\/www.autonvaraosahaku.fi\/index.php?rest_route=%2Fwp%2Fv2%2Fproduct_cat&post=41769"},{"taxonomy":"product_tag","embeddable":true,"href":"https:\/\/www.autonvaraosahaku.fi\/index.php?rest_route=%2Fwp%2Fv2%2Fproduct_tag&post=41769"}],"curies":[{"name":"wp","href":"https:\/\/api.w.org\/{rel}","templated":true}]}}