{"id":41809,"date":"2021-02-21T16:51:40","date_gmt":"2021-02-21T16:51:40","guid":{"rendered":"https:\/\/www.autonvaraosahaku.fi\/?product=ernst-498005-pakoputken-asennussarja"},"modified":"2021-02-21T16:51:41","modified_gmt":"2021-02-21T16:51:41","slug":"ernst-498005-pakoputken-asennussarja","status":"publish","type":"product","link":"https:\/\/www.autonvaraosahaku.fi\/?product=ernst-498005-pakoputken-asennussarja","title":{"rendered":"ERNST 498005 Pakoputken asennussarja"},"content":{"rendered":"<p>L\u00e4pimitta [mm]: 48,5; Putkiliitokset: Kiristin; Putki-\u00d8 (mm): 45,0; Pakoputkisto: f\u00fcr Vorschalld\u00e4mpfer; VW: GOLF III 1H1,GOLF II 19E, 1G1,PASSAT Variant 3A5, 35I,GOLF I Cabriolet 155,GOLF III Cabriolet 1E7,GOLF III Variant 1H5,POLO 86C, 80,POLO Coupe 86C, 80,PASSAT 3A2, 35I,SCIROCCO 53B,VENTO 1H2,GOLF I 17,JETTA II 19E, 1G2, 165,PASSAT Variant 32B,PASSAT 32B,POLO Kasten 86CF,PASSAT Stufenheck 32B,SANTANA 32B; MAZDA: 3 BK,3 Stufenheck BK; SEAT: TOLEDO I 1L; OPEL: VECTRA C Caravan,SIGNUM,VECTRA C,VECTRA C GTS; FORD: FOCUS II Kombi DA_,FIESTA VI,FOCUS II DA_,FOCUS III Turnier,FOCUS C-MAX,C-MAX DM2,FOCUS III,C-MAX II,GRAND C-MAX,FOCUS II Stufenheck DA_,B-MAX JK,FOCUS II Cabriolet,FOCUS III Stufenheck; 90220093, 96081950, 96350173, 171522, 7625987, 7654353, 7731079, 1787788, 171522, 171588, 7703083265, 6U0253460A, 3923345, 949241, 968359; Putkenliitin, Pakoputkisto<\/p>\n","protected":false},"excerpt":{"rendered":"<p>ERNST Pakoputken Kiristin 498005 Putkenliitin, Pakoputkisto VW,MAZDA,SEAT,GOLF III 1H1,GOLF II 19E, 1G1,PASSAT Variant 3A5, 35I,GOLF I Cabriolet 155<\/p>\n","protected":false},"featured_media":0,"template":"","meta":{"site-sidebar-layout":"default","site-content-layout":"default","ast-global-header-display":"","ast-main-header-display":"","ast-hfb-above-header-display":"","ast-hfb-below-header-display":"","ast-hfb-mobile-header-display":"","site-post-title":"","ast-breadcrumbs-content":"","ast-featured-img":"","footer-sml-layout":"","theme-transparent-header-meta":"","adv-header-id-meta":"","stick-header-meta":"","header-above-stick-meta":"","header-main-stick-meta":"","header-below-stick-meta":""},"pwb-brand":[63],"product_cat":[101],"product_tag":[],"class_list":{"0":"post-41809","1":"product","2":"type-product","3":"status-publish","5":"pwb-brand-ernst","6":"product_cat-pakoputken-asennussarja","7":"desktop-align-left","8":"tablet-align-left","9":"mobile-align-left","11":"first","12":"instock","13":"product-type-external"},"brands":[{"id":63,"name":"ERNST","slug":"ernst"}],"_links":{"self":[{"href":"https:\/\/www.autonvaraosahaku.fi\/index.php?rest_route=\/wp\/v2\/product\/41809","targetHints":{"allow":["GET"]}}],"collection":[{"href":"https:\/\/www.autonvaraosahaku.fi\/index.php?rest_route=\/wp\/v2\/product"}],"about":[{"href":"https:\/\/www.autonvaraosahaku.fi\/index.php?rest_route=\/wp\/v2\/types\/product"}],"wp:attachment":[{"href":"https:\/\/www.autonvaraosahaku.fi\/index.php?rest_route=%2Fwp%2Fv2%2Fmedia&parent=41809"}],"wp:term":[{"taxonomy":"pwb-brand","embeddable":true,"href":"https:\/\/www.autonvaraosahaku.fi\/index.php?rest_route=%2Fwp%2Fv2%2Fpwb-brand&post=41809"},{"taxonomy":"product_cat","embeddable":true,"href":"https:\/\/www.autonvaraosahaku.fi\/index.php?rest_route=%2Fwp%2Fv2%2Fproduct_cat&post=41809"},{"taxonomy":"product_tag","embeddable":true,"href":"https:\/\/www.autonvaraosahaku.fi\/index.php?rest_route=%2Fwp%2Fv2%2Fproduct_tag&post=41809"}],"curies":[{"name":"wp","href":"https:\/\/api.w.org\/{rel}","templated":true}]}}