{"id":41814,"date":"2021-02-21T16:51:40","date_gmt":"2021-02-21T16:51:40","guid":{"rendered":"https:\/\/www.autonvaraosahaku.fi\/?product=lemforder-25924-01-alatukivarsi"},"modified":"2021-02-21T16:51:42","modified_gmt":"2021-02-21T16:51:42","slug":"lemforder-25924-01-alatukivarsi","status":"publish","type":"product","link":"https:\/\/www.autonvaraosahaku.fi\/?product=lemforder-25924-01-alatukivarsi","title":{"rendered":"LEMF\u00d6RDER 25924 01 Alatukivarsi"},"content":{"rendered":"<p>Asennuspuoli: Etuakseli, Alla, Vasen; Ohjausmalli: Poikittaistukivarsi; Materiaali: Ter\u00e4s; Korvaava tuote\/korvaava tiedote 2: Alapallo-\/pallonivelell\u00e4, Ilman kumilaakeria; Lis\u00e4tarvike\/lis\u00e4tieto: Ilman pidikett\u00e4; Reikien m\u00e4\u00e4r\u00e4: 5; Suositellun tarvikkeen tuotenumero: 38900 01; parilliset tuotenumerot: 25925 01; BMW: 3 Compact E36,3 E36,3 Coupe E36,Z3 E36,3 Cabriolet E36,3 Touring E36,Z3 Coupe E36; 1094275, 1136529, 1140399, 1140957, 2339997, 31121094275, 31121136529, 31121140399, 31121140957, 31122339997, 31126758513, 31126758515, 6758513, 6758515; Tukivarsi,Tukivarsi, Py\u00f6r\u00e4ntuenta<\/p>\n","protected":false},"excerpt":{"rendered":"<p>LEMF\u00d6RDER Alatukivarsi 25924 01 Tukivarsi,Tukivarsi, Py\u00f6r\u00e4ntuenta BMW,3 Compact E36,3 E36,3 Coupe E36,Z3 E36,3 Cabriolet E36,3 Touring E36<\/p>\n","protected":false},"featured_media":0,"template":"","meta":{"site-sidebar-layout":"default","site-content-layout":"default","ast-global-header-display":"","ast-main-header-display":"","ast-hfb-above-header-display":"","ast-hfb-below-header-display":"","ast-hfb-mobile-header-display":"","site-post-title":"","ast-breadcrumbs-content":"","ast-featured-img":"","footer-sml-layout":"","theme-transparent-header-meta":"","adv-header-id-meta":"","stick-header-meta":"","header-above-stick-meta":"","header-main-stick-meta":"","header-below-stick-meta":""},"pwb-brand":[77],"product_cat":[62],"product_tag":[],"class_list":{"0":"post-41814","1":"product","2":"type-product","3":"status-publish","5":"pwb-brand-lemforder","6":"product_cat-alatukivarsi","7":"desktop-align-left","8":"tablet-align-left","9":"mobile-align-left","11":"first","12":"instock","13":"product-type-external"},"brands":[{"id":77,"name":"LEMF\u00d6RDER","slug":"lemforder"}],"_links":{"self":[{"href":"https:\/\/www.autonvaraosahaku.fi\/index.php?rest_route=\/wp\/v2\/product\/41814","targetHints":{"allow":["GET"]}}],"collection":[{"href":"https:\/\/www.autonvaraosahaku.fi\/index.php?rest_route=\/wp\/v2\/product"}],"about":[{"href":"https:\/\/www.autonvaraosahaku.fi\/index.php?rest_route=\/wp\/v2\/types\/product"}],"wp:attachment":[{"href":"https:\/\/www.autonvaraosahaku.fi\/index.php?rest_route=%2Fwp%2Fv2%2Fmedia&parent=41814"}],"wp:term":[{"taxonomy":"pwb-brand","embeddable":true,"href":"https:\/\/www.autonvaraosahaku.fi\/index.php?rest_route=%2Fwp%2Fv2%2Fpwb-brand&post=41814"},{"taxonomy":"product_cat","embeddable":true,"href":"https:\/\/www.autonvaraosahaku.fi\/index.php?rest_route=%2Fwp%2Fv2%2Fproduct_cat&post=41814"},{"taxonomy":"product_tag","embeddable":true,"href":"https:\/\/www.autonvaraosahaku.fi\/index.php?rest_route=%2Fwp%2Fv2%2Fproduct_tag&post=41814"}],"curies":[{"name":"wp","href":"https:\/\/api.w.org\/{rel}","templated":true}]}}