{"id":41821,"date":"2021-02-21T16:51:44","date_gmt":"2021-02-21T16:51:44","guid":{"rendered":"https:\/\/www.autonvaraosahaku.fi\/?product=lemforder-13676-02-alatukivarsi"},"modified":"2021-02-21T16:51:44","modified_gmt":"2021-02-21T16:51:44","slug":"lemforder-13676-02-alatukivarsi","status":"publish","type":"product","link":"https:\/\/www.autonvaraosahaku.fi\/?product=lemforder-13676-02-alatukivarsi","title":{"rendered":"LEMF\u00d6RDER 13676 02 Alatukivarsi"},"content":{"rendered":"<p>Asennuspuoli: Etuakseli, Alla, Vasen, Takana; Ohjausmalli: Poikittaistukivarsi; Korvaava tuote\/korvaava tiedote 2: Kumilaakerilla; Lis\u00e4tarvike\/lis\u00e4tieto: Tarvikkeilla; parilliset tuotenumerot: 13677 02; Alustanumeroon: 8H-6-905 000; VW: PASSAT Variant 3B6,PASSAT Variant 3B5,PASSAT 3B2,PASSAT 3B3; AUDI: A4 8D2, B5,A4 Avant 8ED, B7,A4 Avant 8E5, B6,A6 Avant 4B5, C5,A4 Avant 8D5, B5,A4 8E2, B6,A6 4B2, C5,A4 Cabriolet 8H7, B6, 8HE, B7,A8 4D2, 4D8; SKODA: SUPERB 3U4; 4D0407693AC, 4D0407693AD, 4D0407693E, 4D0407693H, 4D0407693K, 4D0407693M, 4D0407693N, 4D0407693P, 8E0407693, 8E0407693AG, 8E0407693E, 8E0407693H, 8E0407693K, 8E0407693P, 8E0407693Q, 4D0407693P, 4D0407693AC, 4D0407693E, 4D0407693H, 4D0407693K, 4D0407693M, 4D0407693N, 4D0407693P, 8E0407693, 8E0407693AG, 8E0407693E, 8E0407693H, 8E0407693K, 8E0407693P, 8E0407693Q, 4D0407693AC, 4D0407693AD, 4D0407693E, 4D0407693H, 4D0407693K, 4D0407693M, 4D0407693N, 4D0407693P, 8E0407693, 8E0407693AG, 8E0407693E, 8E0407693H, 8E0407693K, 8E0407693P, 8E0407693Q; Tukivarsi,Tukivarsi, Py\u00f6r\u00e4ntuenta<\/p>\n","protected":false},"excerpt":{"rendered":"<p>LEMF\u00d6RDER Alatukivarsi 13676 02 Tukivarsi,Tukivarsi, Py\u00f6r\u00e4ntuenta VW,AUDI,SKODA,PASSAT Variant 3B6,PASSAT Variant 3B5,PASSAT 3B2,PASSAT 3B3,A4 8D2, B5<\/p>\n","protected":false},"featured_media":0,"template":"","meta":{"site-sidebar-layout":"default","site-content-layout":"default","ast-global-header-display":"","ast-main-header-display":"","ast-hfb-above-header-display":"","ast-hfb-below-header-display":"","ast-hfb-mobile-header-display":"","site-post-title":"","ast-breadcrumbs-content":"","ast-featured-img":"","footer-sml-layout":"","theme-transparent-header-meta":"","adv-header-id-meta":"","stick-header-meta":"","header-above-stick-meta":"","header-main-stick-meta":"","header-below-stick-meta":""},"pwb-brand":[77],"product_cat":[62],"product_tag":[],"class_list":{"0":"post-41821","1":"product","2":"type-product","3":"status-publish","5":"pwb-brand-lemforder","6":"product_cat-alatukivarsi","7":"desktop-align-left","8":"tablet-align-left","9":"mobile-align-left","11":"first","12":"instock","13":"product-type-external"},"brands":[{"id":77,"name":"LEMF\u00d6RDER","slug":"lemforder"}],"_links":{"self":[{"href":"https:\/\/www.autonvaraosahaku.fi\/index.php?rest_route=\/wp\/v2\/product\/41821","targetHints":{"allow":["GET"]}}],"collection":[{"href":"https:\/\/www.autonvaraosahaku.fi\/index.php?rest_route=\/wp\/v2\/product"}],"about":[{"href":"https:\/\/www.autonvaraosahaku.fi\/index.php?rest_route=\/wp\/v2\/types\/product"}],"wp:attachment":[{"href":"https:\/\/www.autonvaraosahaku.fi\/index.php?rest_route=%2Fwp%2Fv2%2Fmedia&parent=41821"}],"wp:term":[{"taxonomy":"pwb-brand","embeddable":true,"href":"https:\/\/www.autonvaraosahaku.fi\/index.php?rest_route=%2Fwp%2Fv2%2Fpwb-brand&post=41821"},{"taxonomy":"product_cat","embeddable":true,"href":"https:\/\/www.autonvaraosahaku.fi\/index.php?rest_route=%2Fwp%2Fv2%2Fproduct_cat&post=41821"},{"taxonomy":"product_tag","embeddable":true,"href":"https:\/\/www.autonvaraosahaku.fi\/index.php?rest_route=%2Fwp%2Fv2%2Fproduct_tag&post=41821"}],"curies":[{"name":"wp","href":"https:\/\/api.w.org\/{rel}","templated":true}]}}