{"id":41875,"date":"2021-02-21T16:51:53","date_gmt":"2021-02-21T16:51:53","guid":{"rendered":"https:\/\/www.autonvaraosahaku.fi\/?product=sachs-1863-869-010-muut-luokat"},"modified":"2021-02-21T16:51:56","modified_gmt":"2021-02-21T16:51:56","slug":"sachs-1863-869-010-muut-luokat","status":"publish","type":"product","link":"https:\/\/www.autonvaraosahaku.fi\/?product=sachs-1863-869-010-muut-luokat","title":{"rendered":"SACHS 1863 869 010 Muut luokat"},"content":{"rendered":"<p>L\u00e4pimitta [mm]: 35; Ulkol\u00e4pimitta [mm]: 35; Sis\u00e4l\u00e4pimitta [mm]: 15; Leveys (mm): 11; Laakerityyppi: Kuulalaakeri; Alustanumeroon: A521683; MERCEDES-BENZ: C-CLASS W202,190 W201,SLK R170,E-CLASS W210,Stufenheck W124,E-CLASS Kombi S210,CLK C208,SL R107,C-CLASS Kombi S202,Stufenheck W123,S-CLASS W126,KOMBI Kombi S124,E-CLASS W124,VITO Bus 638,CLK Cabriolet A208,COUPE C124,G-CLASS W460,E-CLASS Kombi S124,COUPE C123,SPRINTER 3-t Kasten 903,SPRINTER 2-t Bus 901, 902,V-CLASS 638\/2,G-CLASS W461,SPRINTER 2-t Kasten 901, 902,SPRINTER 3-t Bus 903,KOMBI Kombi S123,SPRINTER 3-t Pritsche\/Fahrgestell 903,T1 Bus 601,VITO Kasten 638,E-CLASS Cabriolet A124,E-CLASS Coupe C124,T1 Pritsche\/Fahrgestell 602,T2\/L Kasten\/Kombi,T1 Kasten 602,SPRINTER 4-t Pritsche\/Fahrgestell 904,T1 Pritsche\/Fahrgestell 601,T2\/LN1 Kasten\/Kombi,SPRINTER 2-t Pritsche\/Fahrgestell 901, 902,T1 Kasten 601,SPRINTER 4-t Kasten 904,T2\/L Pritsche\/Fahrgestell,T1 Bus 602,T2\/LN1 Pritsche\/Fahrgestell,SPRINTER 4-t Bus 904,T2\/L Kommunalfahrzeug,T2\/LN1 Kipper,T2\/L Kipper,UNIMOG; PUCH: G-MODELL W 460,G-MODELL W 461; 1029800315, 1029810125, 1159800015, 1159800115, A1029800315, A1029810125, A1159800015, A1159800115; Ohjaislaakeri, Kytkin<\/p>\n","protected":false},"excerpt":{"rendered":"<p>SACHS Ohjainlaakeri Kytkin 1863 869 010 Ohjaislaakeri, Kytkin MERCEDES-BENZ,PUCH,C-CLASS W202,190 W201,SLK R170,E-CLASS W210,Stufenheck W124<\/p>\n","protected":false},"featured_media":0,"template":"","meta":{"site-sidebar-layout":"default","site-content-layout":"default","ast-global-header-display":"","ast-main-header-display":"","ast-hfb-above-header-display":"","ast-hfb-below-header-display":"","ast-hfb-mobile-header-display":"","site-post-title":"","ast-breadcrumbs-content":"","ast-featured-img":"","footer-sml-layout":"","theme-transparent-header-meta":"","adv-header-id-meta":"","stick-header-meta":"","header-above-stick-meta":"","header-main-stick-meta":"","header-below-stick-meta":""},"pwb-brand":[91],"product_cat":[37],"product_tag":[],"class_list":{"0":"post-41875","1":"product","2":"type-product","3":"status-publish","5":"pwb-brand-sachs","6":"product_cat-muut-luokat","7":"desktop-align-left","8":"tablet-align-left","9":"mobile-align-left","11":"first","12":"instock","13":"product-type-external"},"brands":[{"id":91,"name":"SACHS","slug":"sachs"}],"_links":{"self":[{"href":"https:\/\/www.autonvaraosahaku.fi\/index.php?rest_route=\/wp\/v2\/product\/41875","targetHints":{"allow":["GET"]}}],"collection":[{"href":"https:\/\/www.autonvaraosahaku.fi\/index.php?rest_route=\/wp\/v2\/product"}],"about":[{"href":"https:\/\/www.autonvaraosahaku.fi\/index.php?rest_route=\/wp\/v2\/types\/product"}],"wp:attachment":[{"href":"https:\/\/www.autonvaraosahaku.fi\/index.php?rest_route=%2Fwp%2Fv2%2Fmedia&parent=41875"}],"wp:term":[{"taxonomy":"pwb-brand","embeddable":true,"href":"https:\/\/www.autonvaraosahaku.fi\/index.php?rest_route=%2Fwp%2Fv2%2Fpwb-brand&post=41875"},{"taxonomy":"product_cat","embeddable":true,"href":"https:\/\/www.autonvaraosahaku.fi\/index.php?rest_route=%2Fwp%2Fv2%2Fproduct_cat&post=41875"},{"taxonomy":"product_tag","embeddable":true,"href":"https:\/\/www.autonvaraosahaku.fi\/index.php?rest_route=%2Fwp%2Fv2%2Fproduct_tag&post=41875"}],"curies":[{"name":"wp","href":"https:\/\/api.w.org\/{rel}","templated":true}]}}