{"id":41886,"date":"2021-02-21T16:51:57","date_gmt":"2021-02-21T16:51:57","guid":{"rendered":"https:\/\/www.autonvaraosahaku.fi\/?product=herthbuss-jakoparts-j1314018-oljynsuodatin"},"modified":"2021-02-21T16:51:59","modified_gmt":"2021-02-21T16:51:59","slug":"herthbuss-jakoparts-j1314018-oljynsuodatin","status":"publish","type":"product","link":"https:\/\/www.autonvaraosahaku.fi\/?product=herthbuss-jakoparts-j1314018-oljynsuodatin","title":{"rendered":"HERTH+BUSS JAKOPARTS J1314018 \u00d6ljynsuodatin"},"content":{"rendered":"<p>Suodatintyyppi: Ruuvattava suodatin; Pituus (mm): 85; Ulkol\u00e4pimitta [mm]: 67; Sis\u00e4kierre (mm): M20 x 1,5; Suositellun erikoisty\u00f6kalun tuotenumero: J9131003, J9131002; Valmistusvuosi alkaen: 05\/1994; OPEL: MONTEREY B; HONDA: CIVIC VII Hatchback EU, EP, EV,CIVIC VI Hatchback EJ, EK,ACCORD VIII CU,ACCORD VI CG, CK,ACCORD VIII Kombi,CIVIC VI Fastback MA, MB,CRX III EH, EG,LOGO GA3,CIVIC VI Aerodeck MB, MC,CR-V I RD,HR-V GH,CRX II ED, EE,CIVIC V Hatchback EG,PRELUDE V BB,ACCORD VI Hatchback CH,ACCORD VI Coupe CG,CIVIC IV Hatchback EC, ED, EE,ACCORD V CE, CF,CIVIC VI Stufenheck EJ, EK,PRELUDE IV BB,CIVIC VI Coupe EJ, EM1,SHUTTLE RA,INTEGRA Coupe DC2, DC4,CIVIC V Coupe EJ,CIVIC VII Stufenheck ES,PRELUDE III BA,ACCORD IV CB,CIVIC V Stufenheck EG, EH,ACCORD V Aerodeck CE,ACCORD V CC, CD,LEGEND III KA9,ACCORD V Coupe CD,CIVIC IX Stufenheck FB, FG,CONCERTO HW,CIVIC IV Stufenheck ED,PRELUDE II AB,ACCORD III CA,ACCORD IV Aerodeck CB,CONCERTO Stufenheck HWW,ACCORD III Aerodeck CA,ACCORD IV Coupe CB, CC,CIVIC II Shuttle EE,ACCORD II Hatchback AC, AD,ACCORD II AC, AD; 15400P3RT01, 15400PC6003, 15400PC6004, 15400PC6405, 15400PH1003, 15400PH1004, 15400PH1014, 15400PH1F01, 15400PH1F02, 15400PH1F03, 15400PH1F04, 15400PH3003, 15400PH3004, 15400PH4K02, 15400PK1003, 15400PMET01, 15400PR3003, 15400PR3004, 15400PR3005, 15400PR3014, 15400PR3305, 15400PR3315, 15400PR3405, 15400PR3406, 15400PT1K01, 15400PT1K02, 15400PT1K04, 15400PT7004, 15400PT7005, 15400PT7006, 15400R5GH01, 15400RBAF01, AY100HN022, 649006, 93156769, 93156956, 649006, 93156769, 93156956<\/p>\n","protected":false},"excerpt":{"rendered":"<p>HERTH+BUSS JAKOPARTS \u00d6ljynsuodatin J1314018  OPEL,HONDA,MONTEREY B,CIVIC VII Hatchback EU, EP, EV,CIVIC VI Hatchback EJ, EK,ACCORD VIII CU<\/p>\n","protected":false},"featured_media":0,"template":"","meta":{"site-sidebar-layout":"default","site-content-layout":"default","ast-global-header-display":"","ast-main-header-display":"","ast-hfb-above-header-display":"","ast-hfb-below-header-display":"","ast-hfb-mobile-header-display":"","site-post-title":"","ast-breadcrumbs-content":"","ast-featured-img":"","footer-sml-layout":"","theme-transparent-header-meta":"","adv-header-id-meta":"","stick-header-meta":"","header-above-stick-meta":"","header-main-stick-meta":"","header-below-stick-meta":""},"pwb-brand":[416],"product_cat":[30],"product_tag":[],"class_list":{"0":"post-41886","1":"product","2":"type-product","3":"status-publish","5":"pwb-brand-herthbuss-jakoparts","6":"product_cat-oljynsuodatin","7":"desktop-align-left","8":"tablet-align-left","9":"mobile-align-left","11":"first","12":"instock","13":"product-type-external"},"brands":[{"id":416,"name":"HERTH+BUSS JAKOPARTS","slug":"herthbuss-jakoparts"}],"_links":{"self":[{"href":"https:\/\/www.autonvaraosahaku.fi\/index.php?rest_route=\/wp\/v2\/product\/41886","targetHints":{"allow":["GET"]}}],"collection":[{"href":"https:\/\/www.autonvaraosahaku.fi\/index.php?rest_route=\/wp\/v2\/product"}],"about":[{"href":"https:\/\/www.autonvaraosahaku.fi\/index.php?rest_route=\/wp\/v2\/types\/product"}],"wp:attachment":[{"href":"https:\/\/www.autonvaraosahaku.fi\/index.php?rest_route=%2Fwp%2Fv2%2Fmedia&parent=41886"}],"wp:term":[{"taxonomy":"pwb-brand","embeddable":true,"href":"https:\/\/www.autonvaraosahaku.fi\/index.php?rest_route=%2Fwp%2Fv2%2Fpwb-brand&post=41886"},{"taxonomy":"product_cat","embeddable":true,"href":"https:\/\/www.autonvaraosahaku.fi\/index.php?rest_route=%2Fwp%2Fv2%2Fproduct_cat&post=41886"},{"taxonomy":"product_tag","embeddable":true,"href":"https:\/\/www.autonvaraosahaku.fi\/index.php?rest_route=%2Fwp%2Fv2%2Fproduct_tag&post=41886"}],"curies":[{"name":"wp","href":"https:\/\/api.w.org\/{rel}","templated":true}]}}