{"id":41888,"date":"2021-02-21T16:51:57","date_gmt":"2021-02-21T16:51:57","guid":{"rendered":"https:\/\/www.autonvaraosahaku.fi\/?product=ferodo-fsb27-jarrukengat"},"modified":"2021-02-21T16:51:59","modified_gmt":"2021-02-21T16:51:59","slug":"ferodo-fsb27-jarrukengat","status":"publish","type":"product","link":"https:\/\/www.autonvaraosahaku.fi\/?product=ferodo-fsb27-jarrukengat","title":{"rendered":"FERODO FSB27 Jarrukeng\u00e4t"},"content":{"rendered":"<p>Paksuus [mm]: 4; Tarkistuskilpi: E190R01440\/056; Leveys (mm): 31; Paino [kg]: 1,234; Rumpul\u00e4pimitta: 185; Jarruj\u00e4rjestelm\u00e4: Fiat; Pakkauspituus [cm]: 21,4; Pakkausleveys [cm]: 12,6; Pakkauskorkeus [mm]: 7,4; Tuotelinja: PREMIER; Asennuspuoli: Hinterachse; SEAT: MARBELLA 28,IBIZA I 021A,TERRA Kasten 024A,127 127A,MARBELLA Kasten 028A,MALAGA 023A,TERRA 24,133,850,128,RONDA 022A,PANDA 141A,FURA 025A,RITMO 138; LANCIA: DELTA I 831AB0,Y10 156,A 112,PRISMA 831AB0; FIAT: SEICENTO 187,PUNTO 176,CINQUECENTO 170,PANDA 141A_,PUNTO Cabriolet 176C,126,500,UNO 146A\/E,127,FIORINO Kasten 146,SEICENTO Van 187,850 Spider,TIPO 160,850,128 Coupe,128,850 Coupe,PANDA Van 141_,TEMPRA 159,RITMO I 138A,PUNTO Van 176L,FIORINO Pick up 146,500 Kombi,FIORINO 147,REGATA 138,RITMO Cabriolet,127 Panorama,128 Familiare,FIORINO 127,147,FIORINO Pick up 147,REGATA Weekend 138,147 Panorama,DUNA 146 B,ELBA 146_,DUNA Weekend 146 B; AUTOBIANCHI: A 112,Y10; ZASTAVA: 750,101 1100,YUGO,YUGO FLORIDA; INNOCENTI: MINI,ELBA 146; 39722199, 39722399, 53721199, 557201199, 57201114, 5880891, 5881040, 588144, 5888144, 5890763, 94973449, 95880891, 9945371, 4382264, 4460028, 5880891, 5881040, 5881050, 5881214, 5888144, 5889222, 5889286, 5889289, 5890763, 7074668, 985853528, 9945371, 9945640, 57201114, 5888144, 6557201119, 7075551, 7075552, 9945371, 5881040, 5888144, 9945371, 4431356, 5881214, 5888144, 985853528, SE021165299A, SE028165299B, 3516112, 4216652, 4352373, 43523735, 4373442, 4382264, 46602666, 46619312, 46619313, 46619464, 46619465, 46627513, 46627514, 5888144; Jarrukenk\u00e4sarja<\/p>\n","protected":false},"excerpt":{"rendered":"<p>FERODO Jarrukeng\u00e4t FSB27 Jarrukenk\u00e4sarja SEAT,LANCIA,FIAT,MARBELLA 28,IBIZA I 021A,TERRA Kasten 024A,127 127A,MARBELLA Kasten 028A,MALAGA 023A<\/p>\n","protected":false},"featured_media":0,"template":"","meta":{"site-sidebar-layout":"default","site-content-layout":"default","ast-global-header-display":"","ast-main-header-display":"","ast-hfb-above-header-display":"","ast-hfb-below-header-display":"","ast-hfb-mobile-header-display":"","site-post-title":"","ast-breadcrumbs-content":"","ast-featured-img":"","footer-sml-layout":"","theme-transparent-header-meta":"","adv-header-id-meta":"","stick-header-meta":"","header-above-stick-meta":"","header-main-stick-meta":"","header-below-stick-meta":""},"pwb-brand":[298],"product_cat":[176],"product_tag":[],"class_list":{"0":"post-41888","1":"product","2":"type-product","3":"status-publish","5":"pwb-brand-ferodo","6":"product_cat-jarrukengat","7":"desktop-align-left","8":"tablet-align-left","9":"mobile-align-left","11":"first","12":"instock","13":"product-type-external"},"brands":[{"id":298,"name":"FERODO","slug":"ferodo"}],"_links":{"self":[{"href":"https:\/\/www.autonvaraosahaku.fi\/index.php?rest_route=\/wp\/v2\/product\/41888","targetHints":{"allow":["GET"]}}],"collection":[{"href":"https:\/\/www.autonvaraosahaku.fi\/index.php?rest_route=\/wp\/v2\/product"}],"about":[{"href":"https:\/\/www.autonvaraosahaku.fi\/index.php?rest_route=\/wp\/v2\/types\/product"}],"wp:attachment":[{"href":"https:\/\/www.autonvaraosahaku.fi\/index.php?rest_route=%2Fwp%2Fv2%2Fmedia&parent=41888"}],"wp:term":[{"taxonomy":"pwb-brand","embeddable":true,"href":"https:\/\/www.autonvaraosahaku.fi\/index.php?rest_route=%2Fwp%2Fv2%2Fpwb-brand&post=41888"},{"taxonomy":"product_cat","embeddable":true,"href":"https:\/\/www.autonvaraosahaku.fi\/index.php?rest_route=%2Fwp%2Fv2%2Fproduct_cat&post=41888"},{"taxonomy":"product_tag","embeddable":true,"href":"https:\/\/www.autonvaraosahaku.fi\/index.php?rest_route=%2Fwp%2Fv2%2Fproduct_tag&post=41888"}],"curies":[{"name":"wp","href":"https:\/\/api.w.org\/{rel}","templated":true}]}}