{"id":41909,"date":"2021-02-21T16:52:02","date_gmt":"2021-02-21T16:52:02","guid":{"rendered":"https:\/\/www.autonvaraosahaku.fi\/?product=goetze-engine-08-154600-00-mannanrenkaat"},"modified":"2021-02-21T16:52:04","modified_gmt":"2021-02-21T16:52:04","slug":"goetze-engine-08-154600-00-mannanrenkaat","status":"publish","type":"product","link":"https:\/\/www.autonvaraosahaku.fi\/?product=goetze-engine-08-154600-00-mannanrenkaat","title":{"rendered":"GOETZE ENGINE 08-154600-00 M\u00e4nn\u00e4nrenkaat"},"content":{"rendered":"<p>Sylinterin halkaisija [mm]: 86,00; Komponenttinumero: 1.5mm 001IF MO P IKA, 1.75mm 026 P GOE13, 3.0mm 712 CR ST; Vakiomitta (STD): ; TECDOC-moottorinumero: 729; LANCIA: ZETA 220; FIAT: DUCATO Pritsche\/Fahrgestell 230,DUCATO Bus 230,DUCATO Kasten 230L,ULYSSE 220; CITRO\u00cbN: XSARA N1,XSARA Break N2,JUMPER Kasten 244,XM Y4,XANTIA X2,XSARA Coupe N0,XANTIA X1,EVASION 22, U6,ZX N2,JUMPER Kasten 230L,JUMPER Bus 244, Z_,XM Y3,XANTIA Break X1,JUMPER Bus 230P,ZX Break N2,XM Break Y4,JUMPER Pritsche\/Fahrgestell 230,XM Break Y3; PEUGEOT: 306 Schr\u00e4gheck 7A, 7C, N3, N5,306 Cabriolet 7D, N3, N5,406 Break 8E\/F,406 Coupe 8C,306 Break 7E, N3, N5,406 8B,806 221,BOXER Kasten 230L,306 7B, N3, N5,BOXER Bus 230P,BOXER Pritsche\/Fahrgestell ZCT_,605 6B,405 II 4B,405 II Break 4E; 95650954, 9567523380; M\u00e4nn\u00e4nrengassarja<\/p>\n","protected":false},"excerpt":{"rendered":"<p>GOETZE ENGINE M\u00e4nn\u00e4nrenkaat 08-154600-00 M\u00e4nn\u00e4nrengassarja LANCIA,FIAT,CITRO\u00cbN,ZETA 220,DUCATO Pritsche\/Fahrgestell 230,DUCATO Bus 230<\/p>\n","protected":false},"featured_media":0,"template":"","meta":{"site-sidebar-layout":"default","site-content-layout":"default","ast-global-header-display":"","ast-main-header-display":"","ast-hfb-above-header-display":"","ast-hfb-below-header-display":"","ast-hfb-mobile-header-display":"","site-post-title":"","ast-breadcrumbs-content":"","ast-featured-img":"","footer-sml-layout":"","theme-transparent-header-meta":"","adv-header-id-meta":"","stick-header-meta":"","header-above-stick-meta":"","header-main-stick-meta":"","header-below-stick-meta":""},"pwb-brand":[224],"product_cat":[154],"product_tag":[],"class_list":{"0":"post-41909","1":"product","2":"type-product","3":"status-publish","5":"pwb-brand-goetze-engine","6":"product_cat-mannanrenkaat","7":"desktop-align-left","8":"tablet-align-left","9":"mobile-align-left","11":"first","12":"instock","13":"product-type-external"},"brands":[{"id":224,"name":"GOETZE ENGINE","slug":"goetze-engine"}],"_links":{"self":[{"href":"https:\/\/www.autonvaraosahaku.fi\/index.php?rest_route=\/wp\/v2\/product\/41909","targetHints":{"allow":["GET"]}}],"collection":[{"href":"https:\/\/www.autonvaraosahaku.fi\/index.php?rest_route=\/wp\/v2\/product"}],"about":[{"href":"https:\/\/www.autonvaraosahaku.fi\/index.php?rest_route=\/wp\/v2\/types\/product"}],"wp:attachment":[{"href":"https:\/\/www.autonvaraosahaku.fi\/index.php?rest_route=%2Fwp%2Fv2%2Fmedia&parent=41909"}],"wp:term":[{"taxonomy":"pwb-brand","embeddable":true,"href":"https:\/\/www.autonvaraosahaku.fi\/index.php?rest_route=%2Fwp%2Fv2%2Fpwb-brand&post=41909"},{"taxonomy":"product_cat","embeddable":true,"href":"https:\/\/www.autonvaraosahaku.fi\/index.php?rest_route=%2Fwp%2Fv2%2Fproduct_cat&post=41909"},{"taxonomy":"product_tag","embeddable":true,"href":"https:\/\/www.autonvaraosahaku.fi\/index.php?rest_route=%2Fwp%2Fv2%2Fproduct_tag&post=41909"}],"curies":[{"name":"wp","href":"https:\/\/api.w.org\/{rel}","templated":true}]}}